{"id":9021,"date":"2023-09-22T08:51:45","date_gmt":"2023-09-22T06:51:45","guid":{"rendered":"https:\/\/www.kanzlei-steinwachs.de\/ley-de-proteccion-al-inversor\/"},"modified":"2023-10-25T08:23:56","modified_gmt":"2023-10-25T06:23:56","slug":"ley-de-proteccion-al-inversor","status":"publish","type":"page","link":"https:\/\/www.kanzlei-steinwachs.de\/es\/ley-de-proteccion-al-inversor\/","title":{"rendered":"Ley de protecci\u00f3n al inversor"},"content":{"rendered":"<div class=\"wpb-content-wrapper\"><p>[vc_row triangle_shape=\u00bbno\u00bb css=\u00bb.vc_custom_1695367534935{padding-bottom: 20px !important;}\u00bb][vc_column][vc_column_text]La crisis financiera acaba de demostrar lo r\u00e1pido que se pueden perder inversiones supuestamente seguras. Por lo tanto, la protecci\u00f3n eficaz de los inversores por parte de un abogado especializado en protecci\u00f3n de inversores es m\u00e1s importante que nunca. Adem\u00e1s, la inversi\u00f3n inmobiliaria, que durante mucho tiempo se ha considerado una inversi\u00f3n segura, se ha convertido y se est\u00e1 convirtiendo en una trampa de deuda para muchos.<\/p>\n<p>[\/vc_column_text][\/vc_column][\/vc_row][vc_row triangle_shape=\u00bbno\u00bb css=\u00bb.vc_custom_1695367544870{padding-bottom: 20px !important;}\u00bb][vc_column][vc_column_text]Las razones de esto son diversas. Por un lado, est\u00e1 el consumidor que ha superado sus l\u00edmites financieros para el objeto\/producto deseado o que no ha evaluado adecuadamente los riesgos asociados a la inversi\u00f3n con la esperanza de obtener rendimientos superiores a la media. grupos de proveedores dudosos y bien organizados que encuentran a sus v\u00edctimas con falsas promesas e informaci\u00f3n embellecida o completamente falsa. Los modelos con los que los consumidores se ven privados de sus bienes y, a menudo, de su seguridad de jubilaci\u00f3n en el llamado mercado gris de capitales no s\u00f3lo son inagotables, sino que los procedimientos tambi\u00e9n son cada vez m\u00e1s p\u00e9rfidos.<\/p>\n<p>[\/vc_column_text][\/vc_column][\/vc_row][vc_row triangle_shape=\u00bbno\u00bb css=\u00bb.vc_custom_1695367576149{padding-bottom: 20px !important;}\u00bb][vc_column][vc_column_text]Para lograr su objetivo, los distribuidores colaboran a menudo con notarios y bancos sin escr\u00fapulos en los que los inversores conf\u00edan fundamentalmente, y de esta manera pueden eludir por completo la protecci\u00f3n de sus v\u00edctimas.<\/p>\n<p>[\/vc_column_text][\/vc_column][\/vc_row][vc_row triangle_shape=\u00bbno\u00bb css=\u00bb.vc_custom_1695367583253{padding-bottom: 20px !important;}\u00bb][vc_column][vc_column_text]Los da\u00f1os causados \u200b\u200bpor errores en el asesoramiento o por un asesoramiento intencionalmente incorrecto normalmente s\u00f3lo se manifiestan despu\u00e9s de varios a\u00f1os. La necesidad de actuar inmediatamente surge tan pronto como el inversor se ve amenazado por su responsabilidad personal y, a menudo, incluso por su insolvencia personal. En esta situaci\u00f3n, se requiere el conocimiento profundo de un abogado con experiencia en protecci\u00f3n de inversores para poder identificar e implementar las opciones de recuperaci\u00f3n del capital invertido.<\/p>\n<p>[\/vc_column_text][\/vc_column][\/vc_row][vc_row triangle_shape=\u00bbno\u00bb css=\u00bb.vc_custom_1695367589669{padding-bottom: 20px !important;}\u00bb][vc_column][vc_column_text]El objetivo del trabajo del despacho de abogados STEINWACHS es poner a los inversores en una posici\u00f3n como si nunca hubieran adquirido su \u201cinversi\u00f3n\u201d, cancelando los contratos subyacentes y compensando los da\u00f1os. Para ello, en la medida de lo posible se llevan a cabo investigaciones propias, se siguen y apoyan las investigaciones de las fiscal\u00edas, que a menudo ya est\u00e1n implicadas, y se mantiene contacto con las asociaciones pertinentes de protecci\u00f3n del consumidor y con los colegas que trabajan en el tema. mismo asunto. Adem\u00e1s, idealmente se puede aprovechar el conocimiento y las pruebas de otros inversores perjudicados.<\/p>\n<p>[\/vc_column_text][\/vc_column][\/vc_row][vc_row triangle_shape=\u00bbno\u00bb css=\u00bb.vc_custom_1695367594597{padding-bottom: 20px !important;}\u00bb][vc_column][vc_column_text]Especialmente en el \u00e1mbito de la venta de propiedades caras y denominadas \u201cbasura\u201d, se teme que el \u201cbrusco despertar\u201d para innumerables v\u00edctimas a\u00fan est\u00e9 por llegar, a pesar de los miles y miles de demandas que ya se han presentado.<\/p>\n<p>[\/vc_column_text][\/vc_column][\/vc_row][vc_row triangle_shape=\u00bbno\u00bb css=\u00bb.vc_custom_1695367601661{padding-bottom: 20px !important;}\u00bb][vc_column][vc_column_text]Tenga en cuenta tambi\u00e9n nuestro blog sobre el tema: www.schrottimmobilien.net<\/p>\n<p>[\/vc_column_text][\/vc_column][\/vc_row][vc_row triangle_shape=\u00bbno\u00bb][vc_column][vc_column_text]Responsable del contenido de la p\u00e1gina Abogado Ley de Protecci\u00f3n de Inversores Hamburgo Berl\u00edn Bremen: Abogado Stephan Steinwachs (Abogado Hamburgo Berl\u00edn Bremen)<br \/>\n[\/vc_column_text][\/vc_column][\/vc_row]<\/p>\n<\/div>","protected":false},"excerpt":{"rendered":"<p>[vc_row triangle_shape=\u00bbno\u00bb css=\u00bb.vc_custom_1695367534935{padding-bottom: 20px !important;}\u00bb][vc_column][vc_column_text]La crisis financiera acaba de demostrar lo r\u00e1pido que se pueden perder inversiones supuestamente seguras. Por lo tanto, la protecci\u00f3n eficaz de los inversores por parte de un abogado especializado en protecci\u00f3n de inversores es m\u00e1s importante que nunca. Adem\u00e1s, la inversi\u00f3n inmobiliaria, que durante mucho tiempo se ha considerado una inversi\u00f3n segura, se ha convertido y se est\u00e1 convirtiendo en una trampa de deuda para muchos. [\/vc_column_text][\/vc_column][\/vc_row][vc_row triangle_shape=\u00bbno\u00bb css=\u00bb.vc_custom_1695367544870{padding-bottom: 20px !important;}\u00bb][vc_column][vc_column_text]Las razones de esto son diversas. Por un lado, est\u00e1 el consumidor que ha superado sus l\u00edmites financieros para el objeto\/producto deseado o que no&#8230;<\/p>\n","protected":false},"author":1,"featured_media":0,"parent":0,"menu_order":0,"comment_status":"closed","ping_status":"closed","template":"","meta":{"footnotes":""},"class_list":["post-9021","page","type-page","status-publish","hentry"],"yoast_head":"<!-- This site is optimized with the Yoast SEO Premium plugin v27.2 (Yoast SEO v27.3) - https:\/\/yoast.com\/product\/yoast-seo-premium-wordpress\/ -->\n<title>Rechtsanwaltskanzlei in Hamburg Berlin Bremen Hannover L\u00fcbeck<\/title>\n<meta name=\"description\" content=\"Rechtsanwaltskanzlei f\u00fcr Arbeitsrecht, Arzthaftung, Mietrecht, Gewerbemietrecht ,Gastronomierecht, Immobilienrecht, Schadensersatz Yachtrecht\" \/>\n<meta name=\"robots\" content=\"index, follow, max-snippet:-1, max-image-preview:large, max-video-preview:-1\" \/>\n<link rel=\"canonical\" href=\"https:\/\/www.kanzlei-steinwachs.de\/es\/ley-de-proteccion-al-inversor\/\" \/>\n<meta property=\"og:locale\" content=\"es_ES\" \/>\n<meta property=\"og:type\" content=\"article\" \/>\n<meta property=\"og:title\" content=\"Rechtsanwaltskanzlei in Hamburg Berlin Bremen Hannover L\u00fcbeck\" \/>\n<meta property=\"og:description\" content=\"Rechtsanwaltskanzlei f\u00fcr Arbeitsrecht, Arzthaftung, Mietrecht, Gewerbemietrecht ,Gastronomierecht, Immobilienrecht, Schadensersatz Yachtrecht\" \/>\n<meta property=\"og:url\" content=\"https:\/\/www.kanzlei-steinwachs.de\/es\/ley-de-proteccion-al-inversor\/\" \/>\n<meta property=\"og:site_name\" content=\"Rechtsanwaltskanzlei Anwalt Hamburg Berlin Bremen Hannover L\u00fcbeck\" \/>\n<meta property=\"article:publisher\" content=\"https:\/\/www.facebook.com\/STEINWACHSRechtsanwaltskanzlei\/\" \/>\n<meta property=\"article:modified_time\" content=\"2023-10-25T06:23:56+00:00\" \/>\n<meta name=\"twitter:card\" content=\"summary_large_image\" \/>\n<meta name=\"twitter:site\" content=\"@rasteinwachs\" \/>\n<meta name=\"twitter:label1\" content=\"Tiempo de lectura\" \/>\n\t<meta name=\"twitter:data1\" content=\"3 minutos\" \/>\n<script type=\"application\/ld+json\" class=\"yoast-schema-graph\">{\"@context\":\"https:\\\/\\\/schema.org\",\"@graph\":[{\"@type\":\"WebPage\",\"@id\":\"https:\\\/\\\/www.kanzlei-steinwachs.de\\\/es\\\/ley-de-proteccion-al-inversor\\\/\",\"url\":\"https:\\\/\\\/www.kanzlei-steinwachs.de\\\/es\\\/ley-de-proteccion-al-inversor\\\/\",\"name\":\"Rechtsanwaltskanzlei in Hamburg Berlin Bremen Hannover L\u00fcbeck\",\"isPartOf\":{\"@id\":\"https:\\\/\\\/www.kanzlei-steinwachs.de\\\/es\\\/#website\"},\"datePublished\":\"2023-09-22T06:51:45+00:00\",\"dateModified\":\"2023-10-25T06:23:56+00:00\",\"description\":\"Rechtsanwaltskanzlei f\u00fcr Arbeitsrecht, Arzthaftung, Mietrecht, Gewerbemietrecht ,Gastronomierecht, Immobilienrecht, Schadensersatz Yachtrecht\",\"inLanguage\":\"es\",\"potentialAction\":[{\"@type\":\"ReadAction\",\"target\":[\"https:\\\/\\\/www.kanzlei-steinwachs.de\\\/es\\\/ley-de-proteccion-al-inversor\\\/\"]}]},{\"@type\":\"WebSite\",\"@id\":\"https:\\\/\\\/www.kanzlei-steinwachs.de\\\/es\\\/#website\",\"url\":\"https:\\\/\\\/www.kanzlei-steinwachs.de\\\/es\\\/\",\"name\":\"Rechtsanwaltskanzlei Anwalt Hamburg Berlin Bremen Hannover L\u00fcbeck\",\"description\":\"Wir leisten mehr als Recht bietet\",\"publisher\":{\"@id\":\"https:\\\/\\\/www.kanzlei-steinwachs.de\\\/es\\\/#organization\"},\"potentialAction\":[{\"@type\":\"SearchAction\",\"target\":{\"@type\":\"EntryPoint\",\"urlTemplate\":\"https:\\\/\\\/www.kanzlei-steinwachs.de\\\/es\\\/?s={search_term_string}\"},\"query-input\":{\"@type\":\"PropertyValueSpecification\",\"valueRequired\":true,\"valueName\":\"search_term_string\"}}],\"inLanguage\":\"es\"},{\"@type\":[\"Organization\",\"Place\"],\"@id\":\"https:\\\/\\\/www.kanzlei-steinwachs.de\\\/es\\\/#organization\",\"name\":\"Rechtsanwaltskanzlei Anwalt Hamburg Berlin Bremen Hannover L\u00fcbeck\",\"url\":\"https:\\\/\\\/www.kanzlei-steinwachs.de\\\/\",\"logo\":{\"@type\":\"ImageObject\",\"inLanguage\":\"es\",\"@id\":\"https:\\\/\\\/www.kanzlei-steinwachs.de\\\/es\\\/#\\\/schema\\\/logo\\\/image\\\/\",\"url\":\"https:\\\/\\\/i0.wp.com\\\/www.kanzlei-steinwachs.de\\\/wp-content\\\/uploads\\\/2023\\\/12\\\/logo.webp?fit=174%2C76&quality=80&ssl=1\",\"contentUrl\":\"https:\\\/\\\/i0.wp.com\\\/www.kanzlei-steinwachs.de\\\/wp-content\\\/uploads\\\/2023\\\/12\\\/logo.webp?fit=174%2C76&quality=80&ssl=1\",\"width\":174,\"height\":76,\"caption\":\"Rechtsanwaltskanzlei Anwalt Hamburg Berlin Bremen Hannover L\u00fcbeck\"},\"image\":{\"@id\":\"https:\\\/\\\/www.kanzlei-steinwachs.de\\\/es\\\/#\\\/schema\\\/logo\\\/image\\\/\"},\"sameAs\":[\"https:\\\/\\\/www.facebook.com\\\/STEINWACHSRechtsanwaltskanzlei\\\/\",\"https:\\\/\\\/x.com\\\/rasteinwachs\",\"https:\\\/\\\/www.instagram.com\\\/steinwachs_rechtsanwaelte\\\/\",\"https:\\\/\\\/www.linkedin.com\\\/in\\\/stephan-steinwachs-7a270197\\\/\",\"https:\\\/\\\/www.youtube.com\\\/channel\\\/UCffmodDlQx81remXm395RWA\"],\"telephone\":[]}]}<\/script>\n<!-- \/ Yoast SEO Premium plugin. -->","yoast_head_json":{"title":"Rechtsanwaltskanzlei in Hamburg Berlin Bremen Hannover L\u00fcbeck","description":"Rechtsanwaltskanzlei f\u00fcr Arbeitsrecht, Arzthaftung, Mietrecht, Gewerbemietrecht ,Gastronomierecht, Immobilienrecht, Schadensersatz Yachtrecht","robots":{"index":"index","follow":"follow","max-snippet":"max-snippet:-1","max-image-preview":"max-image-preview:large","max-video-preview":"max-video-preview:-1"},"canonical":"https:\/\/www.kanzlei-steinwachs.de\/es\/ley-de-proteccion-al-inversor\/","og_locale":"es_ES","og_type":"article","og_title":"Rechtsanwaltskanzlei in Hamburg Berlin Bremen Hannover L\u00fcbeck","og_description":"Rechtsanwaltskanzlei f\u00fcr Arbeitsrecht, Arzthaftung, Mietrecht, Gewerbemietrecht ,Gastronomierecht, Immobilienrecht, Schadensersatz Yachtrecht","og_url":"https:\/\/www.kanzlei-steinwachs.de\/es\/ley-de-proteccion-al-inversor\/","og_site_name":"Rechtsanwaltskanzlei Anwalt Hamburg Berlin Bremen Hannover L\u00fcbeck","article_publisher":"https:\/\/www.facebook.com\/STEINWACHSRechtsanwaltskanzlei\/","article_modified_time":"2023-10-25T06:23:56+00:00","twitter_card":"summary_large_image","twitter_site":"@rasteinwachs","twitter_misc":{"Tiempo de lectura":"3 minutos"},"schema":{"@context":"https:\/\/schema.org","@graph":[{"@type":"WebPage","@id":"https:\/\/www.kanzlei-steinwachs.de\/es\/ley-de-proteccion-al-inversor\/","url":"https:\/\/www.kanzlei-steinwachs.de\/es\/ley-de-proteccion-al-inversor\/","name":"Rechtsanwaltskanzlei in Hamburg Berlin Bremen Hannover L\u00fcbeck","isPartOf":{"@id":"https:\/\/www.kanzlei-steinwachs.de\/es\/#website"},"datePublished":"2023-09-22T06:51:45+00:00","dateModified":"2023-10-25T06:23:56+00:00","description":"Rechtsanwaltskanzlei f\u00fcr Arbeitsrecht, Arzthaftung, Mietrecht, Gewerbemietrecht ,Gastronomierecht, Immobilienrecht, Schadensersatz Yachtrecht","inLanguage":"es","potentialAction":[{"@type":"ReadAction","target":["https:\/\/www.kanzlei-steinwachs.de\/es\/ley-de-proteccion-al-inversor\/"]}]},{"@type":"WebSite","@id":"https:\/\/www.kanzlei-steinwachs.de\/es\/#website","url":"https:\/\/www.kanzlei-steinwachs.de\/es\/","name":"Rechtsanwaltskanzlei Anwalt Hamburg Berlin Bremen Hannover L\u00fcbeck","description":"Wir leisten mehr als Recht bietet","publisher":{"@id":"https:\/\/www.kanzlei-steinwachs.de\/es\/#organization"},"potentialAction":[{"@type":"SearchAction","target":{"@type":"EntryPoint","urlTemplate":"https:\/\/www.kanzlei-steinwachs.de\/es\/?s={search_term_string}"},"query-input":{"@type":"PropertyValueSpecification","valueRequired":true,"valueName":"search_term_string"}}],"inLanguage":"es"},{"@type":["Organization","Place"],"@id":"https:\/\/www.kanzlei-steinwachs.de\/es\/#organization","name":"Rechtsanwaltskanzlei Anwalt Hamburg Berlin Bremen Hannover L\u00fcbeck","url":"https:\/\/www.kanzlei-steinwachs.de\/","logo":{"@type":"ImageObject","inLanguage":"es","@id":"https:\/\/www.kanzlei-steinwachs.de\/es\/#\/schema\/logo\/image\/","url":"https:\/\/i0.wp.com\/www.kanzlei-steinwachs.de\/wp-content\/uploads\/2023\/12\/logo.webp?fit=174%2C76&quality=80&ssl=1","contentUrl":"https:\/\/i0.wp.com\/www.kanzlei-steinwachs.de\/wp-content\/uploads\/2023\/12\/logo.webp?fit=174%2C76&quality=80&ssl=1","width":174,"height":76,"caption":"Rechtsanwaltskanzlei Anwalt Hamburg Berlin Bremen Hannover L\u00fcbeck"},"image":{"@id":"https:\/\/www.kanzlei-steinwachs.de\/es\/#\/schema\/logo\/image\/"},"sameAs":["https:\/\/www.facebook.com\/STEINWACHSRechtsanwaltskanzlei\/","https:\/\/x.com\/rasteinwachs","https:\/\/www.instagram.com\/steinwachs_rechtsanwaelte\/","https:\/\/www.linkedin.com\/in\/stephan-steinwachs-7a270197\/","https:\/\/www.youtube.com\/channel\/UCffmodDlQx81remXm395RWA"],"telephone":[]}]}},"jetpack_sharing_enabled":true,"_links":{"self":[{"href":"https:\/\/www.kanzlei-steinwachs.de\/es\/wp-json\/wp\/v2\/pages\/9021","targetHints":{"allow":["GET"]}}],"collection":[{"href":"https:\/\/www.kanzlei-steinwachs.de\/es\/wp-json\/wp\/v2\/pages"}],"about":[{"href":"https:\/\/www.kanzlei-steinwachs.de\/es\/wp-json\/wp\/v2\/types\/page"}],"author":[{"embeddable":true,"href":"https:\/\/www.kanzlei-steinwachs.de\/es\/wp-json\/wp\/v2\/users\/1"}],"replies":[{"embeddable":true,"href":"https:\/\/www.kanzlei-steinwachs.de\/es\/wp-json\/wp\/v2\/comments?post=9021"}],"version-history":[{"count":0,"href":"https:\/\/www.kanzlei-steinwachs.de\/es\/wp-json\/wp\/v2\/pages\/9021\/revisions"}],"wp:attachment":[{"href":"https:\/\/www.kanzlei-steinwachs.de\/es\/wp-json\/wp\/v2\/media?parent=9021"}],"curies":[{"name":"wp","href":"https:\/\/api.w.org\/{rel}","templated":true}]}}