{"id":15306,"date":"2023-11-21T04:52:03","date_gmt":"2023-11-21T03:52:03","guid":{"rendered":"https:\/\/www.kanzlei-steinwachs.de\/ley-de-arrendamiento-comercial\/abogado-de-arrendamiento-comercial-hamburgo\/"},"modified":"2023-12-05T13:16:34","modified_gmt":"2023-12-05T12:16:34","slug":"abogado-de-arrendamiento-comercial-hamburgo","status":"publish","type":"page","link":"https:\/\/www.kanzlei-steinwachs.de\/es\/ley-de-arrendamiento-comercial\/abogado-de-arrendamiento-comercial-hamburgo\/","title":{"rendered":"Abogado de arrendamiento comercial Hamburgo"},"content":{"rendered":"<div class=\"wpb-content-wrapper\"><p>[vc_row triangle_shape=\u00bbno\u00bb css=\u00bb.vc_custom_1700538808372{margin-bottom: 50px !important;}\u00bb][vc_column][vc_column_text]Nuestros a<strong>bogados<\/strong> e<strong>specializados<\/strong> en derecho de <strong>arrendamient<\/strong>o comercial en Hamburgo responder\u00e1n a sus preguntas sobre el derecho de arrendamiento comercial y le brindar\u00e1n un asesoramiento integral sobre el derecho de arrendamiento comercial. Le brindamos las soluciones relevantes para usted en materia de derecho de arrendamiento comercial y derecho de arrendamiento, para su contrato de alquiler comercial y contrato de arrendamiento.<\/p>\n<p>Estaremos encantados de redactar un contrato de alquiler comercial o un contrato de arrendamiento adaptado a sus necesidades espec\u00edficas. Por supuesto, tambi\u00e9n revisaremos su contrato de alquiler comercial en su totalidad o solo las preguntas espec\u00edficas que haya planteado sobre su contrato de alquiler comercial y la ley de alquiler comercial. <\/p>\n<p>En este \u00e1mbito, <strong>nuestros<\/strong> abogados es<strong>pecializado<\/strong>s en <strong>derech<\/strong>o de arrendamiento comercial en Hamburgo le ofrecen los siguientes servicios, que se encuentran frecuentemente en la pr\u00e1ctica:<\/p>\n<ul>\n<li>Representaci\u00f3n extrajudicial del propietario o inquilino cuando se da aviso de terminaci\u00f3n, p.e. B. lo que sucede a menudo, porque Pago tard\u00edo<\/li>\n<li>luego representaci\u00f3n legal en acciones de desalojo generalmente posteriores<\/li>\n<li>Creaci\u00f3n y elaboraci\u00f3n de contratos de alquiler, en particular. contratos de alquiler comercial<\/li>\n<li>aqu\u00ed en particular Aclaraci\u00f3n de cuestiones sobre la duraci\u00f3n del contrato, opciones de pr\u00f3rroga y otras cl\u00e1usulas que deben observarse en el contrato de alquiler comercial, aunque la experiencia ha demostrado que tiene sentido de antemano, es decir, h. Antes de firmar un contrato de arrendamiento comercial, busque asesoramiento legal<\/li>\n<li>varias preguntas sobre los per\u00edodos de notificaci\u00f3n en la ley de arrendamiento residencial y comercial<\/li>\n<li>Revisi\u00f3n de la eficacia de los contratos de alquiler o de las normas individuales, especialmente en lo que respecta a las condiciones generales, cl\u00e1usulas relevantes a la luz de la jurisprudencia en materia de alquileres.<\/li>\n<li>Hacer valer y defenderse contra reclamaciones de reducci\u00f3n de alquiler<\/li>\n<li>Ejecuci\u00f3n de reclamaciones de alquileres pendientes y defensa de dichas reclamaciones<\/li>\n<li>Ejecuci\u00f3n y defensa de sus reclamaciones en relaci\u00f3n con aumentos de alquiler<\/li>\n<\/ul>\n<p>Por favor ll\u00e1manos sin compromiso. Nuestros abogados especializados en derecho de arrendamiento comercial en Hamburgo estar\u00e1n encantados de ayudarle.<\/p>\n<p>El abogado Stephan Steinwachs es <strong>el responsable de la p\u00e1gina web Lawyer<\/strong> Commercial Tenancy Law Hamburg.[\/vc_column_text][\/vc_column][\/vc_row]<\/p>\n<\/div>","protected":false},"excerpt":{"rendered":"<p>[vc_row triangle_shape=\u00bbno\u00bb css=\u00bb.vc_custom_1700538808372{margin-bottom: 50px !important;}\u00bb][vc_column][vc_column_text]Nuestros abogados especializados en derecho de arrendamiento comercial en Hamburgo responder\u00e1n a sus preguntas sobre el derecho de arrendamiento comercial y le brindar\u00e1n un asesoramiento integral sobre el derecho de arrendamiento comercial. Le brindamos las soluciones relevantes para usted en materia de derecho de arrendamiento comercial y derecho de arrendamiento, para su contrato de alquiler comercial y contrato de arrendamiento. Estaremos encantados de redactar un contrato de alquiler comercial o un contrato de arrendamiento adaptado a sus necesidades espec\u00edficas. Por supuesto, tambi\u00e9n revisaremos su contrato de alquiler comercial en su totalidad o solo las preguntas espec\u00edficas&#8230;<\/p>\n","protected":false},"author":1,"featured_media":0,"parent":9233,"menu_order":0,"comment_status":"closed","ping_status":"closed","template":"","meta":{"footnotes":""},"class_list":["post-15306","page","type-page","status-publish","hentry"],"yoast_head":"<!-- This site is optimized with the Yoast SEO Premium plugin v27.2 (Yoast SEO v27.3) - https:\/\/yoast.com\/product\/yoast-seo-premium-wordpress\/ -->\n<title>Rechtsanwaltskanzlei in Hamburg Berlin Bremen Hannover L\u00fcbeck<\/title>\n<meta name=\"description\" content=\"Rechtsanwaltskanzlei f\u00fcr Arbeitsrecht, Arzthaftung, Mietrecht, Gewerbemietrecht ,Gastronomierecht, Immobilienrecht, Schadensersatz Yachtrecht\" \/>\n<meta name=\"robots\" content=\"index, follow, max-snippet:-1, max-image-preview:large, max-video-preview:-1\" \/>\n<link rel=\"canonical\" href=\"https:\/\/www.kanzlei-steinwachs.de\/es\/ley-de-arrendamiento-comercial\/abogado-de-arrendamiento-comercial-hamburgo\/\" \/>\n<meta property=\"og:locale\" content=\"es_ES\" \/>\n<meta property=\"og:type\" content=\"article\" \/>\n<meta property=\"og:title\" content=\"Rechtsanwaltskanzlei in Hamburg Berlin Bremen Hannover L\u00fcbeck\" \/>\n<meta property=\"og:description\" content=\"Rechtsanwaltskanzlei f\u00fcr Arbeitsrecht, Arzthaftung, Mietrecht, Gewerbemietrecht ,Gastronomierecht, Immobilienrecht, Schadensersatz Yachtrecht\" \/>\n<meta property=\"og:url\" content=\"https:\/\/www.kanzlei-steinwachs.de\/es\/ley-de-arrendamiento-comercial\/abogado-de-arrendamiento-comercial-hamburgo\/\" \/>\n<meta property=\"og:site_name\" content=\"Rechtsanwaltskanzlei Anwalt Hamburg Berlin Bremen Hannover L\u00fcbeck\" \/>\n<meta property=\"article:publisher\" content=\"https:\/\/www.facebook.com\/STEINWACHSRechtsanwaltskanzlei\/\" \/>\n<meta property=\"article:modified_time\" content=\"2023-12-05T12:16:34+00:00\" \/>\n<meta name=\"twitter:card\" content=\"summary_large_image\" \/>\n<meta name=\"twitter:site\" content=\"@rasteinwachs\" \/>\n<meta name=\"twitter:label1\" content=\"Tiempo de lectura\" \/>\n\t<meta name=\"twitter:data1\" content=\"2 minutos\" \/>\n<script type=\"application\/ld+json\" class=\"yoast-schema-graph\">{\"@context\":\"https:\\\/\\\/schema.org\",\"@graph\":[{\"@type\":\"WebPage\",\"@id\":\"https:\\\/\\\/www.kanzlei-steinwachs.de\\\/es\\\/ley-de-arrendamiento-comercial\\\/abogado-de-arrendamiento-comercial-hamburgo\\\/\",\"url\":\"https:\\\/\\\/www.kanzlei-steinwachs.de\\\/es\\\/ley-de-arrendamiento-comercial\\\/abogado-de-arrendamiento-comercial-hamburgo\\\/\",\"name\":\"Rechtsanwaltskanzlei in Hamburg Berlin Bremen Hannover L\u00fcbeck\",\"isPartOf\":{\"@id\":\"https:\\\/\\\/www.kanzlei-steinwachs.de\\\/es\\\/#website\"},\"datePublished\":\"2023-11-21T03:52:03+00:00\",\"dateModified\":\"2023-12-05T12:16:34+00:00\",\"description\":\"Rechtsanwaltskanzlei f\u00fcr Arbeitsrecht, Arzthaftung, Mietrecht, Gewerbemietrecht ,Gastronomierecht, Immobilienrecht, Schadensersatz Yachtrecht\",\"breadcrumb\":{\"@id\":\"https:\\\/\\\/www.kanzlei-steinwachs.de\\\/es\\\/ley-de-arrendamiento-comercial\\\/abogado-de-arrendamiento-comercial-hamburgo\\\/#breadcrumb\"},\"inLanguage\":\"es\",\"potentialAction\":[{\"@type\":\"ReadAction\",\"target\":[\"https:\\\/\\\/www.kanzlei-steinwachs.de\\\/es\\\/ley-de-arrendamiento-comercial\\\/abogado-de-arrendamiento-comercial-hamburgo\\\/\"]}]},{\"@type\":\"BreadcrumbList\",\"@id\":\"https:\\\/\\\/www.kanzlei-steinwachs.de\\\/es\\\/ley-de-arrendamiento-comercial\\\/abogado-de-arrendamiento-comercial-hamburgo\\\/#breadcrumb\",\"itemListElement\":[{\"@type\":\"ListItem\",\"position\":1,\"name\":\"ley de arrendamiento comercial\",\"item\":\"https:\\\/\\\/www.kanzlei-steinwachs.de\\\/es\\\/ley-de-arrendamiento-comercial\\\/\"},{\"@type\":\"ListItem\",\"position\":2,\"name\":\"Abogado de arrendamiento comercial Hamburgo\"}]},{\"@type\":\"WebSite\",\"@id\":\"https:\\\/\\\/www.kanzlei-steinwachs.de\\\/es\\\/#website\",\"url\":\"https:\\\/\\\/www.kanzlei-steinwachs.de\\\/es\\\/\",\"name\":\"Rechtsanwaltskanzlei Anwalt Hamburg Berlin Bremen Hannover L\u00fcbeck\",\"description\":\"Wir leisten mehr als Recht bietet\",\"publisher\":{\"@id\":\"https:\\\/\\\/www.kanzlei-steinwachs.de\\\/es\\\/#organization\"},\"potentialAction\":[{\"@type\":\"SearchAction\",\"target\":{\"@type\":\"EntryPoint\",\"urlTemplate\":\"https:\\\/\\\/www.kanzlei-steinwachs.de\\\/es\\\/?s={search_term_string}\"},\"query-input\":{\"@type\":\"PropertyValueSpecification\",\"valueRequired\":true,\"valueName\":\"search_term_string\"}}],\"inLanguage\":\"es\"},{\"@type\":[\"Organization\",\"Place\"],\"@id\":\"https:\\\/\\\/www.kanzlei-steinwachs.de\\\/es\\\/#organization\",\"name\":\"Rechtsanwaltskanzlei Anwalt Hamburg Berlin Bremen Hannover L\u00fcbeck\",\"url\":\"https:\\\/\\\/www.kanzlei-steinwachs.de\\\/\",\"logo\":{\"@type\":\"ImageObject\",\"inLanguage\":\"es\",\"@id\":\"https:\\\/\\\/www.kanzlei-steinwachs.de\\\/es\\\/#\\\/schema\\\/logo\\\/image\\\/\",\"url\":\"https:\\\/\\\/i0.wp.com\\\/www.kanzlei-steinwachs.de\\\/wp-content\\\/uploads\\\/2023\\\/12\\\/logo.webp?fit=174%2C76&quality=80&ssl=1\",\"contentUrl\":\"https:\\\/\\\/i0.wp.com\\\/www.kanzlei-steinwachs.de\\\/wp-content\\\/uploads\\\/2023\\\/12\\\/logo.webp?fit=174%2C76&quality=80&ssl=1\",\"width\":174,\"height\":76,\"caption\":\"Rechtsanwaltskanzlei Anwalt Hamburg Berlin Bremen Hannover L\u00fcbeck\"},\"image\":{\"@id\":\"https:\\\/\\\/www.kanzlei-steinwachs.de\\\/es\\\/#\\\/schema\\\/logo\\\/image\\\/\"},\"sameAs\":[\"https:\\\/\\\/www.facebook.com\\\/STEINWACHSRechtsanwaltskanzlei\\\/\",\"https:\\\/\\\/x.com\\\/rasteinwachs\",\"https:\\\/\\\/www.instagram.com\\\/steinwachs_rechtsanwaelte\\\/\",\"https:\\\/\\\/www.linkedin.com\\\/in\\\/stephan-steinwachs-7a270197\\\/\",\"https:\\\/\\\/www.youtube.com\\\/channel\\\/UCffmodDlQx81remXm395RWA\"],\"telephone\":[]}]}<\/script>\n<!-- \/ Yoast SEO Premium plugin. -->","yoast_head_json":{"title":"Rechtsanwaltskanzlei in Hamburg Berlin Bremen Hannover L\u00fcbeck","description":"Rechtsanwaltskanzlei f\u00fcr Arbeitsrecht, Arzthaftung, Mietrecht, Gewerbemietrecht ,Gastronomierecht, Immobilienrecht, Schadensersatz Yachtrecht","robots":{"index":"index","follow":"follow","max-snippet":"max-snippet:-1","max-image-preview":"max-image-preview:large","max-video-preview":"max-video-preview:-1"},"canonical":"https:\/\/www.kanzlei-steinwachs.de\/es\/ley-de-arrendamiento-comercial\/abogado-de-arrendamiento-comercial-hamburgo\/","og_locale":"es_ES","og_type":"article","og_title":"Rechtsanwaltskanzlei in Hamburg Berlin Bremen Hannover L\u00fcbeck","og_description":"Rechtsanwaltskanzlei f\u00fcr Arbeitsrecht, Arzthaftung, Mietrecht, Gewerbemietrecht ,Gastronomierecht, Immobilienrecht, Schadensersatz Yachtrecht","og_url":"https:\/\/www.kanzlei-steinwachs.de\/es\/ley-de-arrendamiento-comercial\/abogado-de-arrendamiento-comercial-hamburgo\/","og_site_name":"Rechtsanwaltskanzlei Anwalt Hamburg Berlin Bremen Hannover L\u00fcbeck","article_publisher":"https:\/\/www.facebook.com\/STEINWACHSRechtsanwaltskanzlei\/","article_modified_time":"2023-12-05T12:16:34+00:00","twitter_card":"summary_large_image","twitter_site":"@rasteinwachs","twitter_misc":{"Tiempo de lectura":"2 minutos"},"schema":{"@context":"https:\/\/schema.org","@graph":[{"@type":"WebPage","@id":"https:\/\/www.kanzlei-steinwachs.de\/es\/ley-de-arrendamiento-comercial\/abogado-de-arrendamiento-comercial-hamburgo\/","url":"https:\/\/www.kanzlei-steinwachs.de\/es\/ley-de-arrendamiento-comercial\/abogado-de-arrendamiento-comercial-hamburgo\/","name":"Rechtsanwaltskanzlei in Hamburg Berlin Bremen Hannover L\u00fcbeck","isPartOf":{"@id":"https:\/\/www.kanzlei-steinwachs.de\/es\/#website"},"datePublished":"2023-11-21T03:52:03+00:00","dateModified":"2023-12-05T12:16:34+00:00","description":"Rechtsanwaltskanzlei f\u00fcr Arbeitsrecht, Arzthaftung, Mietrecht, Gewerbemietrecht ,Gastronomierecht, Immobilienrecht, Schadensersatz Yachtrecht","breadcrumb":{"@id":"https:\/\/www.kanzlei-steinwachs.de\/es\/ley-de-arrendamiento-comercial\/abogado-de-arrendamiento-comercial-hamburgo\/#breadcrumb"},"inLanguage":"es","potentialAction":[{"@type":"ReadAction","target":["https:\/\/www.kanzlei-steinwachs.de\/es\/ley-de-arrendamiento-comercial\/abogado-de-arrendamiento-comercial-hamburgo\/"]}]},{"@type":"BreadcrumbList","@id":"https:\/\/www.kanzlei-steinwachs.de\/es\/ley-de-arrendamiento-comercial\/abogado-de-arrendamiento-comercial-hamburgo\/#breadcrumb","itemListElement":[{"@type":"ListItem","position":1,"name":"ley de arrendamiento comercial","item":"https:\/\/www.kanzlei-steinwachs.de\/es\/ley-de-arrendamiento-comercial\/"},{"@type":"ListItem","position":2,"name":"Abogado de arrendamiento comercial Hamburgo"}]},{"@type":"WebSite","@id":"https:\/\/www.kanzlei-steinwachs.de\/es\/#website","url":"https:\/\/www.kanzlei-steinwachs.de\/es\/","name":"Rechtsanwaltskanzlei Anwalt Hamburg Berlin Bremen Hannover L\u00fcbeck","description":"Wir leisten mehr als Recht bietet","publisher":{"@id":"https:\/\/www.kanzlei-steinwachs.de\/es\/#organization"},"potentialAction":[{"@type":"SearchAction","target":{"@type":"EntryPoint","urlTemplate":"https:\/\/www.kanzlei-steinwachs.de\/es\/?s={search_term_string}"},"query-input":{"@type":"PropertyValueSpecification","valueRequired":true,"valueName":"search_term_string"}}],"inLanguage":"es"},{"@type":["Organization","Place"],"@id":"https:\/\/www.kanzlei-steinwachs.de\/es\/#organization","name":"Rechtsanwaltskanzlei Anwalt Hamburg Berlin Bremen Hannover L\u00fcbeck","url":"https:\/\/www.kanzlei-steinwachs.de\/","logo":{"@type":"ImageObject","inLanguage":"es","@id":"https:\/\/www.kanzlei-steinwachs.de\/es\/#\/schema\/logo\/image\/","url":"https:\/\/i0.wp.com\/www.kanzlei-steinwachs.de\/wp-content\/uploads\/2023\/12\/logo.webp?fit=174%2C76&quality=80&ssl=1","contentUrl":"https:\/\/i0.wp.com\/www.kanzlei-steinwachs.de\/wp-content\/uploads\/2023\/12\/logo.webp?fit=174%2C76&quality=80&ssl=1","width":174,"height":76,"caption":"Rechtsanwaltskanzlei Anwalt Hamburg Berlin Bremen Hannover L\u00fcbeck"},"image":{"@id":"https:\/\/www.kanzlei-steinwachs.de\/es\/#\/schema\/logo\/image\/"},"sameAs":["https:\/\/www.facebook.com\/STEINWACHSRechtsanwaltskanzlei\/","https:\/\/x.com\/rasteinwachs","https:\/\/www.instagram.com\/steinwachs_rechtsanwaelte\/","https:\/\/www.linkedin.com\/in\/stephan-steinwachs-7a270197\/","https:\/\/www.youtube.com\/channel\/UCffmodDlQx81remXm395RWA"],"telephone":[]}]}},"jetpack_sharing_enabled":true,"_links":{"self":[{"href":"https:\/\/www.kanzlei-steinwachs.de\/es\/wp-json\/wp\/v2\/pages\/15306","targetHints":{"allow":["GET"]}}],"collection":[{"href":"https:\/\/www.kanzlei-steinwachs.de\/es\/wp-json\/wp\/v2\/pages"}],"about":[{"href":"https:\/\/www.kanzlei-steinwachs.de\/es\/wp-json\/wp\/v2\/types\/page"}],"author":[{"embeddable":true,"href":"https:\/\/www.kanzlei-steinwachs.de\/es\/wp-json\/wp\/v2\/users\/1"}],"replies":[{"embeddable":true,"href":"https:\/\/www.kanzlei-steinwachs.de\/es\/wp-json\/wp\/v2\/comments?post=15306"}],"version-history":[{"count":0,"href":"https:\/\/www.kanzlei-steinwachs.de\/es\/wp-json\/wp\/v2\/pages\/15306\/revisions"}],"up":[{"embeddable":true,"href":"https:\/\/www.kanzlei-steinwachs.de\/es\/wp-json\/wp\/v2\/pages\/9233"}],"wp:attachment":[{"href":"https:\/\/www.kanzlei-steinwachs.de\/es\/wp-json\/wp\/v2\/media?parent=15306"}],"curies":[{"name":"wp","href":"https:\/\/api.w.org\/{rel}","templated":true}]}}