{"id":15146,"date":"2023-11-21T05:42:18","date_gmt":"2023-11-21T04:42:18","guid":{"rendered":"https:\/\/www.kanzlei-steinwachs.de\/ley-de-arrendamiento-3\/limite-de-alquiler\/"},"modified":"2023-12-05T07:10:22","modified_gmt":"2023-12-05T06:10:22","slug":"limite-de-alquiler","status":"publish","type":"page","link":"https:\/\/www.kanzlei-steinwachs.de\/es\/ley-de-arrendamiento-3\/limite-de-alquiler\/","title":{"rendered":"L\u00edmite de alquiler"},"content":{"rendered":"<div class=\"wpb-content-wrapper\"><p>[vc_row triangle_shape=\u00bbno\u00bb css=\u00bb.vc_custom_1700541777626{margin-bottom: 50px !important;}\u00bb][vc_column][vc_column_text]El tema del trabajo del abogado en derecho de arrendamiento son las cuestiones y disputas legales relacionadas con el contrato de arrendamiento. Las partes se comprometen a respetar el derecho de alquiler a largo plazo, principalmente mediante la celebraci\u00f3n de contratos de alquiler de espacios comerciales o residenciales. Es aconsejable, tanto para los propietarios como para los inquilinos, que un abogado con experiencia en derecho de arrendamiento revise siempre el contrato de alquiler con antelaci\u00f3n.  <\/p>\n<p>El derecho de arrendamiento est\u00e1 regulado por la ley, en particular por las siguientes normas:<\/p>\n<ul>\n<li><a title=\"C\u00f3digo Civil\" href=\"http:\/\/www.gesetze-im-internet.de\/bgb\/\" target=\"_blank\" rel=\"noopener\">C\u00f3digo Civil<\/a> (art\u00edculos 535 y siguientes del BGB).<\/li>\n<li><a title=\"Ley de retenci\u00f3n de viviendas\" href=\"http:\/\/www.gesetze-im-internet.de\/wobindg\/index.html\" target=\"_blank\" rel=\"noopener\">Ley vinculante de Vivienda<\/a> (WoBindG)<\/li>\n<li><a title=\"Segunda norma de c\u00e1lculo\" href=\"http:\/\/www.gesetze-im-internet.de\/bvo_2\/index.html\" target=\"_blank\" rel=\"noopener\">Segunda Ordenanza de C\u00e1lculo<\/a> (II. BVO)<\/li>\n<li><a title=\"Ordenanza sobre alquiler de edificios nuevos\" href=\"http:\/\/www.gesetze-im-internet.de\/nmv_1970\/index.html\" target=\"_blank\" rel=\"noopener\">Ordenanza sobre alquiler de edificios nuevos<\/a> (NMV)<\/li>\n<li><a title=\"Segunda Ley de Vivienda (p\u00e1gina no disponible)\" href=\"https:\/\/www.jurion.de\/Gesetze\/II_WoBauG\" target=\"_blank\" rel=\"noopener\">Segunda Ley de Construcci\u00f3n de Viviendas<\/a> (II. WoBauG).<\/li>\n<\/ul>\n<p>Este ha sido el caso de las viviendas con precio controlado desde el 1 de enero de 2002.<\/p>\n<ul>\n<li><a title=\"Ley de Promoci\u00f3n de Vivienda\" href=\"http:\/\/www.gesetze-im-internet.de\/wofg\/index.html\" target=\"_blank\" rel=\"noopener\">Ley de promoci\u00f3n de la vivienda<\/a> (BGBl I 2001, 2376).<\/li>\n<\/ul>\n<p>Entre los elementos del menu:<\/p>\n<ul>\n<li><a title=\"Abogado Ley de Inquilinos Terminaci\u00f3n Hamburgo Berl\u00edn\" href=\"https:\/\/www.kanzlei-steinwachs.de\/rechtsanwalt-mietrecht-hamburg-berlin\/kuendigung\" target=\"_self\" rel=\"noopener\">Terminaci\u00f3n<\/a><\/li>\n<li><a title=\"Abogado Ley de Inquilinos Defectos y Reducci\u00f3n del Alquiler Hamburgo Berl\u00edn\" href=\"https:\/\/www.kanzlei-steinwachs.de\/rechtsanwalt-mietrecht-hamburg-berlin\/mangel-und-mietminderung\" target=\"_self\" rel=\"noopener\">Defectos y reducci\u00f3n de alquiler<\/a><\/li>\n<li><a title=\"Abogado Ley de Inquilinos Hamburgo Berl\u00edn Aumento del alquiler\" href=\"https:\/\/www.kanzlei-steinwachs.de\/rechtsanwalt-mietrecht-hamburg-berlin\/mieterhoehung\" target=\"_self\" rel=\"noopener\">Prop\u00f3sito operativo<\/a><\/li>\n<li><a title=\"Abogado Ley de Inquilinos Hamburgo Berl\u00edn Gastos de funcionamiento\" href=\"https:\/\/www.kanzlei-steinwachs.de\/rechtsanwalt-mietrecht-hamburg-berlin\/betriebskosten\" target=\"_self\" rel=\"noopener\">costo operacional<\/a><\/li>\n<\/ul>\n<p>Encontrar\u00e1 informaci\u00f3n sobre los temas preparados por el abogado Steinwachs. Por supuesto, esto no puede sustituir el asesoramiento de un abogado especializado en derecho de arrendamiento. <\/p>\n<p>Dado que el derecho de arrendamiento se ha vuelto complicado incluso para los abogados debido a una legislaci\u00f3n poco clara y decisiones judiciales espec\u00edficas de cada estado, en caso de disputa no puede prescindir de la ayuda de un abogado con experiencia en derecho de arrendamiento. Como inquilino o propietario de STEINWACHS podr\u00e1 beneficiarse de la experiencia de su abogado, especialmente en el tema de la <a title=\"Abogado Ley de Inquilinos Terminaci\u00f3n Hamburgo Berl\u00edn\" href=\"https:\/\/www.kanzlei-steinwachs.de\/rechtsanwalt-mietrecht-hamburg-berlin\/kuendigung\" target=\"_self\" rel=\"noopener\">rescisi\u00f3n<\/a> en el derecho de arrendamiento.<\/p>\n<p>El equipo de STEINWACHS en Hamburgo y Berl\u00edn trabaja en todos los \u00e1mbitos del derecho de arrendamiento. Su asesoramiento en Hamburgo y Berl\u00edn estar\u00e1 a cargo de un abogado con experiencia y \u00e9xito en derecho de arrendamiento. <\/p>\n<p>\u00a1Lea todo sobre el tema en <a title=\"alquiler y ley\" href=\"http:\/\/mieten-und-recht.com\/\" target=\"_blank\" rel=\"noopener\">nuestro blog<\/a> sobre derecho de arrendamiento!<\/p>\n<h6>Responsable del contenido de la p\u00e1gina Abogado de Derecho de Inquilinos Hamburgo Berl\u00edn Bremen: Abogado Stephan Steinwachs (Abogado Hamburgo Berl\u00edn Bremen)<\/h6>\n<div class=\"pe-richsnippets\"><\/div>\n<p>[\/vc_column_text][\/vc_column][\/vc_row]<\/p>\n<\/div>","protected":false},"excerpt":{"rendered":"<p>[vc_row triangle_shape=\u00bbno\u00bb css=\u00bb.vc_custom_1700541777626{margin-bottom: 50px !important;}\u00bb][vc_column][vc_column_text]El tema del trabajo del abogado en derecho de arrendamiento son las cuestiones y disputas legales relacionadas con el contrato de arrendamiento. Las partes se comprometen a respetar el derecho de alquiler a largo plazo, principalmente mediante la celebraci\u00f3n de contratos de alquiler de espacios comerciales o residenciales. Es aconsejable, tanto para los propietarios como para los inquilinos, que un abogado con experiencia en derecho de arrendamiento revise siempre el contrato de alquiler con antelaci\u00f3n. El derecho de arrendamiento est\u00e1 regulado por la ley, en particular por las siguientes normas: C\u00f3digo Civil (art\u00edculos 535 y siguientes&#8230;<\/p>\n","protected":false},"author":1,"featured_media":0,"parent":9398,"menu_order":0,"comment_status":"closed","ping_status":"closed","template":"","meta":{"footnotes":""},"class_list":["post-15146","page","type-page","status-publish","hentry"],"yoast_head":"<!-- This site is optimized with the Yoast SEO Premium plugin v27.2 (Yoast SEO v27.4) - https:\/\/yoast.com\/product\/yoast-seo-premium-wordpress\/ -->\n<title>Rechtsanwaltskanzlei in Hamburg Berlin Bremen Hannover L\u00fcbeck<\/title>\n<meta name=\"description\" content=\"Rechtsanwaltskanzlei f\u00fcr Arbeitsrecht, Arzthaftung, Mietrecht, Gewerbemietrecht ,Gastronomierecht, Immobilienrecht, Schadensersatz Yachtrecht\" \/>\n<meta name=\"robots\" content=\"index, follow, max-snippet:-1, max-image-preview:large, max-video-preview:-1\" \/>\n<link rel=\"canonical\" href=\"https:\/\/www.kanzlei-steinwachs.de\/es\/ley-de-arrendamiento-3\/limite-de-alquiler\/\" \/>\n<meta property=\"og:locale\" content=\"es_ES\" \/>\n<meta property=\"og:type\" content=\"article\" \/>\n<meta property=\"og:title\" content=\"Rechtsanwaltskanzlei in Hamburg Berlin Bremen Hannover L\u00fcbeck\" \/>\n<meta property=\"og:description\" content=\"Rechtsanwaltskanzlei f\u00fcr Arbeitsrecht, Arzthaftung, Mietrecht, Gewerbemietrecht ,Gastronomierecht, Immobilienrecht, Schadensersatz Yachtrecht\" \/>\n<meta property=\"og:url\" content=\"https:\/\/www.kanzlei-steinwachs.de\/es\/ley-de-arrendamiento-3\/limite-de-alquiler\/\" \/>\n<meta property=\"og:site_name\" content=\"Rechtsanwaltskanzlei Anwalt Hamburg Berlin Bremen Hannover L\u00fcbeck\" \/>\n<meta property=\"article:publisher\" content=\"https:\/\/www.facebook.com\/STEINWACHSRechtsanwaltskanzlei\/\" \/>\n<meta property=\"article:modified_time\" content=\"2023-12-05T06:10:22+00:00\" \/>\n<meta name=\"twitter:card\" content=\"summary_large_image\" \/>\n<meta name=\"twitter:site\" content=\"@rasteinwachs\" \/>\n<meta name=\"twitter:label1\" content=\"Tiempo de lectura\" \/>\n\t<meta name=\"twitter:data1\" content=\"2 minutos\" \/>\n<script type=\"application\/ld+json\" class=\"yoast-schema-graph\">{\"@context\":\"https:\\\/\\\/schema.org\",\"@graph\":[{\"@type\":\"WebPage\",\"@id\":\"https:\\\/\\\/www.kanzlei-steinwachs.de\\\/es\\\/ley-de-arrendamiento-3\\\/limite-de-alquiler\\\/\",\"url\":\"https:\\\/\\\/www.kanzlei-steinwachs.de\\\/es\\\/ley-de-arrendamiento-3\\\/limite-de-alquiler\\\/\",\"name\":\"Rechtsanwaltskanzlei in Hamburg Berlin Bremen Hannover L\u00fcbeck\",\"isPartOf\":{\"@id\":\"https:\\\/\\\/www.kanzlei-steinwachs.de\\\/es\\\/#website\"},\"datePublished\":\"2023-11-21T04:42:18+00:00\",\"dateModified\":\"2023-12-05T06:10:22+00:00\",\"description\":\"Rechtsanwaltskanzlei f\u00fcr Arbeitsrecht, Arzthaftung, Mietrecht, Gewerbemietrecht ,Gastronomierecht, Immobilienrecht, Schadensersatz Yachtrecht\",\"breadcrumb\":{\"@id\":\"https:\\\/\\\/www.kanzlei-steinwachs.de\\\/es\\\/ley-de-arrendamiento-3\\\/limite-de-alquiler\\\/#breadcrumb\"},\"inLanguage\":\"es\",\"potentialAction\":[{\"@type\":\"ReadAction\",\"target\":[\"https:\\\/\\\/www.kanzlei-steinwachs.de\\\/es\\\/ley-de-arrendamiento-3\\\/limite-de-alquiler\\\/\"]}]},{\"@type\":\"BreadcrumbList\",\"@id\":\"https:\\\/\\\/www.kanzlei-steinwachs.de\\\/es\\\/ley-de-arrendamiento-3\\\/limite-de-alquiler\\\/#breadcrumb\",\"itemListElement\":[{\"@type\":\"ListItem\",\"position\":1,\"name\":\"ley de arrendamiento\",\"item\":\"https:\\\/\\\/www.kanzlei-steinwachs.de\\\/es\\\/ley-de-arrendamiento-3\\\/\"},{\"@type\":\"ListItem\",\"position\":2,\"name\":\"L\u00edmite de alquiler\"}]},{\"@type\":\"WebSite\",\"@id\":\"https:\\\/\\\/www.kanzlei-steinwachs.de\\\/es\\\/#website\",\"url\":\"https:\\\/\\\/www.kanzlei-steinwachs.de\\\/es\\\/\",\"name\":\"Rechtsanwaltskanzlei Anwalt Hamburg Berlin Bremen Hannover L\u00fcbeck\",\"description\":\"Wir leisten mehr als Recht bietet\",\"publisher\":{\"@id\":\"https:\\\/\\\/www.kanzlei-steinwachs.de\\\/es\\\/#organization\"},\"potentialAction\":[{\"@type\":\"SearchAction\",\"target\":{\"@type\":\"EntryPoint\",\"urlTemplate\":\"https:\\\/\\\/www.kanzlei-steinwachs.de\\\/es\\\/?s={search_term_string}\"},\"query-input\":{\"@type\":\"PropertyValueSpecification\",\"valueRequired\":true,\"valueName\":\"search_term_string\"}}],\"inLanguage\":\"es\"},{\"@type\":[\"Organization\",\"Place\"],\"@id\":\"https:\\\/\\\/www.kanzlei-steinwachs.de\\\/es\\\/#organization\",\"name\":\"Rechtsanwaltskanzlei Anwalt Hamburg Berlin Bremen Hannover L\u00fcbeck\",\"url\":\"https:\\\/\\\/www.kanzlei-steinwachs.de\\\/\",\"logo\":{\"@type\":\"ImageObject\",\"inLanguage\":\"es\",\"@id\":\"https:\\\/\\\/www.kanzlei-steinwachs.de\\\/es\\\/#\\\/schema\\\/logo\\\/image\\\/\",\"url\":\"https:\\\/\\\/i0.wp.com\\\/www.kanzlei-steinwachs.de\\\/wp-content\\\/uploads\\\/2023\\\/12\\\/logo.webp?fit=174%2C76&quality=80&ssl=1\",\"contentUrl\":\"https:\\\/\\\/i0.wp.com\\\/www.kanzlei-steinwachs.de\\\/wp-content\\\/uploads\\\/2023\\\/12\\\/logo.webp?fit=174%2C76&quality=80&ssl=1\",\"width\":174,\"height\":76,\"caption\":\"Rechtsanwaltskanzlei Anwalt Hamburg Berlin Bremen Hannover L\u00fcbeck\"},\"image\":{\"@id\":\"https:\\\/\\\/www.kanzlei-steinwachs.de\\\/es\\\/#\\\/schema\\\/logo\\\/image\\\/\"},\"sameAs\":[\"https:\\\/\\\/www.facebook.com\\\/STEINWACHSRechtsanwaltskanzlei\\\/\",\"https:\\\/\\\/x.com\\\/rasteinwachs\",\"https:\\\/\\\/www.instagram.com\\\/steinwachs_rechtsanwaelte\\\/\",\"https:\\\/\\\/www.linkedin.com\\\/in\\\/stephan-steinwachs-7a270197\\\/\",\"https:\\\/\\\/www.youtube.com\\\/channel\\\/UCffmodDlQx81remXm395RWA\"],\"telephone\":[]}]}<\/script>\n<!-- \/ Yoast SEO Premium plugin. -->","yoast_head_json":{"title":"Rechtsanwaltskanzlei in Hamburg Berlin Bremen Hannover L\u00fcbeck","description":"Rechtsanwaltskanzlei f\u00fcr Arbeitsrecht, Arzthaftung, Mietrecht, Gewerbemietrecht ,Gastronomierecht, Immobilienrecht, Schadensersatz Yachtrecht","robots":{"index":"index","follow":"follow","max-snippet":"max-snippet:-1","max-image-preview":"max-image-preview:large","max-video-preview":"max-video-preview:-1"},"canonical":"https:\/\/www.kanzlei-steinwachs.de\/es\/ley-de-arrendamiento-3\/limite-de-alquiler\/","og_locale":"es_ES","og_type":"article","og_title":"Rechtsanwaltskanzlei in Hamburg Berlin Bremen Hannover L\u00fcbeck","og_description":"Rechtsanwaltskanzlei f\u00fcr Arbeitsrecht, Arzthaftung, Mietrecht, Gewerbemietrecht ,Gastronomierecht, Immobilienrecht, Schadensersatz Yachtrecht","og_url":"https:\/\/www.kanzlei-steinwachs.de\/es\/ley-de-arrendamiento-3\/limite-de-alquiler\/","og_site_name":"Rechtsanwaltskanzlei Anwalt Hamburg Berlin Bremen Hannover L\u00fcbeck","article_publisher":"https:\/\/www.facebook.com\/STEINWACHSRechtsanwaltskanzlei\/","article_modified_time":"2023-12-05T06:10:22+00:00","twitter_card":"summary_large_image","twitter_site":"@rasteinwachs","twitter_misc":{"Tiempo de lectura":"2 minutos"},"schema":{"@context":"https:\/\/schema.org","@graph":[{"@type":"WebPage","@id":"https:\/\/www.kanzlei-steinwachs.de\/es\/ley-de-arrendamiento-3\/limite-de-alquiler\/","url":"https:\/\/www.kanzlei-steinwachs.de\/es\/ley-de-arrendamiento-3\/limite-de-alquiler\/","name":"Rechtsanwaltskanzlei in Hamburg Berlin Bremen Hannover L\u00fcbeck","isPartOf":{"@id":"https:\/\/www.kanzlei-steinwachs.de\/es\/#website"},"datePublished":"2023-11-21T04:42:18+00:00","dateModified":"2023-12-05T06:10:22+00:00","description":"Rechtsanwaltskanzlei f\u00fcr Arbeitsrecht, Arzthaftung, Mietrecht, Gewerbemietrecht ,Gastronomierecht, Immobilienrecht, Schadensersatz Yachtrecht","breadcrumb":{"@id":"https:\/\/www.kanzlei-steinwachs.de\/es\/ley-de-arrendamiento-3\/limite-de-alquiler\/#breadcrumb"},"inLanguage":"es","potentialAction":[{"@type":"ReadAction","target":["https:\/\/www.kanzlei-steinwachs.de\/es\/ley-de-arrendamiento-3\/limite-de-alquiler\/"]}]},{"@type":"BreadcrumbList","@id":"https:\/\/www.kanzlei-steinwachs.de\/es\/ley-de-arrendamiento-3\/limite-de-alquiler\/#breadcrumb","itemListElement":[{"@type":"ListItem","position":1,"name":"ley de arrendamiento","item":"https:\/\/www.kanzlei-steinwachs.de\/es\/ley-de-arrendamiento-3\/"},{"@type":"ListItem","position":2,"name":"L\u00edmite de alquiler"}]},{"@type":"WebSite","@id":"https:\/\/www.kanzlei-steinwachs.de\/es\/#website","url":"https:\/\/www.kanzlei-steinwachs.de\/es\/","name":"Rechtsanwaltskanzlei Anwalt Hamburg Berlin Bremen Hannover L\u00fcbeck","description":"Wir leisten mehr als Recht bietet","publisher":{"@id":"https:\/\/www.kanzlei-steinwachs.de\/es\/#organization"},"potentialAction":[{"@type":"SearchAction","target":{"@type":"EntryPoint","urlTemplate":"https:\/\/www.kanzlei-steinwachs.de\/es\/?s={search_term_string}"},"query-input":{"@type":"PropertyValueSpecification","valueRequired":true,"valueName":"search_term_string"}}],"inLanguage":"es"},{"@type":["Organization","Place"],"@id":"https:\/\/www.kanzlei-steinwachs.de\/es\/#organization","name":"Rechtsanwaltskanzlei Anwalt Hamburg Berlin Bremen Hannover L\u00fcbeck","url":"https:\/\/www.kanzlei-steinwachs.de\/","logo":{"@type":"ImageObject","inLanguage":"es","@id":"https:\/\/www.kanzlei-steinwachs.de\/es\/#\/schema\/logo\/image\/","url":"https:\/\/i0.wp.com\/www.kanzlei-steinwachs.de\/wp-content\/uploads\/2023\/12\/logo.webp?fit=174%2C76&quality=80&ssl=1","contentUrl":"https:\/\/i0.wp.com\/www.kanzlei-steinwachs.de\/wp-content\/uploads\/2023\/12\/logo.webp?fit=174%2C76&quality=80&ssl=1","width":174,"height":76,"caption":"Rechtsanwaltskanzlei Anwalt Hamburg Berlin Bremen Hannover L\u00fcbeck"},"image":{"@id":"https:\/\/www.kanzlei-steinwachs.de\/es\/#\/schema\/logo\/image\/"},"sameAs":["https:\/\/www.facebook.com\/STEINWACHSRechtsanwaltskanzlei\/","https:\/\/x.com\/rasteinwachs","https:\/\/www.instagram.com\/steinwachs_rechtsanwaelte\/","https:\/\/www.linkedin.com\/in\/stephan-steinwachs-7a270197\/","https:\/\/www.youtube.com\/channel\/UCffmodDlQx81remXm395RWA"],"telephone":[]}]}},"jetpack_sharing_enabled":true,"_links":{"self":[{"href":"https:\/\/www.kanzlei-steinwachs.de\/es\/wp-json\/wp\/v2\/pages\/15146","targetHints":{"allow":["GET"]}}],"collection":[{"href":"https:\/\/www.kanzlei-steinwachs.de\/es\/wp-json\/wp\/v2\/pages"}],"about":[{"href":"https:\/\/www.kanzlei-steinwachs.de\/es\/wp-json\/wp\/v2\/types\/page"}],"author":[{"embeddable":true,"href":"https:\/\/www.kanzlei-steinwachs.de\/es\/wp-json\/wp\/v2\/users\/1"}],"replies":[{"embeddable":true,"href":"https:\/\/www.kanzlei-steinwachs.de\/es\/wp-json\/wp\/v2\/comments?post=15146"}],"version-history":[{"count":0,"href":"https:\/\/www.kanzlei-steinwachs.de\/es\/wp-json\/wp\/v2\/pages\/15146\/revisions"}],"up":[{"embeddable":true,"href":"https:\/\/www.kanzlei-steinwachs.de\/es\/wp-json\/wp\/v2\/pages\/9398"}],"wp:attachment":[{"href":"https:\/\/www.kanzlei-steinwachs.de\/es\/wp-json\/wp\/v2\/media?parent=15146"}],"curies":[{"name":"wp","href":"https:\/\/api.w.org\/{rel}","templated":true}]}}