{"id":14558,"date":"2023-11-15T11:05:47","date_gmt":"2023-11-15T10:05:47","guid":{"rendered":"https:\/\/www.kanzlei-steinwachs.de\/legislacion\/"},"modified":"2023-12-04T10:26:38","modified_gmt":"2023-12-04T09:26:38","slug":"legislacion","status":"publish","type":"page","link":"https:\/\/www.kanzlei-steinwachs.de\/es\/legislacion\/","title":{"rendered":"legislaci\u00f3n"},"content":{"rendered":"<div class=\"wpb-content-wrapper\"><p>[vc_row content_width=\u00bbgrid\u00bb content_aligment=\u00bbcenter\u00bb triangle_shape=\u00bbno\u00bb css=\u00bb.vc_custom_1696926719838{padding-bottom: 10px !important;background-position: center !important;background-repeat: no-repeat !important;background-size: cover !important;}\u00bb][vc_column]<div class=\"mkd-separator-holder clearfix  mkd-separator-center mkd-separator-with-icon mkd-animate\" style=\"margin-top: 20px; margin-bottom: 30px\">\n\t<div class=\"mkd-separator\" style=\"border-color: #c18f59;border-style: solid;width: 97.5px\"><\/div>\n\t\t<div class=\"mkd-separator-icon\">\n\t\t\t                    \t\t\t\t\t\t<\/div>\n\t<div class=\"mkd-separator\" style=\"border-color: #c18f59;border-style: solid;width: 97.5px\"><\/div>\n<\/div>\n[\/vc_column][\/vc_row][vc_row triangle_shape=\u00bbno\u00bb css=\u00bb.vc_custom_1700480366669{padding-bottom: 20px !important;}\u00bb][vc_column][vc_column_text css=\u00bb.vc_custom_1700480292174{margin-bottom: 0px !important;padding-top: 20px !important;padding-bottom: 1px !important;}\u00bb]En la Rep\u00fablica Federal de Alemania la legislaci\u00f3n es competencia de los parlamentos; Por tanto, el Bundestag alem\u00e1n es el \u00f3rgano legislativo m\u00e1s importante. Decide, con la participaci\u00f3n del Consejo Federal, todas las leyes que entran dentro del \u00e1mbito de competencia del gobierno federal. Los miembros del Bundestag y de los grupos parlamentarios pueden, al igual que el Bundesrat y el Gobierno federal, presentar proyectos de ley nuevos o revisados \u200b\u200bal Bundestag. El debate, la consulta y la votaci\u00f3n del proyecto de ley se llevan a cabo aqu\u00ed seg\u00fan un proceso exactamente definido. Dado que los estados del sistema federal tienen una parte importante del poder estatal, el Consejo Federal tambi\u00e9n participa en el proceso legislativo. Hace que todas las leyes se sometan a votaci\u00f3n y, dependiendo del tipo de ley, incluso puede hacer que un proyecto de ley fracase.[\/vc_column_text][vc_column_text css=\u00bb.vc_custom_1700480285055{padding-top: 10px !important;}\u00bb]Seg\u00fan el art\u00edculo 70 de la Ley Fundamental, el derecho a legislar pertenece en general a los estados federados, a menos que la Ley Fundamental haya asignado competencia legislativa al Gobierno federal en casos concretos. De hecho, la mayor\u00eda de los poderes legislativos recaen en el gobierno federal. La asignaci\u00f3n de responsabilidades legislativas se realiza seg\u00fan \u00e1reas tem\u00e1ticas. La mayor\u00eda de las materias se enumeran en los art\u00edculos 72 y siguientes GG; Sin embargo, tambi\u00e9n se pueden encontrar asignaciones de responsabilidad en muchas otras disposiciones de la Ley Fundamental. Hasta que la ley que modifica la Ley Fundamental del 28 de agosto de 2006 (BGBl. I p. 2034) entr\u00f3 en vigor el 1 de septiembre de 2006 (\u201creforma del federalismo\u201d), la Ley Fundamental diferenciaba en los art\u00edculos 70 a 75 de la Ley Fundamental entre los exclusiva, la competencial y la legislaci\u00f3n marco federal. Con la reforma del federalismo se aboli\u00f3 la legislaci\u00f3n marco federal y se reasign\u00f3 su objeto. La Ley Fundamental distingue ahora entre legislaci\u00f3n federal exclusiva y competencia en los art\u00edculos 70 a 73 de la Ley Fundamental.[\/vc_column_text][\/vc_column][\/vc_row][vc_row triangle_shape=\u00bbno\u00bb css=\u00bb.vc_custom_1700480453302{padding-bottom: 20px !important;}\u00bb][vc_column]\n<h2 class=\"mkd-custom-font-holder\" style=\"font-size: 20px;line-height: 20px;font-weight: 700\" data-font-size= 20 data-line-height= 20>\n\tInitiativen von Bundesregierung oder Bundesrat<\/h2>[vc_column_text css=\u00bb.vc_custom_1700480326655{padding-top: 10px !important;}\u00bb]Si el gobierno federal quiere modificar o introducir una ley, el Canciller debe presentar primero el proyecto de ley al Bundesrat. Por lo general, el Consejo Federal dispone de seis semanas para emitir una declaraci\u00f3n, a la que el gobierno puede responder por escrito. A continuaci\u00f3n, la Canciller env\u00eda el borrador y la declaraci\u00f3n al Bundestag. La ley de presupuesto es una excepci\u00f3n a este proceso: los proyectos de ley se env\u00edan al mismo tiempo al Bundesrat y al Bundestag. Un procedimiento similar se aplica a las iniciativas legislativas del Consejo Federal. Una vez que la mayor\u00eda de los miembros del Consejo Federal ha decidido sobre un proyecto de ley, \u00e9ste se env\u00eda primero al gobierno federal. Le entregar\u00e1 una declaraci\u00f3n en un plazo de seis semanas y luego la transmitir\u00e1 al Bundestag.[\/vc_column_text][\/vc_column][\/vc_row][vc_row triangle_shape=\u00bbno\u00bb css=\u00bb.vc_custom_1700480460405{padding-bottom: 20px !important;}\u00bb][vc_column]\n<h2 class=\"mkd-custom-font-holder\" style=\"font-size: 20px;line-height: 20px;font-weight: 700\" data-font-size= 20 data-line-height= 20>\n\tInitiativen aus der Mitte des Parlaments<\/h2>[vc_column_text css=\u00bb.vc_custom_1700480426287{padding-top: 10px !important;}\u00bb]Los proyectos de ley tambi\u00e9n pueden ser iniciados por los diputados: ya sea por al menos un grupo parlamentario o por al menos el cinco por ciento de los miembros del Bundestag, que actualmente corresponde a 31 diputados. Estos proyectos no tienen que presentarse primero al Consejo Federal. Por eso el Gobierno presenta a trav\u00e9s de sus grupos parlamentarios proyectos de ley especialmente urgentes.  <\/p>\n<div id=\"gtx-trans\" style=\"position: absolute; left: 131px; top: 38px;\">\n<div class=\"gtx-trans-icon\"><\/div>\n<\/div>\n<p>[\/vc_column_text][\/vc_column][\/vc_row][vc_row triangle_shape=\u00bbno\u00bb css=\u00bb.vc_custom_1700480460405{padding-bottom: 20px !important;}\u00bb][vc_column]\n<h2 class=\"mkd-custom-font-holder\" style=\"font-size: 20px;line-height: 20px;font-weight: 700\" data-font-size= 20 data-line-height= 20>\n\tVerteilung der Drucksache<\/h2>[vc_column_text css=\u00bb.vc_custom_1700480485830{padding-top: 10px !important;}\u00bb]Antes de que un proyecto de ley pueda ser discutido en el Bundestag, primero debe enviarse al Presidente del Bundestag y la administraci\u00f3n lo registra e imprime. Luego se distribuye como material impreso del Bundestag a todos los miembros del Bundestag, al Bundesrat y a los ministerios federales. Una vez que el proyecto de ley figura en el orden del d\u00eda del pleno, ha completado la primera parte de su camino: ahora est\u00e1 a punto de hacer su aparici\u00f3n p\u00fablica y oficial en el Bundestag.[\/vc_column_text][\/vc_column][\/vc_row][vc_row triangle_shape=\u00bbno\u00bb css=\u00bb.vc_custom_1700480460405{padding-bottom: 20px !important;}\u00bb][vc_column]\n<h2 class=\"mkd-custom-font-holder\" style=\"font-size: 20px;line-height: 20px;font-weight: 700\" data-font-size= 20 data-line-height= 20>\n\tDrei Lesungen im Plenum<\/h2>[vc_column_text css=\u00bb.vc_custom_1700480511822{padding-top: 10px !important;}\u00bb]Por regla general, los proyectos de ley pasan por tres debates en el pleno del Bundestag: las llamadas lecturas. Se llevar\u00e1 a cabo un debate en primera lectura si as\u00ed lo acuerda el Consejo de Ancianos o si lo solicita al menos el cinco por ciento de los diputados. Esto suele ocurrir cuando las propuestas legislativas son particularmente controvertidas o de inter\u00e9s para el p\u00fablico. El objetivo principal de la primera lectura es nombrar uno o m\u00e1s comit\u00e9s basados \u200b\u200ben las recomendaciones del Consejo de Ancianos para abordar el proyecto de ley desde una perspectiva t\u00e9cnica y prepararlo para la segunda lectura. Si se nombran varios comit\u00e9s, uno de ellos estar\u00e1 a cargo. Por tanto, es responsable del progreso del procedimiento. Los dem\u00e1s comit\u00e9s tienen una funci\u00f3n consultiva.[\/vc_column_text][\/vc_column][\/vc_row][vc_row triangle_shape=\u00bbno\u00bb css=\u00bb.vc_custom_1700480460405{padding-bottom: 20px !important;}\u00bb][vc_column]\n<h2 class=\"mkd-custom-font-holder\" style=\"font-size: 20px;line-height: 20px;font-weight: 700\" data-font-size= 20 data-line-height= 20>\n\tArbeit in den Aussch\u00fcssen<\/h2>[vc_column_text css=\u00bb.vc_custom_1700480542206{padding-top: 10px !important;}\u00bb]El trabajo detallado sobre la legislaci\u00f3n se lleva a cabo en las comisiones permanentes, compuestas por representantes de todos los grupos parlamentarios. Los miembros del comit\u00e9 se familiarizan con el asunto y consultan en las reuniones. Tambi\u00e9n puede invitar a partes interesadas y expertos a audiencias p\u00fablicas. Paralelamente al trabajo de la comisi\u00f3n, los grupos parlamentarios forman grupos de trabajo y grupos de trabajo en los que desarrollan y definen sus propias posiciones. No es raro que se tiendan puentes entre las facciones de los comit\u00e9s. En la interacci\u00f3n entre el gobierno y las facciones de la oposici\u00f3n, la mayor\u00eda de los proyectos de ley se revisan en mayor o menor medida. Una vez concluidas las deliberaciones, la comisi\u00f3n coordinadora presenta al pleno un informe sobre el desarrollo y los resultados de las deliberaciones. Sus recomendaciones de resoluci\u00f3n son la base para la siguiente segunda lectura en el pleno.[\/vc_column_text][\/vc_column][\/vc_row][vc_row triangle_shape=\u00bbno\u00bb css=\u00bb.vc_custom_1700480460405{padding-bottom: 20px !important;}\u00bb][vc_column]\n<h2 class=\"mkd-custom-font-holder\" style=\"font-size: 20px;line-height: 20px;font-weight: 700\" data-font-size= 20 data-line-height= 20>\n\tAussprache in der zweiten Lesung<\/h2>[vc_column_text css=\u00bb.vc_custom_1700480564366{padding-top: 10px !important;}\u00bb]Antes de la segunda lectura, todos los parlamentarios recibieron la recomendaci\u00f3n de resoluci\u00f3n publicada en forma impresa. De esta manera estar\u00e1 bien preparado para el debate. Adem\u00e1s, los grupos parlamentarios volvieron a votar su posici\u00f3n en reuniones internas. Porque en el segundo encuentro p\u00fablico es importante demostrar unidad. Despu\u00e9s de la discusi\u00f3n general, se podr\u00e1 acceder individualmente a todas las disposiciones del proyecto de ley. Por regla general, todo el proyecto de ley se vota directamente. Cualquier miembro del Parlamento puede proponer enmiendas, que luego se tratan directamente en el pleno. Si el pleno decide cambios, primero deber\u00e1 imprimirse y distribuirse la nueva versi\u00f3n del proyecto de ley. Sin embargo, con el consentimiento de dos tercios de los miembros presentes, este procedimiento podr\u00e1 abreviarse. La tercera lectura puede entonces comenzar inmediatamente.[\/vc_column_text][\/vc_column][\/vc_row][vc_row triangle_shape=\u00bbno\u00bb css=\u00bb.vc_custom_1700480460405{padding-bottom: 20px !important;}\u00bb][vc_column]\n<h2 class=\"mkd-custom-font-holder\" style=\"font-size: 20px;line-height: 20px;font-weight: 700\" data-font-size= 20 data-line-height= 20>\n\tAbstimmung in der dritten Lesung<\/h2>[vc_column_text css=\u00bb.vc_custom_1700480593538{padding-top: 10px !important;}\u00bb]En la tercera lectura s\u00f3lo se celebrar\u00e1 un nuevo debate si as\u00ed lo solicita un grupo pol\u00edtico o al menos el cinco por ciento de los diputados. Ahora ya no se permiten enmiendas de diputados individuales, sino s\u00f3lo de grupos parlamentarios o del cinco por ciento de los miembros del Bundestag y s\u00f3lo de enmiendas de la segunda lectura. La votaci\u00f3n final tiene lugar al final de la tercera lectura. A la pregunta del presidente del Bundestag sobre la aprobaci\u00f3n, los votos en contra y las abstenciones, los diputados se levantaron de sus esca\u00f1os. Si el proyecto de ley obtiene la mayor\u00eda necesaria en el Bundestag, se enviar\u00e1 al Bundesrat como ley.    <\/p>\n<div id=\"gtx-trans\" style=\"position: absolute; left: 88px; top: 38px;\">\n<div class=\"gtx-trans-icon\"><\/div>\n<\/div>\n<p>[\/vc_column_text][\/vc_column][\/vc_row][vc_row triangle_shape=\u00bbno\u00bb css=\u00bb.vc_custom_1700480460405{padding-bottom: 20px !important;}\u00bb][vc_column]\n<h2 class=\"mkd-custom-font-holder\" style=\"font-size: 20px;line-height: 20px;font-weight: 700\" data-font-size= 20 data-line-height= 20>\n\tZustimmung des Bundesrates<\/h2>[vc_column_text css=\u00bb.vc_custom_1700480612355{padding-top: 10px !important;}\u00bb]Los estados federados participan en todas las leyes a trav\u00e9s del Consejo Federal. Sus derechos de participaci\u00f3n est\u00e1n definidos con precisi\u00f3n. El Bundesrat no puede modificar la ley aprobada por el Bundestag. Sin embargo, si no est\u00e1 de acuerdo con la ley, puede apelar ante el comit\u00e9 de mediaci\u00f3n. En el comit\u00e9 de mediaci\u00f3n participan un n\u00famero igual de miembros del Bundestag y del Bundesrat. Para las leyes de consentimiento es obligatorio el consentimiento del Consejo Federal. Se trata, por ejemplo, de leyes que afectan a las finanzas y a la responsabilidad administrativa de los estados. En particular, las leyes que modifican la Constituci\u00f3n en el sentido del art\u00edculo 79, apartado 2 de la Ley Fundamental requieren aprobaci\u00f3n. En el caso de leyes de oposici\u00f3n, el Bundestag puede permitir que una ley entre en vigor incluso si no se ha llegado a un acuerdo en el comit\u00e9 de mediaci\u00f3n. Sin embargo, en una nueva votaci\u00f3n en el Bundestag se necesitar\u00e1 la mayor\u00eda absoluta.[\/vc_column_text][\/vc_column][\/vc_row][vc_row triangle_shape=\u00bbno\u00bb css=\u00bb.vc_custom_1700480684526{padding-bottom: 50px !important;}\u00bb][vc_column]\n<h2 class=\"mkd-custom-font-holder\" style=\"font-size: 20px;line-height: 20px;font-weight: 700\" data-font-size= 20 data-line-height= 20>\n\tIn-Kraft-Treten des Gesetzes<\/h2>[vc_column_text css=\u00bb.vc_custom_1700480643661{padding-top: 10px !important;}\u00bb]Una vez que el proyecto de ley haya sido aprobado por el Bundestag y el Bundesrat, deber\u00e1 pasar por otras etapas para entrar en vigor como ley. La ley aprobada se imprime primero y se env\u00eda al Canciller Federal y al ministro responsable para su refrendo. A continuaci\u00f3n, el Presidente Federal recibe la ley que debe redactarse. Comprueba si se produjo de conformidad con la Constituci\u00f3n y si su contenido viola manifiestamente la Ley Fundamental. Luego lo firma y lo hace publicar en el Bolet\u00edn Oficial Federal. As\u00ed se proclama la ley. Si la ley no especifica una fecha espec\u00edfica de entrada en vigor, se aplicar\u00e1 autom\u00e1ticamente a partir del d\u00eda 14 despu\u00e9s de la publicaci\u00f3n del Bolet\u00edn Oficial Federal.      <\/p>\n<p>[\/vc_column_text][\/vc_column][\/vc_row]<\/p>\n<\/div>","protected":false},"excerpt":{"rendered":"<p>[vc_row content_width=\u00bbgrid\u00bb content_aligment=\u00bbcenter\u00bb triangle_shape=\u00bbno\u00bb css=\u00bb.vc_custom_1696926719838{padding-bottom: 10px !important;background-position: center !important;background-repeat: no-repeat !important;background-size: cover !important;}\u00bb][vc_column][\/vc_column][\/vc_row][vc_row triangle_shape=\u00bbno\u00bb css=\u00bb.vc_custom_1700480366669{padding-bottom: 20px !important;}\u00bb][vc_column][vc_column_text css=\u00bb.vc_custom_1700480292174{margin-bottom: 0px !important;padding-top: 20px !important;padding-bottom: 1px !important;}\u00bb]En la Rep\u00fablica Federal de Alemania la legislaci\u00f3n es competencia de los parlamentos; Por tanto, el Bundestag alem\u00e1n es el \u00f3rgano legislativo m\u00e1s importante. Decide, con la participaci\u00f3n del Consejo Federal, todas las leyes que entran dentro del \u00e1mbito de competencia del gobierno federal. Los miembros del Bundestag y de los grupos parlamentarios pueden, al igual que el Bundesrat y el Gobierno federal, presentar proyectos de ley nuevos o revisados \u200b\u200bal Bundestag. El debate, la consulta y&#8230;<\/p>\n","protected":false},"author":1,"featured_media":0,"parent":0,"menu_order":0,"comment_status":"closed","ping_status":"closed","template":"","meta":{"footnotes":""},"class_list":["post-14558","page","type-page","status-publish","hentry"],"yoast_head":"<!-- This site is optimized with the Yoast SEO Premium plugin v27.2 (Yoast SEO v27.5) - https:\/\/yoast.com\/product\/yoast-seo-premium-wordpress\/ -->\n<title>Rechtsanwaltskanzlei in Hamburg Berlin Bremen Hannover L\u00fcbeck<\/title>\n<meta name=\"description\" content=\"Rechtsanwaltskanzlei f\u00fcr Arbeitsrecht, Arzthaftung, Mietrecht, Gewerbemietrecht ,Gastronomierecht, Immobilienrecht, Schadensersatz Yachtrecht\" \/>\n<meta name=\"robots\" content=\"index, follow, max-snippet:-1, max-image-preview:large, max-video-preview:-1\" \/>\n<link rel=\"canonical\" href=\"https:\/\/www.kanzlei-steinwachs.de\/es\/legislacion\/\" \/>\n<meta property=\"og:locale\" content=\"es_ES\" \/>\n<meta property=\"og:type\" content=\"article\" \/>\n<meta property=\"og:title\" content=\"Rechtsanwaltskanzlei in Hamburg Berlin Bremen Hannover L\u00fcbeck\" \/>\n<meta property=\"og:description\" content=\"Rechtsanwaltskanzlei f\u00fcr Arbeitsrecht, Arzthaftung, Mietrecht, Gewerbemietrecht ,Gastronomierecht, Immobilienrecht, Schadensersatz Yachtrecht\" \/>\n<meta property=\"og:url\" content=\"https:\/\/www.kanzlei-steinwachs.de\/es\/legislacion\/\" \/>\n<meta property=\"og:site_name\" content=\"Rechtsanwaltskanzlei Anwalt Hamburg Berlin Bremen Hannover L\u00fcbeck\" \/>\n<meta property=\"article:publisher\" content=\"https:\/\/www.facebook.com\/STEINWACHSRechtsanwaltskanzlei\/\" \/>\n<meta property=\"article:modified_time\" content=\"2023-12-04T09:26:38+00:00\" \/>\n<meta name=\"twitter:card\" content=\"summary_large_image\" \/>\n<meta name=\"twitter:site\" content=\"@rasteinwachs\" \/>\n<meta name=\"twitter:label1\" content=\"Tiempo de lectura\" \/>\n\t<meta name=\"twitter:data1\" content=\"10 minutos\" \/>\n<script type=\"application\/ld+json\" class=\"yoast-schema-graph\">{\"@context\":\"https:\\\/\\\/schema.org\",\"@graph\":[{\"@type\":\"WebPage\",\"@id\":\"https:\\\/\\\/www.kanzlei-steinwachs.de\\\/es\\\/legislacion\\\/\",\"url\":\"https:\\\/\\\/www.kanzlei-steinwachs.de\\\/es\\\/legislacion\\\/\",\"name\":\"Rechtsanwaltskanzlei in Hamburg Berlin Bremen Hannover L\u00fcbeck\",\"isPartOf\":{\"@id\":\"https:\\\/\\\/www.kanzlei-steinwachs.de\\\/es\\\/#website\"},\"datePublished\":\"2023-11-15T10:05:47+00:00\",\"dateModified\":\"2023-12-04T09:26:38+00:00\",\"description\":\"Rechtsanwaltskanzlei f\u00fcr Arbeitsrecht, Arzthaftung, Mietrecht, Gewerbemietrecht ,Gastronomierecht, Immobilienrecht, Schadensersatz Yachtrecht\",\"inLanguage\":\"es\",\"potentialAction\":[{\"@type\":\"ReadAction\",\"target\":[\"https:\\\/\\\/www.kanzlei-steinwachs.de\\\/es\\\/legislacion\\\/\"]}]},{\"@type\":\"WebSite\",\"@id\":\"https:\\\/\\\/www.kanzlei-steinwachs.de\\\/es\\\/#website\",\"url\":\"https:\\\/\\\/www.kanzlei-steinwachs.de\\\/es\\\/\",\"name\":\"Rechtsanwaltskanzlei Anwalt Hamburg Berlin Bremen Hannover L\u00fcbeck\",\"description\":\"Wir leisten mehr als Recht bietet\",\"publisher\":{\"@id\":\"https:\\\/\\\/www.kanzlei-steinwachs.de\\\/es\\\/#organization\"},\"potentialAction\":[{\"@type\":\"SearchAction\",\"target\":{\"@type\":\"EntryPoint\",\"urlTemplate\":\"https:\\\/\\\/www.kanzlei-steinwachs.de\\\/es\\\/?s={search_term_string}\"},\"query-input\":{\"@type\":\"PropertyValueSpecification\",\"valueRequired\":true,\"valueName\":\"search_term_string\"}}],\"inLanguage\":\"es\"},{\"@type\":[\"Organization\",\"Place\"],\"@id\":\"https:\\\/\\\/www.kanzlei-steinwachs.de\\\/es\\\/#organization\",\"name\":\"Rechtsanwaltskanzlei Anwalt Hamburg Berlin Bremen Hannover L\u00fcbeck\",\"url\":\"https:\\\/\\\/www.kanzlei-steinwachs.de\\\/\",\"logo\":{\"@type\":\"ImageObject\",\"inLanguage\":\"es\",\"@id\":\"https:\\\/\\\/www.kanzlei-steinwachs.de\\\/es\\\/#\\\/schema\\\/logo\\\/image\\\/\",\"url\":\"https:\\\/\\\/i0.wp.com\\\/www.kanzlei-steinwachs.de\\\/wp-content\\\/uploads\\\/2023\\\/12\\\/logo.webp?fit=174%2C76&quality=80&ssl=1\",\"contentUrl\":\"https:\\\/\\\/i0.wp.com\\\/www.kanzlei-steinwachs.de\\\/wp-content\\\/uploads\\\/2023\\\/12\\\/logo.webp?fit=174%2C76&quality=80&ssl=1\",\"width\":174,\"height\":76,\"caption\":\"Rechtsanwaltskanzlei Anwalt Hamburg Berlin Bremen Hannover L\u00fcbeck\"},\"image\":{\"@id\":\"https:\\\/\\\/www.kanzlei-steinwachs.de\\\/es\\\/#\\\/schema\\\/logo\\\/image\\\/\"},\"sameAs\":[\"https:\\\/\\\/www.facebook.com\\\/STEINWACHSRechtsanwaltskanzlei\\\/\",\"https:\\\/\\\/x.com\\\/rasteinwachs\",\"https:\\\/\\\/www.instagram.com\\\/steinwachs_rechtsanwaelte\\\/\",\"https:\\\/\\\/www.linkedin.com\\\/in\\\/stephan-steinwachs-7a270197\\\/\",\"https:\\\/\\\/www.youtube.com\\\/channel\\\/UCffmodDlQx81remXm395RWA\"],\"telephone\":[]}]}<\/script>\n<!-- \/ Yoast SEO Premium plugin. -->","yoast_head_json":{"title":"Rechtsanwaltskanzlei in Hamburg Berlin Bremen Hannover L\u00fcbeck","description":"Rechtsanwaltskanzlei f\u00fcr Arbeitsrecht, Arzthaftung, Mietrecht, Gewerbemietrecht ,Gastronomierecht, Immobilienrecht, Schadensersatz Yachtrecht","robots":{"index":"index","follow":"follow","max-snippet":"max-snippet:-1","max-image-preview":"max-image-preview:large","max-video-preview":"max-video-preview:-1"},"canonical":"https:\/\/www.kanzlei-steinwachs.de\/es\/legislacion\/","og_locale":"es_ES","og_type":"article","og_title":"Rechtsanwaltskanzlei in Hamburg Berlin Bremen Hannover L\u00fcbeck","og_description":"Rechtsanwaltskanzlei f\u00fcr Arbeitsrecht, Arzthaftung, Mietrecht, Gewerbemietrecht ,Gastronomierecht, Immobilienrecht, Schadensersatz Yachtrecht","og_url":"https:\/\/www.kanzlei-steinwachs.de\/es\/legislacion\/","og_site_name":"Rechtsanwaltskanzlei Anwalt Hamburg Berlin Bremen Hannover L\u00fcbeck","article_publisher":"https:\/\/www.facebook.com\/STEINWACHSRechtsanwaltskanzlei\/","article_modified_time":"2023-12-04T09:26:38+00:00","twitter_card":"summary_large_image","twitter_site":"@rasteinwachs","twitter_misc":{"Tiempo de lectura":"10 minutos"},"schema":{"@context":"https:\/\/schema.org","@graph":[{"@type":"WebPage","@id":"https:\/\/www.kanzlei-steinwachs.de\/es\/legislacion\/","url":"https:\/\/www.kanzlei-steinwachs.de\/es\/legislacion\/","name":"Rechtsanwaltskanzlei in Hamburg Berlin Bremen Hannover L\u00fcbeck","isPartOf":{"@id":"https:\/\/www.kanzlei-steinwachs.de\/es\/#website"},"datePublished":"2023-11-15T10:05:47+00:00","dateModified":"2023-12-04T09:26:38+00:00","description":"Rechtsanwaltskanzlei f\u00fcr Arbeitsrecht, Arzthaftung, Mietrecht, Gewerbemietrecht ,Gastronomierecht, Immobilienrecht, Schadensersatz Yachtrecht","inLanguage":"es","potentialAction":[{"@type":"ReadAction","target":["https:\/\/www.kanzlei-steinwachs.de\/es\/legislacion\/"]}]},{"@type":"WebSite","@id":"https:\/\/www.kanzlei-steinwachs.de\/es\/#website","url":"https:\/\/www.kanzlei-steinwachs.de\/es\/","name":"Rechtsanwaltskanzlei Anwalt Hamburg Berlin Bremen Hannover L\u00fcbeck","description":"Wir leisten mehr als Recht bietet","publisher":{"@id":"https:\/\/www.kanzlei-steinwachs.de\/es\/#organization"},"potentialAction":[{"@type":"SearchAction","target":{"@type":"EntryPoint","urlTemplate":"https:\/\/www.kanzlei-steinwachs.de\/es\/?s={search_term_string}"},"query-input":{"@type":"PropertyValueSpecification","valueRequired":true,"valueName":"search_term_string"}}],"inLanguage":"es"},{"@type":["Organization","Place"],"@id":"https:\/\/www.kanzlei-steinwachs.de\/es\/#organization","name":"Rechtsanwaltskanzlei Anwalt Hamburg Berlin Bremen Hannover L\u00fcbeck","url":"https:\/\/www.kanzlei-steinwachs.de\/","logo":{"@type":"ImageObject","inLanguage":"es","@id":"https:\/\/www.kanzlei-steinwachs.de\/es\/#\/schema\/logo\/image\/","url":"https:\/\/i0.wp.com\/www.kanzlei-steinwachs.de\/wp-content\/uploads\/2023\/12\/logo.webp?fit=174%2C76&quality=80&ssl=1","contentUrl":"https:\/\/i0.wp.com\/www.kanzlei-steinwachs.de\/wp-content\/uploads\/2023\/12\/logo.webp?fit=174%2C76&quality=80&ssl=1","width":174,"height":76,"caption":"Rechtsanwaltskanzlei Anwalt Hamburg Berlin Bremen Hannover L\u00fcbeck"},"image":{"@id":"https:\/\/www.kanzlei-steinwachs.de\/es\/#\/schema\/logo\/image\/"},"sameAs":["https:\/\/www.facebook.com\/STEINWACHSRechtsanwaltskanzlei\/","https:\/\/x.com\/rasteinwachs","https:\/\/www.instagram.com\/steinwachs_rechtsanwaelte\/","https:\/\/www.linkedin.com\/in\/stephan-steinwachs-7a270197\/","https:\/\/www.youtube.com\/channel\/UCffmodDlQx81remXm395RWA"],"telephone":[]}]}},"jetpack_sharing_enabled":true,"_links":{"self":[{"href":"https:\/\/www.kanzlei-steinwachs.de\/es\/wp-json\/wp\/v2\/pages\/14558","targetHints":{"allow":["GET"]}}],"collection":[{"href":"https:\/\/www.kanzlei-steinwachs.de\/es\/wp-json\/wp\/v2\/pages"}],"about":[{"href":"https:\/\/www.kanzlei-steinwachs.de\/es\/wp-json\/wp\/v2\/types\/page"}],"author":[{"embeddable":true,"href":"https:\/\/www.kanzlei-steinwachs.de\/es\/wp-json\/wp\/v2\/users\/1"}],"replies":[{"embeddable":true,"href":"https:\/\/www.kanzlei-steinwachs.de\/es\/wp-json\/wp\/v2\/comments?post=14558"}],"version-history":[{"count":0,"href":"https:\/\/www.kanzlei-steinwachs.de\/es\/wp-json\/wp\/v2\/pages\/14558\/revisions"}],"wp:attachment":[{"href":"https:\/\/www.kanzlei-steinwachs.de\/es\/wp-json\/wp\/v2\/media?parent=14558"}],"curies":[{"name":"wp","href":"https:\/\/api.w.org\/{rel}","templated":true}]}}