{"id":14493,"date":"2023-11-15T11:11:49","date_gmt":"2023-11-15T10:11:49","guid":{"rendered":"https:\/\/www.kanzlei-steinwachs.de\/platos\/"},"modified":"2023-12-04T07:30:03","modified_gmt":"2023-12-04T06:30:03","slug":"platos","status":"publish","type":"page","link":"https:\/\/www.kanzlei-steinwachs.de\/es\/platos\/","title":{"rendered":"platos"},"content":{"rendered":"<div class=\"wpb-content-wrapper\"><p>[vc_row content_width=\u00bbgrid\u00bb content_aligment=\u00bbcenter\u00bb triangle_shape=\u00bbno\u00bb css=\u00bb.vc_custom_1696926719838{padding-bottom: 10px !important;background-position: center !important;background-repeat: no-repeat !important;background-size: cover !important;}\u00bb][vc_column]<div class=\"mkd-separator-holder clearfix  mkd-separator-center mkd-separator-with-icon mkd-animate\" style=\"margin-top: 20px; margin-bottom: 30px\">\n\t<div class=\"mkd-separator\" style=\"border-color: #c18f59;border-style: solid;width: 97.5px\"><\/div>\n\t\t<div class=\"mkd-separator-icon\">\n\t\t\t                    \t\t\t\t\t\t<\/div>\n\t<div class=\"mkd-separator\" style=\"border-color: #c18f59;border-style: solid;width: 97.5px\"><\/div>\n<\/div>\n[\/vc_column][\/vc_row][vc_row triangle_shape=\u00bbno\u00bb css=\u00bb.vc_custom_1700481456597{padding-bottom: 20px !important;}\u00bb][vc_column]\n<h2 class=\"mkd-custom-font-holder\" style=\"font-size: 20px;line-height: 30px;font-weight: 700\" data-font-size= 20 data-line-height= 30>\n\tDieser Abschnitt gibt einen \u00dcberblick \u00fcber das Gerichtssystem in Deutschland.<\/h2>[vc_column_text css=\u00bb.vc_custom_1700481415304{padding-top: 10px !important;}\u00bb]<\/p>\n<p style=\"text-align: left;\">Se entiende por derecho general de contratos el conjunto de disposiciones jur\u00eddicas que se ocupan de los contratos y modalidades contractuales de todo tipo de derecho privado y de las relaciones jur\u00eddicas entre los contratantes.<\/p>\n<div id=\"gtx-trans\" style=\"position: absolute; left: 72px; top: 113px;\">\n<div class=\"gtx-trans-icon\"><\/div>\n<\/div>\n<p>[\/vc_column_text][\/vc_column][\/vc_row][vc_row triangle_shape=\u00bbno\u00bb css=\u00bb.vc_custom_1700481456597{padding-bottom: 20px !important;}\u00bb][vc_column][vc_column_text css=\u00bb.vc_custom_1700481501191{padding-top: 10px !important;}\u00bb]La jurisdicci\u00f3n en Alemania se divide en cinco ramas <strong>judiciales independientes y especializadas<\/strong><strong>:<\/strong>[\/vc_column_text]<div class=\"mkd-unordered-list \" ><ul>\n<li>Ordentliche Gerichtsbarkeit<\/li>\n<li>Arbeitsgerichtsbarkeit<\/li>\n<li>Allgemeine Verwaltungsgerichtsbarkeit<\/li>\n<li>Finanzgerichtsbarkeit<\/li>\n<li>Sozialgerichtsbarkeit<\/li>\n<\/ul>\n<\/div>[vc_column_text css=\u00bb.vc_custom_1700481559519{padding-top: 10px !important;}\u00bb]Adem\u00e1s de estas jurisdicciones, tambi\u00e9n existe la jurisdicci\u00f3n constitucional, que incluye el <strong>Tribunal Constitucional Federal<\/strong> y los <strong>tribunales constitucionales de los estados federados<\/strong>.[\/vc_column_text][vc_column_text css=\u00bb.vc_custom_1700481540103{padding-top: 10px !important;}\u00bb]En el sitio web del <a href=\"http:\/\/www.bmj.de\/\" target=\"_blank\" rel=\"noopener\">Ministerio Federal de Justicia<\/a> encontrar\u00e1 una visi\u00f3n general de la estructura judicial en Alemania.[\/vc_column_text][\/vc_column][\/vc_row][vc_row triangle_shape=\u00bbno\u00bb css=\u00bb.vc_custom_1700481456597{padding-bottom: 20px !important;}\u00bb][vc_column]\n<h2 class=\"mkd-custom-font-holder\" style=\"font-size: 20px;line-height: 20px;font-weight: 700\" data-font-size= 20 data-line-height= 20>\n\tVerwaltung der Gerichte<\/h2>[vc_column_text css=\u00bb.vc_custom_1700481692766{padding-top: 10px !important;}\u00bb]Los tribunales estatales son administrados por los ministerios de justicia. A nivel federal, el Ministerio Federal de Justicia es responsable del <a href=\"http:\/\/www.bundesgerichtshof.de\/\" target=\"_blank\" rel=\"noopener\">Tribunal Federal de Justicia<\/a>, del <a href=\"http:\/\/www.bverwg.de\/\" target=\"_blank\" rel=\"noopener\">Tribunal Administrativo Federal<\/a> y del <a href=\"http:\/\/www.bundesfinanzhof.de\/\" target=\"_blank\" rel=\"noopener\">Tribunal Federal de Finanzas<\/a>.  El Ministerio Federal de Trabajo y Asuntos Sociales es responsable del <a href=\"http:\/\/www.bundesarbeitsgericht.de\/\" target=\"_blank\" rel=\"noopener\">Tribunal Federal del Trabajo<\/a> y del <a href=\"http:\/\/www.bundessozialgericht.de\/\" target=\"_blank\" rel=\"noopener\">Tribunal Social Federal.<\/a>[\/vc_column_text][vc_column_text css=\u00bb.vc_custom_1700481683847{padding-top: 10px !important;}\u00bb]Los ministerios competentes tambi\u00e9n gestionan el presupuesto. La \u00fanica excepci\u00f3n es el <a href=\"http:\/\/www.bundesverfassungsgericht.de\/\" target=\"_blank\" rel=\"noopener\">Tribunal Constitucional Federal<\/a>, al que, como \u00f3rgano constitucional independiente, se le concedi\u00f3 autonom\u00eda administrativa.  Elabora su propio presupuesto y lo somete a aprobaci\u00f3n.[\/vc_column_text][\/vc_column][\/vc_row][vc_row triangle_shape=\u00bbno\u00bb css=\u00bb.vc_custom_1700481456597{padding-bottom: 20px !important;}\u00bb][vc_column]\n<h2 class=\"mkd-custom-font-holder\" style=\"font-size: 20px;line-height: 20px;font-weight: 700\" data-font-size= 20 data-line-height= 20>\n\tGerichtsbarkeiten \u2013 kurze Beschreibung<\/h2>[vc_column_text css=\u00bb.vc_custom_1700481726343{padding-top: 10px !important;}\u00bb]En Alemania existe jurisdicci\u00f3n ordinaria y jurisdicci\u00f3n especializada. La jurisdicci\u00f3n ordinaria incluye la jurisdicci\u00f3n civil y penal. La jurisdicci\u00f3n especializada incluye los tribunales administrativos, financieros, laborales y sociales. Adem\u00e1s, existe competencia constitucional en el Tribunal Constitucional Federal y los tribunales constitucionales de los estados federados.[\/vc_column_text][\/vc_column][\/vc_row][vc_row triangle_shape=\u00bbno\u00bb css=\u00bb.vc_custom_1700481456597{padding-bottom: 20px !important;}\u00bb][vc_column]\n<h2 class=\"mkd-custom-font-holder\" style=\"font-size: 20px;line-height: 20px;font-weight: 700\" data-font-size= 20 data-line-height= 20>\n\tGerichtshierarchie<\/h2>[vc_column_text css=\u00bb.vc_custom_1700481755903{padding-top: 10px !important;}\u00bb]V\u00e9ase la jerarqu\u00eda judicial proporcionada por el <a href=\"http:\/\/www.bmjv.de\/SharedDocs\/Archiv\/Downloads\/Schaubild_Gerichtsaufbau_Deutsch.pdf;jsessionid=720F1B8B4C70A7B6CA83BC98C5FB22A9.1_cid289?__blob=publicationFile&amp;v=3\" target=\"_blank\" rel=\"noopener\">Ministerio Federal de Justicia.<\/a><\/p>\n<p>Puede encontrar una descripci\u00f3n general de todos los tribunales aqu\u00ed: Lista de direcciones de los tribunales[\/vc_column_text][\/vc_column][\/vc_row][vc_row triangle_shape=\u00bbno\u00bb css=\u00bb.vc_custom_1697455870159{padding-bottom: 50px !important;}\u00bb][vc_column]\n<h2 class=\"mkd-custom-font-holder\" style=\"font-size: 20px;line-height: 20px;font-weight: 700\" data-font-size= 20 data-line-height= 20>\n\tLinks zum Thema<\/h2>[vc_column_text css=\u00bb.vc_custom_1700481629550{padding-top: 10px !important;}\u00bb]<\/p>\n<p><a href=\"http:\/\/www.bundesgerichtshof.de\/\" target=\"_blank\" rel=\"noopener\">Tribunal Federal de Justicia<\/a><\/p>\n<p><a href=\"http:\/\/www.bverwg.de\/\" target=\"_blank\" rel=\"noopener\">Tribunal Administrativo Federal<\/a><\/p>\n<p><a href=\"http:\/\/www.bundesfinanzhof.de\/\" target=\"_blank\" rel=\"noopener\">Tribunal Federal de Finanzas<\/a><\/p>\n<p><a href=\"http:\/\/www.bundesarbeitsgericht.de\/\" target=\"_blank\" rel=\"noopener\">Tribunal Federal del Trabajo<\/a><\/p>\n<p><a href=\"http:\/\/www.bundessozialgericht.de\/\" target=\"_blank\" rel=\"noopener\">Tribunal Social Federal<\/a><\/p>\n<p><a href=\"http:\/\/www.bundesverfassungsgericht.de\/\" target=\"_blank\" rel=\"noopener\">Tribunal Constitucional Federal<\/a><\/p>\n<p><a href=\"http:\/\/www.bmj.de\/SharedDocs\/Downloads\/DE\/Organisationsplan\">ministerio federal de justicia<\/a><\/p>\n<p>[\/vc_column_text][\/vc_column][\/vc_row]<\/p>\n<\/div>","protected":false},"excerpt":{"rendered":"<p>[vc_row content_width=\u00bbgrid\u00bb content_aligment=\u00bbcenter\u00bb triangle_shape=\u00bbno\u00bb css=\u00bb.vc_custom_1696926719838{padding-bottom: 10px !important;background-position: center !important;background-repeat: no-repeat !important;background-size: cover !important;}\u00bb][vc_column][\/vc_column][\/vc_row][vc_row triangle_shape=\u00bbno\u00bb css=\u00bb.vc_custom_1700481456597{padding-bottom: 20px !important;}\u00bb][vc_column][vc_column_text css=\u00bb.vc_custom_1700481415304{padding-top: 10px !important;}\u00bb] Se entiende por derecho general de contratos el conjunto de disposiciones jur\u00eddicas que se ocupan de los contratos y modalidades contractuales de todo tipo de derecho privado y de las relaciones jur\u00eddicas entre los contratantes. [\/vc_column_text][\/vc_column][\/vc_row][vc_row triangle_shape=\u00bbno\u00bb css=\u00bb.vc_custom_1700481456597{padding-bottom: 20px !important;}\u00bb][vc_column][vc_column_text css=\u00bb.vc_custom_1700481501191{padding-top: 10px !important;}\u00bb]La jurisdicci\u00f3n en Alemania se divide en cinco ramas judiciales independientes y especializadas:[\/vc_column_text][vc_column_text css=\u00bb.vc_custom_1700481559519{padding-top: 10px !important;}\u00bb]Adem\u00e1s de estas jurisdicciones, tambi\u00e9n existe la jurisdicci\u00f3n constitucional, que incluye el Tribunal Constitucional Federal y los tribunales constitucionales de los estados federados.[\/vc_column_text][vc_column_text&#8230;<\/p>\n","protected":false},"author":1,"featured_media":0,"parent":0,"menu_order":0,"comment_status":"closed","ping_status":"closed","template":"","meta":{"footnotes":""},"class_list":["post-14493","page","type-page","status-publish","hentry"],"yoast_head":"<!-- This site is optimized with the Yoast SEO Premium plugin v27.2 (Yoast SEO v27.4) - https:\/\/yoast.com\/product\/yoast-seo-premium-wordpress\/ -->\n<title>Rechtsanwaltskanzlei in Hamburg Berlin Bremen Hannover L\u00fcbeck<\/title>\n<meta name=\"description\" content=\"Rechtsanwaltskanzlei f\u00fcr Arbeitsrecht, Arzthaftung, Mietrecht, Gewerbemietrecht ,Gastronomierecht, Immobilienrecht, Schadensersatz Yachtrecht\" \/>\n<meta name=\"robots\" content=\"index, follow, max-snippet:-1, max-image-preview:large, max-video-preview:-1\" \/>\n<link rel=\"canonical\" href=\"https:\/\/www.kanzlei-steinwachs.de\/es\/platos\/\" \/>\n<meta property=\"og:locale\" content=\"es_ES\" \/>\n<meta property=\"og:type\" content=\"article\" \/>\n<meta property=\"og:title\" content=\"Rechtsanwaltskanzlei in Hamburg Berlin Bremen Hannover L\u00fcbeck\" \/>\n<meta property=\"og:description\" content=\"Rechtsanwaltskanzlei f\u00fcr Arbeitsrecht, Arzthaftung, Mietrecht, Gewerbemietrecht ,Gastronomierecht, Immobilienrecht, Schadensersatz Yachtrecht\" \/>\n<meta property=\"og:url\" content=\"https:\/\/www.kanzlei-steinwachs.de\/es\/platos\/\" \/>\n<meta property=\"og:site_name\" content=\"Rechtsanwaltskanzlei Anwalt Hamburg Berlin Bremen Hannover L\u00fcbeck\" \/>\n<meta property=\"article:publisher\" content=\"https:\/\/www.facebook.com\/STEINWACHSRechtsanwaltskanzlei\/\" \/>\n<meta property=\"article:modified_time\" content=\"2023-12-04T06:30:03+00:00\" \/>\n<meta name=\"twitter:card\" content=\"summary_large_image\" \/>\n<meta name=\"twitter:site\" content=\"@rasteinwachs\" \/>\n<meta name=\"twitter:label1\" content=\"Tiempo de lectura\" \/>\n\t<meta name=\"twitter:data1\" content=\"3 minutos\" \/>\n<script type=\"application\/ld+json\" class=\"yoast-schema-graph\">{\"@context\":\"https:\\\/\\\/schema.org\",\"@graph\":[{\"@type\":\"WebPage\",\"@id\":\"https:\\\/\\\/www.kanzlei-steinwachs.de\\\/es\\\/platos\\\/\",\"url\":\"https:\\\/\\\/www.kanzlei-steinwachs.de\\\/es\\\/platos\\\/\",\"name\":\"Rechtsanwaltskanzlei in Hamburg Berlin Bremen Hannover L\u00fcbeck\",\"isPartOf\":{\"@id\":\"https:\\\/\\\/www.kanzlei-steinwachs.de\\\/es\\\/#website\"},\"datePublished\":\"2023-11-15T10:11:49+00:00\",\"dateModified\":\"2023-12-04T06:30:03+00:00\",\"description\":\"Rechtsanwaltskanzlei f\u00fcr Arbeitsrecht, Arzthaftung, Mietrecht, Gewerbemietrecht ,Gastronomierecht, Immobilienrecht, Schadensersatz Yachtrecht\",\"inLanguage\":\"es\",\"potentialAction\":[{\"@type\":\"ReadAction\",\"target\":[\"https:\\\/\\\/www.kanzlei-steinwachs.de\\\/es\\\/platos\\\/\"]}]},{\"@type\":\"WebSite\",\"@id\":\"https:\\\/\\\/www.kanzlei-steinwachs.de\\\/es\\\/#website\",\"url\":\"https:\\\/\\\/www.kanzlei-steinwachs.de\\\/es\\\/\",\"name\":\"Rechtsanwaltskanzlei Anwalt Hamburg Berlin Bremen Hannover L\u00fcbeck\",\"description\":\"Wir leisten mehr als Recht bietet\",\"publisher\":{\"@id\":\"https:\\\/\\\/www.kanzlei-steinwachs.de\\\/es\\\/#organization\"},\"potentialAction\":[{\"@type\":\"SearchAction\",\"target\":{\"@type\":\"EntryPoint\",\"urlTemplate\":\"https:\\\/\\\/www.kanzlei-steinwachs.de\\\/es\\\/?s={search_term_string}\"},\"query-input\":{\"@type\":\"PropertyValueSpecification\",\"valueRequired\":true,\"valueName\":\"search_term_string\"}}],\"inLanguage\":\"es\"},{\"@type\":[\"Organization\",\"Place\"],\"@id\":\"https:\\\/\\\/www.kanzlei-steinwachs.de\\\/es\\\/#organization\",\"name\":\"Rechtsanwaltskanzlei Anwalt Hamburg Berlin Bremen Hannover L\u00fcbeck\",\"url\":\"https:\\\/\\\/www.kanzlei-steinwachs.de\\\/\",\"logo\":{\"@type\":\"ImageObject\",\"inLanguage\":\"es\",\"@id\":\"https:\\\/\\\/www.kanzlei-steinwachs.de\\\/es\\\/#\\\/schema\\\/logo\\\/image\\\/\",\"url\":\"https:\\\/\\\/i0.wp.com\\\/www.kanzlei-steinwachs.de\\\/wp-content\\\/uploads\\\/2023\\\/12\\\/logo.webp?fit=174%2C76&quality=80&ssl=1\",\"contentUrl\":\"https:\\\/\\\/i0.wp.com\\\/www.kanzlei-steinwachs.de\\\/wp-content\\\/uploads\\\/2023\\\/12\\\/logo.webp?fit=174%2C76&quality=80&ssl=1\",\"width\":174,\"height\":76,\"caption\":\"Rechtsanwaltskanzlei Anwalt Hamburg Berlin Bremen Hannover L\u00fcbeck\"},\"image\":{\"@id\":\"https:\\\/\\\/www.kanzlei-steinwachs.de\\\/es\\\/#\\\/schema\\\/logo\\\/image\\\/\"},\"sameAs\":[\"https:\\\/\\\/www.facebook.com\\\/STEINWACHSRechtsanwaltskanzlei\\\/\",\"https:\\\/\\\/x.com\\\/rasteinwachs\",\"https:\\\/\\\/www.instagram.com\\\/steinwachs_rechtsanwaelte\\\/\",\"https:\\\/\\\/www.linkedin.com\\\/in\\\/stephan-steinwachs-7a270197\\\/\",\"https:\\\/\\\/www.youtube.com\\\/channel\\\/UCffmodDlQx81remXm395RWA\"],\"telephone\":[]}]}<\/script>\n<!-- \/ Yoast SEO Premium plugin. -->","yoast_head_json":{"title":"Rechtsanwaltskanzlei in Hamburg Berlin Bremen Hannover L\u00fcbeck","description":"Rechtsanwaltskanzlei f\u00fcr Arbeitsrecht, Arzthaftung, Mietrecht, Gewerbemietrecht ,Gastronomierecht, Immobilienrecht, Schadensersatz Yachtrecht","robots":{"index":"index","follow":"follow","max-snippet":"max-snippet:-1","max-image-preview":"max-image-preview:large","max-video-preview":"max-video-preview:-1"},"canonical":"https:\/\/www.kanzlei-steinwachs.de\/es\/platos\/","og_locale":"es_ES","og_type":"article","og_title":"Rechtsanwaltskanzlei in Hamburg Berlin Bremen Hannover L\u00fcbeck","og_description":"Rechtsanwaltskanzlei f\u00fcr Arbeitsrecht, Arzthaftung, Mietrecht, Gewerbemietrecht ,Gastronomierecht, Immobilienrecht, Schadensersatz Yachtrecht","og_url":"https:\/\/www.kanzlei-steinwachs.de\/es\/platos\/","og_site_name":"Rechtsanwaltskanzlei Anwalt Hamburg Berlin Bremen Hannover L\u00fcbeck","article_publisher":"https:\/\/www.facebook.com\/STEINWACHSRechtsanwaltskanzlei\/","article_modified_time":"2023-12-04T06:30:03+00:00","twitter_card":"summary_large_image","twitter_site":"@rasteinwachs","twitter_misc":{"Tiempo de lectura":"3 minutos"},"schema":{"@context":"https:\/\/schema.org","@graph":[{"@type":"WebPage","@id":"https:\/\/www.kanzlei-steinwachs.de\/es\/platos\/","url":"https:\/\/www.kanzlei-steinwachs.de\/es\/platos\/","name":"Rechtsanwaltskanzlei in Hamburg Berlin Bremen Hannover L\u00fcbeck","isPartOf":{"@id":"https:\/\/www.kanzlei-steinwachs.de\/es\/#website"},"datePublished":"2023-11-15T10:11:49+00:00","dateModified":"2023-12-04T06:30:03+00:00","description":"Rechtsanwaltskanzlei f\u00fcr Arbeitsrecht, Arzthaftung, Mietrecht, Gewerbemietrecht ,Gastronomierecht, Immobilienrecht, Schadensersatz Yachtrecht","inLanguage":"es","potentialAction":[{"@type":"ReadAction","target":["https:\/\/www.kanzlei-steinwachs.de\/es\/platos\/"]}]},{"@type":"WebSite","@id":"https:\/\/www.kanzlei-steinwachs.de\/es\/#website","url":"https:\/\/www.kanzlei-steinwachs.de\/es\/","name":"Rechtsanwaltskanzlei Anwalt Hamburg Berlin Bremen Hannover L\u00fcbeck","description":"Wir leisten mehr als Recht bietet","publisher":{"@id":"https:\/\/www.kanzlei-steinwachs.de\/es\/#organization"},"potentialAction":[{"@type":"SearchAction","target":{"@type":"EntryPoint","urlTemplate":"https:\/\/www.kanzlei-steinwachs.de\/es\/?s={search_term_string}"},"query-input":{"@type":"PropertyValueSpecification","valueRequired":true,"valueName":"search_term_string"}}],"inLanguage":"es"},{"@type":["Organization","Place"],"@id":"https:\/\/www.kanzlei-steinwachs.de\/es\/#organization","name":"Rechtsanwaltskanzlei Anwalt Hamburg Berlin Bremen Hannover L\u00fcbeck","url":"https:\/\/www.kanzlei-steinwachs.de\/","logo":{"@type":"ImageObject","inLanguage":"es","@id":"https:\/\/www.kanzlei-steinwachs.de\/es\/#\/schema\/logo\/image\/","url":"https:\/\/i0.wp.com\/www.kanzlei-steinwachs.de\/wp-content\/uploads\/2023\/12\/logo.webp?fit=174%2C76&quality=80&ssl=1","contentUrl":"https:\/\/i0.wp.com\/www.kanzlei-steinwachs.de\/wp-content\/uploads\/2023\/12\/logo.webp?fit=174%2C76&quality=80&ssl=1","width":174,"height":76,"caption":"Rechtsanwaltskanzlei Anwalt Hamburg Berlin Bremen Hannover L\u00fcbeck"},"image":{"@id":"https:\/\/www.kanzlei-steinwachs.de\/es\/#\/schema\/logo\/image\/"},"sameAs":["https:\/\/www.facebook.com\/STEINWACHSRechtsanwaltskanzlei\/","https:\/\/x.com\/rasteinwachs","https:\/\/www.instagram.com\/steinwachs_rechtsanwaelte\/","https:\/\/www.linkedin.com\/in\/stephan-steinwachs-7a270197\/","https:\/\/www.youtube.com\/channel\/UCffmodDlQx81remXm395RWA"],"telephone":[]}]}},"jetpack_sharing_enabled":true,"_links":{"self":[{"href":"https:\/\/www.kanzlei-steinwachs.de\/es\/wp-json\/wp\/v2\/pages\/14493","targetHints":{"allow":["GET"]}}],"collection":[{"href":"https:\/\/www.kanzlei-steinwachs.de\/es\/wp-json\/wp\/v2\/pages"}],"about":[{"href":"https:\/\/www.kanzlei-steinwachs.de\/es\/wp-json\/wp\/v2\/types\/page"}],"author":[{"embeddable":true,"href":"https:\/\/www.kanzlei-steinwachs.de\/es\/wp-json\/wp\/v2\/users\/1"}],"replies":[{"embeddable":true,"href":"https:\/\/www.kanzlei-steinwachs.de\/es\/wp-json\/wp\/v2\/comments?post=14493"}],"version-history":[{"count":0,"href":"https:\/\/www.kanzlei-steinwachs.de\/es\/wp-json\/wp\/v2\/pages\/14493\/revisions"}],"wp:attachment":[{"href":"https:\/\/www.kanzlei-steinwachs.de\/es\/wp-json\/wp\/v2\/media?parent=14493"}],"curies":[{"name":"wp","href":"https:\/\/api.w.org\/{rel}","templated":true}]}}