{"id":14376,"date":"2023-11-20T13:59:33","date_gmt":"2023-11-20T12:59:33","guid":{"rendered":"https:\/\/www.kanzlei-steinwachs.de\/danos-por-responsabilidad\/"},"modified":"2023-12-02T09:35:37","modified_gmt":"2023-12-02T08:35:37","slug":"danos-por-responsabilidad","status":"publish","type":"page","link":"https:\/\/www.kanzlei-steinwachs.de\/es\/danos-por-responsabilidad\/","title":{"rendered":"Da\u00f1os por responsabilidad"},"content":{"rendered":"<div class=\"wpb-content-wrapper\"><p>[vc_row triangle_shape=\u00bbno\u00bb css=\u00bb.vc_custom_1700485210756{padding-bottom: 40px !important;}\u00bb][vc_column][vc_column_text]<\/p>\n<h3><strong>Informaci\u00f3n legal y definiciones<\/strong> de da\u00f1os por responsabilidad.<\/h3>\n<p>Si un accidente no es culpa suya, existe responsabilidad por da\u00f1os. El art\u00edculo 249 del C\u00f3digo Civil alem\u00e1n (BGB) regula que la persona que ha causado el da\u00f1o o su seguro de responsabilidad deben pagar todos los gastos en que haya incurrido el perjudicado como consecuencia del accidente. La parte perjudicada debe ser tratada como si el da\u00f1o de responsabilidad nunca hubiera ocurrido.  <\/p>\n<h3>Algunas reclamaciones del perjudicado que est\u00e1n cubiertas:<\/h3>\n<ul>\n<li><strong>Costos del abogado utilizado.<\/strong><\/li>\n<li>Costes de recuperaci\u00f3n y reparaci\u00f3n de remolque del veh\u00edculo.<\/li>\n<li>Costos de expertos<\/li>\n<li>Costos de tratamiento m\u00e9dico<\/li>\n<li>Costo de un auto de alquiler<\/li>\n<li>Indemnizaci\u00f3n por p\u00e9rdida de uso<\/li>\n<li>Si es necesario, reducci\u00f3n comercial y\/o t\u00e9cnica del valor del veh\u00edculo siniestrado.<\/li>\n<li>compensaci\u00f3n por lesiones personales<\/li>\n<li>Costos de cualquier ayuda dom\u00e9stica necesaria.<\/li>\n<li>P\u00e9rdida de ganancias, etc.<\/li>\n<\/ul>\n<h3>\u00a1Definitivamente deber\u00edas saber esto!<\/h3>\n<p>En el caso de da\u00f1os por responsabilidad, la regla general es que usted, como perjudicado, es el due\u00f1o del proceso y no est\u00e1 sujeto a ninguna instrucci\u00f3n de la persona que caus\u00f3 el da\u00f1o o de su compa\u00f1\u00eda de seguros. Como parte perjudicada, usted tiene derecho a elegir un perito de veh\u00edculos, un abogado y un taller de reparaci\u00f3n de veh\u00edculos. <\/p>\n<h3>Nuestros servicios en el \u00e1rea de valoraci\u00f3n de da\u00f1os por responsabilidad incluyen<strong>:<\/strong><\/h3>\n<ul>\n<li> Inspecci\u00f3n del veh\u00edculo<\/li>\n<li> Detecci\u00f3n\u2026<\/li>\n<\/ul>\n<p>el importe de los costes de reparaci\u00f3n calculables (en caso de p\u00e9rdida total, los costes de reparaci\u00f3n se estiman) la duraci\u00f3n calculada de la reparaci\u00f3n el valor de reposici\u00f3n el per\u00edodo de sustituci\u00f3n la posible reducci\u00f3n mercantil del valor la posible reducci\u00f3n t\u00e9cnica del valor el valor residual de las mejoras en valor la p\u00e9rdida de uso compensaci\u00f3n por d\u00eda el tipo y alcance del da\u00f1o<\/p>\n<ul>\n<li> Creaci\u00f3n de un sistema fotogr\u00e1fico significativo.<\/li>\n<\/ul>\n<h3><strong>Preguntas frecuentes en el \u00e1mbito de los da\u00f1os por responsabilidad<\/strong><\/h3>\n<p>\u00bfNecesito una tasaci\u00f3n por da\u00f1os de responsabilidad? Si los da\u00f1os son mayores (es decir, por encima del l\u00edmite de da\u00f1os menores de entre 500 y 750 euros, cuyo valor depende de varios factores), definitivamente tiene sentido contratar a un experto independiente. Un informe le garantiza que las pruebas (importantes, entre otras cosas, en caso de accidente controvertido), como los da\u00f1os del veh\u00edculo, el desarrollo del accidente, etc., est\u00e1n aseguradas y documentadas. Tambi\u00e9n garantiza que pueda hacer cumplir sus reclamos legales contra compa\u00f1\u00edas de seguros, tribunales, etc. y que los reclamos se resuelvan r\u00e1pida y f\u00e1cilmente. Si los da\u00f1os son menores, es recomendable elaborar un breve informe similar a una estimaci\u00f3n de costes detallada. \u00bfQui\u00e9n paga los costes del informe en caso de da\u00f1os por responsabilidad? Seg\u00fan la jurisprudencia del BGH (Tribunal Federal de Justicia), los costes del peritaje corren a cargo del autor del da\u00f1o o de su seguro de responsabilidad civil. Atenci\u00f3n: Los da\u00f1os deben superar el l\u00edmite de da\u00f1os menores de entre 500 y 750 euros y no deben ser causados \u200b\u200bpor culpa suya. No existe un l\u00edmite uniforme para la cantidad de da\u00f1os que constituyen da\u00f1os menores. \u00a1Esto depende de varios factores! \u00bfTengo que pagar por adelantado por da\u00f1os de responsabilidad? No. En caso de da\u00f1os por responsabilidad, utilizaremos la declaraci\u00f3n de cesi\u00f3n firmada por usted para liquidar el siniestro directamente con la compa\u00f1\u00eda de seguros obligada a pagar la indemnizaci\u00f3n. Esto significa que, como parte perjudicada, no tienes que pagar por adelantado. El seguro de responsabilidad del causante del accidente quiere hacerse cargo de los da\u00f1os por s\u00ed solo y env\u00eda su propio perito. \u00bfBueno o malo? L\u00f3gicamente trabaja para ellos un tasador de la compa\u00f1\u00eda de seguros, que al final tiene que pagar los da\u00f1os. Definitivamente omita esta oferta. Sost\u00e9n las riendas en tus manos y recibe consejos de tu experto elegido. Aqu\u00ed puede estar seguro de que no s\u00f3lo se determinar\u00e1n de forma neutral e imparcial los da\u00f1os puramente en la chapa, sino que tambi\u00e9n se reclamar\u00e1n la p\u00e9rdida de valor, la p\u00e9rdida de uso, etc. Nuestro bufete de abogados trabaja en estrecha colaboraci\u00f3n con expertos en toda Alemania. Estaremos encantados de recomendarle un tasador en su zona o cerca de la ubicaci\u00f3n del veh\u00edculo. El seguro de responsabilidad de la persona que provoc\u00f3 el accidente no requiere perito. Puede ignorar este aviso y no debe aceptarlo bajo ninguna circunstancia. No es raro que las compa\u00f1\u00edas de seguros aprueben reparaciones que cuestan m\u00e1s de 2.500 euros. Recuerda los puntos mencionados anteriormente: p\u00e9rdida de valor, p\u00e9rdida de uso, etc., que puedes perder si renuncias a un tasador independiente. \u00bfPuedo cobrar tambi\u00e9n los costes de reparaci\u00f3n determinados por da\u00f1os de responsabilidad? S\u00ed. A esto se le llama facturaci\u00f3n ficticia. Como parte perjudicada, usted tiene derecho a recibir la cantidad de dinero necesaria para las reparaciones. Ya no es necesario presentar la factura de reparaci\u00f3n a la compa\u00f1\u00eda de seguros en caso de reparaci\u00f3n. Tenga en cuenta que la cantidad de dinero necesaria para los costes de reparaci\u00f3n no incluye el IVA. El importe del dinero se abonar\u00e1 neto sin IVA. Necesito un coche de sustituci\u00f3n o de alquiler. \u00bfSe cubrir\u00e1n los costes de da\u00f1os por responsabilidad civil? Si su veh\u00edculo est\u00e1 fuera de servicio debido a un accidente, tiene derecho a alquilar un coche de sustituci\u00f3n. Los costes derivados de ello deber\u00e1n ser cubiertos por la compa\u00f1\u00eda de seguros contraria. ATENCI\u00d3N: Para que se te reembolse el coste total del coche de alquiler, a la hora de elegir el veh\u00edculo de sustituci\u00f3n deber\u00e1s asegurarte de que se trata de un veh\u00edculo equivalente o de una clase inferior al tuyo. Compara precios y no alquiles un veh\u00edculo a cualquier precio.<\/p>\n<p>Tambi\u00e9n hay que prestar atenci\u00f3n a la duraci\u00f3n de la reparaci\u00f3n. La compa\u00f1\u00eda aseguradora contraria s\u00f3lo est\u00e1 obligada a reembolsar un veh\u00edculo de sustituci\u00f3n durante el tiempo de reparaci\u00f3n de su veh\u00edculo calculado en el parte de da\u00f1os. S\u00f3lo existen excepciones cuando se supera el tiempo calculado de reparaci\u00f3n si existen hechos justificados. No necesito un coche de repuesto o de alquiler. \u00bfAun as\u00ed puedo recibir una compensaci\u00f3n? S\u00ed. El importe de la indemnizaci\u00f3n depende del tipo de veh\u00edculo respectivo. La clasificaci\u00f3n del veh\u00edculo, que determina el importe de la p\u00e9rdida de uso, puede ser realizada por un perito. Responsable del contenido de la p\u00e1gina Abogado Derecho de Tr\u00e1fico Responsabilidad Da\u00f1os Hamburgo Berl\u00edn: Abogado Stephan Steinwachs (Abogado Hamburgo Berl\u00edn)  <\/p>\n<p>[\/vc_column_text][\/vc_column][\/vc_row]<\/p>\n<\/div>","protected":false},"excerpt":{"rendered":"<p>[vc_row triangle_shape=\u00bbno\u00bb css=\u00bb.vc_custom_1700485210756{padding-bottom: 40px !important;}\u00bb][vc_column][vc_column_text] Informaci\u00f3n legal y definiciones de da\u00f1os por responsabilidad. Si un accidente no es culpa suya, existe responsabilidad por da\u00f1os. El art\u00edculo 249 del C\u00f3digo Civil alem\u00e1n (BGB) regula que la persona que ha causado el da\u00f1o o su seguro de responsabilidad deben pagar todos los gastos en que haya incurrido el perjudicado como consecuencia del accidente. La parte perjudicada debe ser tratada como si el da\u00f1o de responsabilidad nunca hubiera ocurrido. Algunas reclamaciones del perjudicado que est\u00e1n cubiertas: Costos del abogado utilizado. Costes de recuperaci\u00f3n y reparaci\u00f3n de remolque del veh\u00edculo. Costos de expertos Costos&#8230;<\/p>\n","protected":false},"author":1,"featured_media":15786,"parent":0,"menu_order":0,"comment_status":"closed","ping_status":"closed","template":"","meta":{"footnotes":""},"class_list":["post-14376","page","type-page","status-publish","has-post-thumbnail","hentry"],"yoast_head":"<!-- This site is optimized with the Yoast SEO Premium plugin v27.2 (Yoast SEO v27.4) - https:\/\/yoast.com\/product\/yoast-seo-premium-wordpress\/ -->\n<title>Rechtsanwaltskanzlei in Hamburg Berlin Bremen Hannover L\u00fcbeck<\/title>\n<meta name=\"description\" content=\"Rechtsanwaltskanzlei f\u00fcr Arbeitsrecht, Arzthaftung, Mietrecht, Gewerbemietrecht ,Gastronomierecht, Immobilienrecht, Schadensersatz Yachtrecht\" \/>\n<meta name=\"robots\" content=\"index, follow, max-snippet:-1, max-image-preview:large, max-video-preview:-1\" \/>\n<link rel=\"canonical\" href=\"https:\/\/www.kanzlei-steinwachs.de\/es\/danos-por-responsabilidad\/\" \/>\n<meta property=\"og:locale\" content=\"es_ES\" \/>\n<meta property=\"og:type\" content=\"article\" \/>\n<meta property=\"og:title\" content=\"Rechtsanwaltskanzlei in Hamburg Berlin Bremen Hannover L\u00fcbeck\" \/>\n<meta property=\"og:description\" content=\"Rechtsanwaltskanzlei f\u00fcr Arbeitsrecht, Arzthaftung, Mietrecht, Gewerbemietrecht ,Gastronomierecht, Immobilienrecht, Schadensersatz Yachtrecht\" \/>\n<meta property=\"og:url\" content=\"https:\/\/www.kanzlei-steinwachs.de\/es\/danos-por-responsabilidad\/\" \/>\n<meta property=\"og:site_name\" content=\"Rechtsanwaltskanzlei Anwalt Hamburg Berlin Bremen Hannover L\u00fcbeck\" \/>\n<meta property=\"article:publisher\" content=\"https:\/\/www.facebook.com\/STEINWACHSRechtsanwaltskanzlei\/\" \/>\n<meta property=\"article:modified_time\" content=\"2023-12-02T08:35:37+00:00\" \/>\n<meta name=\"twitter:card\" content=\"summary_large_image\" \/>\n<meta name=\"twitter:site\" content=\"@rasteinwachs\" \/>\n<meta name=\"twitter:label1\" content=\"Tiempo de lectura\" \/>\n\t<meta name=\"twitter:data1\" content=\"6 minutos\" \/>\n<script type=\"application\/ld+json\" class=\"yoast-schema-graph\">{\"@context\":\"https:\\\/\\\/schema.org\",\"@graph\":[{\"@type\":\"WebPage\",\"@id\":\"https:\\\/\\\/www.kanzlei-steinwachs.de\\\/es\\\/danos-por-responsabilidad\\\/\",\"url\":\"https:\\\/\\\/www.kanzlei-steinwachs.de\\\/es\\\/danos-por-responsabilidad\\\/\",\"name\":\"Rechtsanwaltskanzlei in Hamburg Berlin Bremen Hannover L\u00fcbeck\",\"isPartOf\":{\"@id\":\"https:\\\/\\\/www.kanzlei-steinwachs.de\\\/es\\\/#website\"},\"primaryImageOfPage\":{\"@id\":\"https:\\\/\\\/www.kanzlei-steinwachs.de\\\/es\\\/danos-por-responsabilidad\\\/#primaryimage\"},\"image\":{\"@id\":\"https:\\\/\\\/www.kanzlei-steinwachs.de\\\/es\\\/danos-por-responsabilidad\\\/#primaryimage\"},\"thumbnailUrl\":\"https:\\\/\\\/i0.wp.com\\\/www.kanzlei-steinwachs.de\\\/wp-content\\\/uploads\\\/2023\\\/12\\\/logo.webp?fit=174%2C76&quality=20&ssl=1\",\"datePublished\":\"2023-11-20T12:59:33+00:00\",\"dateModified\":\"2023-12-02T08:35:37+00:00\",\"description\":\"Rechtsanwaltskanzlei f\u00fcr Arbeitsrecht, Arzthaftung, Mietrecht, Gewerbemietrecht ,Gastronomierecht, Immobilienrecht, Schadensersatz Yachtrecht\",\"inLanguage\":\"es\",\"potentialAction\":[{\"@type\":\"ReadAction\",\"target\":[\"https:\\\/\\\/www.kanzlei-steinwachs.de\\\/es\\\/danos-por-responsabilidad\\\/\"]}]},{\"@type\":\"ImageObject\",\"inLanguage\":\"es\",\"@id\":\"https:\\\/\\\/www.kanzlei-steinwachs.de\\\/es\\\/danos-por-responsabilidad\\\/#primaryimage\",\"url\":\"https:\\\/\\\/i0.wp.com\\\/www.kanzlei-steinwachs.de\\\/wp-content\\\/uploads\\\/2023\\\/12\\\/logo.webp?fit=174%2C76&quality=20&ssl=1\",\"contentUrl\":\"https:\\\/\\\/i0.wp.com\\\/www.kanzlei-steinwachs.de\\\/wp-content\\\/uploads\\\/2023\\\/12\\\/logo.webp?fit=174%2C76&quality=20&ssl=1\",\"width\":174,\"height\":76,\"caption\":\"Kanzlei Steinwachs\"},{\"@type\":\"WebSite\",\"@id\":\"https:\\\/\\\/www.kanzlei-steinwachs.de\\\/es\\\/#website\",\"url\":\"https:\\\/\\\/www.kanzlei-steinwachs.de\\\/es\\\/\",\"name\":\"Rechtsanwaltskanzlei Anwalt Hamburg Berlin Bremen Hannover L\u00fcbeck\",\"description\":\"Wir leisten mehr als Recht bietet\",\"publisher\":{\"@id\":\"https:\\\/\\\/www.kanzlei-steinwachs.de\\\/es\\\/#organization\"},\"potentialAction\":[{\"@type\":\"SearchAction\",\"target\":{\"@type\":\"EntryPoint\",\"urlTemplate\":\"https:\\\/\\\/www.kanzlei-steinwachs.de\\\/es\\\/?s={search_term_string}\"},\"query-input\":{\"@type\":\"PropertyValueSpecification\",\"valueRequired\":true,\"valueName\":\"search_term_string\"}}],\"inLanguage\":\"es\"},{\"@type\":[\"Organization\",\"Place\"],\"@id\":\"https:\\\/\\\/www.kanzlei-steinwachs.de\\\/es\\\/#organization\",\"name\":\"Rechtsanwaltskanzlei Anwalt Hamburg Berlin Bremen Hannover L\u00fcbeck\",\"url\":\"https:\\\/\\\/www.kanzlei-steinwachs.de\\\/\",\"logo\":{\"@type\":\"ImageObject\",\"inLanguage\":\"es\",\"@id\":\"https:\\\/\\\/www.kanzlei-steinwachs.de\\\/es\\\/#\\\/schema\\\/logo\\\/image\\\/\",\"url\":\"https:\\\/\\\/i0.wp.com\\\/www.kanzlei-steinwachs.de\\\/wp-content\\\/uploads\\\/2023\\\/12\\\/logo.webp?fit=174%2C76&quality=80&ssl=1\",\"contentUrl\":\"https:\\\/\\\/i0.wp.com\\\/www.kanzlei-steinwachs.de\\\/wp-content\\\/uploads\\\/2023\\\/12\\\/logo.webp?fit=174%2C76&quality=80&ssl=1\",\"width\":174,\"height\":76,\"caption\":\"Rechtsanwaltskanzlei Anwalt Hamburg Berlin Bremen Hannover L\u00fcbeck\"},\"image\":{\"@id\":\"https:\\\/\\\/www.kanzlei-steinwachs.de\\\/es\\\/#\\\/schema\\\/logo\\\/image\\\/\"},\"sameAs\":[\"https:\\\/\\\/www.facebook.com\\\/STEINWACHSRechtsanwaltskanzlei\\\/\",\"https:\\\/\\\/x.com\\\/rasteinwachs\",\"https:\\\/\\\/www.instagram.com\\\/steinwachs_rechtsanwaelte\\\/\",\"https:\\\/\\\/www.linkedin.com\\\/in\\\/stephan-steinwachs-7a270197\\\/\",\"https:\\\/\\\/www.youtube.com\\\/channel\\\/UCffmodDlQx81remXm395RWA\"],\"telephone\":[]}]}<\/script>\n<!-- \/ Yoast SEO Premium plugin. -->","yoast_head_json":{"title":"Rechtsanwaltskanzlei in Hamburg Berlin Bremen Hannover L\u00fcbeck","description":"Rechtsanwaltskanzlei f\u00fcr Arbeitsrecht, Arzthaftung, Mietrecht, Gewerbemietrecht ,Gastronomierecht, Immobilienrecht, Schadensersatz Yachtrecht","robots":{"index":"index","follow":"follow","max-snippet":"max-snippet:-1","max-image-preview":"max-image-preview:large","max-video-preview":"max-video-preview:-1"},"canonical":"https:\/\/www.kanzlei-steinwachs.de\/es\/danos-por-responsabilidad\/","og_locale":"es_ES","og_type":"article","og_title":"Rechtsanwaltskanzlei in Hamburg Berlin Bremen Hannover L\u00fcbeck","og_description":"Rechtsanwaltskanzlei f\u00fcr Arbeitsrecht, Arzthaftung, Mietrecht, Gewerbemietrecht ,Gastronomierecht, Immobilienrecht, Schadensersatz Yachtrecht","og_url":"https:\/\/www.kanzlei-steinwachs.de\/es\/danos-por-responsabilidad\/","og_site_name":"Rechtsanwaltskanzlei Anwalt Hamburg Berlin Bremen Hannover L\u00fcbeck","article_publisher":"https:\/\/www.facebook.com\/STEINWACHSRechtsanwaltskanzlei\/","article_modified_time":"2023-12-02T08:35:37+00:00","twitter_card":"summary_large_image","twitter_site":"@rasteinwachs","twitter_misc":{"Tiempo de lectura":"6 minutos"},"schema":{"@context":"https:\/\/schema.org","@graph":[{"@type":"WebPage","@id":"https:\/\/www.kanzlei-steinwachs.de\/es\/danos-por-responsabilidad\/","url":"https:\/\/www.kanzlei-steinwachs.de\/es\/danos-por-responsabilidad\/","name":"Rechtsanwaltskanzlei in Hamburg Berlin Bremen Hannover L\u00fcbeck","isPartOf":{"@id":"https:\/\/www.kanzlei-steinwachs.de\/es\/#website"},"primaryImageOfPage":{"@id":"https:\/\/www.kanzlei-steinwachs.de\/es\/danos-por-responsabilidad\/#primaryimage"},"image":{"@id":"https:\/\/www.kanzlei-steinwachs.de\/es\/danos-por-responsabilidad\/#primaryimage"},"thumbnailUrl":"https:\/\/i0.wp.com\/www.kanzlei-steinwachs.de\/wp-content\/uploads\/2023\/12\/logo.webp?fit=174%2C76&quality=20&ssl=1","datePublished":"2023-11-20T12:59:33+00:00","dateModified":"2023-12-02T08:35:37+00:00","description":"Rechtsanwaltskanzlei f\u00fcr Arbeitsrecht, Arzthaftung, Mietrecht, Gewerbemietrecht ,Gastronomierecht, Immobilienrecht, Schadensersatz Yachtrecht","inLanguage":"es","potentialAction":[{"@type":"ReadAction","target":["https:\/\/www.kanzlei-steinwachs.de\/es\/danos-por-responsabilidad\/"]}]},{"@type":"ImageObject","inLanguage":"es","@id":"https:\/\/www.kanzlei-steinwachs.de\/es\/danos-por-responsabilidad\/#primaryimage","url":"https:\/\/i0.wp.com\/www.kanzlei-steinwachs.de\/wp-content\/uploads\/2023\/12\/logo.webp?fit=174%2C76&quality=20&ssl=1","contentUrl":"https:\/\/i0.wp.com\/www.kanzlei-steinwachs.de\/wp-content\/uploads\/2023\/12\/logo.webp?fit=174%2C76&quality=20&ssl=1","width":174,"height":76,"caption":"Kanzlei Steinwachs"},{"@type":"WebSite","@id":"https:\/\/www.kanzlei-steinwachs.de\/es\/#website","url":"https:\/\/www.kanzlei-steinwachs.de\/es\/","name":"Rechtsanwaltskanzlei Anwalt Hamburg Berlin Bremen Hannover L\u00fcbeck","description":"Wir leisten mehr als Recht bietet","publisher":{"@id":"https:\/\/www.kanzlei-steinwachs.de\/es\/#organization"},"potentialAction":[{"@type":"SearchAction","target":{"@type":"EntryPoint","urlTemplate":"https:\/\/www.kanzlei-steinwachs.de\/es\/?s={search_term_string}"},"query-input":{"@type":"PropertyValueSpecification","valueRequired":true,"valueName":"search_term_string"}}],"inLanguage":"es"},{"@type":["Organization","Place"],"@id":"https:\/\/www.kanzlei-steinwachs.de\/es\/#organization","name":"Rechtsanwaltskanzlei Anwalt Hamburg Berlin Bremen Hannover L\u00fcbeck","url":"https:\/\/www.kanzlei-steinwachs.de\/","logo":{"@type":"ImageObject","inLanguage":"es","@id":"https:\/\/www.kanzlei-steinwachs.de\/es\/#\/schema\/logo\/image\/","url":"https:\/\/i0.wp.com\/www.kanzlei-steinwachs.de\/wp-content\/uploads\/2023\/12\/logo.webp?fit=174%2C76&quality=80&ssl=1","contentUrl":"https:\/\/i0.wp.com\/www.kanzlei-steinwachs.de\/wp-content\/uploads\/2023\/12\/logo.webp?fit=174%2C76&quality=80&ssl=1","width":174,"height":76,"caption":"Rechtsanwaltskanzlei Anwalt Hamburg Berlin Bremen Hannover L\u00fcbeck"},"image":{"@id":"https:\/\/www.kanzlei-steinwachs.de\/es\/#\/schema\/logo\/image\/"},"sameAs":["https:\/\/www.facebook.com\/STEINWACHSRechtsanwaltskanzlei\/","https:\/\/x.com\/rasteinwachs","https:\/\/www.instagram.com\/steinwachs_rechtsanwaelte\/","https:\/\/www.linkedin.com\/in\/stephan-steinwachs-7a270197\/","https:\/\/www.youtube.com\/channel\/UCffmodDlQx81remXm395RWA"],"telephone":[]}]}},"jetpack_sharing_enabled":true,"_links":{"self":[{"href":"https:\/\/www.kanzlei-steinwachs.de\/es\/wp-json\/wp\/v2\/pages\/14376","targetHints":{"allow":["GET"]}}],"collection":[{"href":"https:\/\/www.kanzlei-steinwachs.de\/es\/wp-json\/wp\/v2\/pages"}],"about":[{"href":"https:\/\/www.kanzlei-steinwachs.de\/es\/wp-json\/wp\/v2\/types\/page"}],"author":[{"embeddable":true,"href":"https:\/\/www.kanzlei-steinwachs.de\/es\/wp-json\/wp\/v2\/users\/1"}],"replies":[{"embeddable":true,"href":"https:\/\/www.kanzlei-steinwachs.de\/es\/wp-json\/wp\/v2\/comments?post=14376"}],"version-history":[{"count":0,"href":"https:\/\/www.kanzlei-steinwachs.de\/es\/wp-json\/wp\/v2\/pages\/14376\/revisions"}],"wp:featuredmedia":[{"embeddable":true,"href":"https:\/\/www.kanzlei-steinwachs.de\/es\/wp-json\/wp\/v2\/media\/15786"}],"wp:attachment":[{"href":"https:\/\/www.kanzlei-steinwachs.de\/es\/wp-json\/wp\/v2\/media?parent=14376"}],"curies":[{"name":"wp","href":"https:\/\/api.w.org\/{rel}","templated":true}]}}