{"id":14331,"date":"2023-11-15T08:50:32","date_gmt":"2023-11-15T07:50:32","guid":{"rendered":"https:\/\/www.kanzlei-steinwachs.de\/terminado-que-hacer\/"},"modified":"2023-12-02T09:04:12","modified_gmt":"2023-12-02T08:04:12","slug":"terminado-que-hacer","status":"publish","type":"page","link":"https:\/\/www.kanzlei-steinwachs.de\/es\/terminado-que-hacer\/","title":{"rendered":"Terminado, \u00bfqu\u00e9 hacer?"},"content":{"rendered":"<div class=\"wpb-content-wrapper\"><p>[vc_row content_width=\u00bbgrid\u00bb content_aligment=\u00bbcenter\u00bb triangle_shape=\u00bbno\u00bb css=\u00bb.vc_custom_1696926719838{padding-bottom: 10px !important;background-position: center !important;background-repeat: no-repeat !important;background-size: cover !important;}\u00bb][vc_column]<div class=\"mkd-separator-holder clearfix  mkd-separator-center mkd-separator-with-icon mkd-animate\" style=\"margin-top: 20px; margin-bottom: 30px\">\n\t<div class=\"mkd-separator\" style=\"border-color: #c18f59;border-style: solid;width: 97.5px\"><\/div>\n\t\t<div class=\"mkd-separator-icon\">\n\t\t\t                    \t\t\t\t\t\t<\/div>\n\t<div class=\"mkd-separator\" style=\"border-color: #c18f59;border-style: solid;width: 97.5px\"><\/div>\n<\/div>\n[\/vc_column][\/vc_row][vc_row triangle_shape=\u00bbno\u00bb css=\u00bb.vc_custom_1700293481407{padding-bottom: 20px !important;}\u00bb][vc_column][vc_column_text css=\u00bb.vc_custom_1700293794969{padding-top: 10px !important;}\u00bb]Las siguientes declaraciones de la p\u00e1gina Terminadas, \u00bfqu\u00e9 hacer? Se aplican principalmente a la terminaci\u00f3n de un contrato de trabajo. Puede encontrar informaci\u00f3n sobre la rescisi\u00f3n en la ley de arrendamiento <a href=\"https:\/\/www.kanzlei-steinwachs.de\/es\/sentencias-de-derecho-laboral\/sentencias-bag-2006\/terminacion\/\">aqu\u00ed.<\/a>   La terminaci\u00f3n se refiere a la terminaci\u00f3n unilateral de un contrato de trabajo, por ejemplo, ya que la terminaci\u00f3n del contrato de trabajo puede provenir tanto del empleador como del empleado. Si el empleador rescinde el contrato de trabajo, el empleado a menudo se enfrenta a cambios importantes. Por ello, y debido a los plazos legales laborales que comienzan a contar desde la recepci\u00f3n de la carta de despido, es de fundamental importancia informarse inmediatamente sobre los derechos y obligaciones existentes tras la extinci\u00f3n del contrato de trabajo. Lo \u00fanico que puede ayudar aqu\u00ed es el asesoramiento de un abogado que trabaje en el campo del derecho laboral. La siguiente informaci\u00f3n, cuyo objetivo es proporcionarle a usted (y a los abogados que no est\u00e1n familiarizados con el tema de la rescisi\u00f3n de contratos de trabajo) una breve descripci\u00f3n de la situaci\u00f3n legal al rescindir el contrato de trabajo mediante aviso, no puede reemplazar el asesoramiento profesional de un abogado con experiencia. en el problema de la rescisi\u00f3n de los contratos de trabajo![\/vc_column_text][\/vc_column][\/vc_row][vc_row triangle_shape=\u00bbno\u00bb css=\u00bb.vc_custom_1700293489607{padding-bottom: 20px !important;}\u00bb][vc_column]\n<h2 class=\"mkd-custom-font-holder\" style=\"font-size: 20px;line-height: 20px;font-weight: 700\" data-font-size= 20 data-line-height= 20>\n\t1. K\u00fcndigungsarten<\/h2>[vc_column_text css=\u00bb.vc_custom_1700293313312{padding-top: 10px !important;}\u00bb]<\/p>\n<div class=\"art-content\">\n<div class=\"art-Post\">\n<div class=\"art-Post-body\">\n<div class=\"art-Post-inner art-article\">\n<div class=\"art-PostContent\">\n<div class=\"wpb_text_column wpb_content_element vc_custom_1697614823547\">\n<div class=\"wpb_wrapper\">\n<div class=\"art-content\">\n<div class=\"art-Post\">\n<div class=\"art-Post-body\">\n<div class=\"art-Post-inner art-article\">\n<div class=\"art-PostContent\">\n<div>El contrato de trabajo puede rescindirse mediante rescisi\u00f3n extraordinaria (sin previo aviso) y rescisi\u00f3n ordinaria. Adem\u00e1s, existe un caso especial de rescisi\u00f3n con oferta simult\u00e1nea de un nuevo contrato de trabajo con condiciones modificadas (cambio de rescisi\u00f3n). <\/div>\n<\/div>\n<\/div>\n<\/div>\n<\/div>\n<\/div>\n<\/div>\n<\/div>\n<\/div>\n<\/div>\n<\/div>\n<\/div>\n<\/div>\n<p>[\/vc_column_text][vc_column_text css=\u00bb.vc_custom_1700293320904{padding-top: 10px !important;}\u00bb]<\/p>\n<div class=\"art-content\">\n<div class=\"art-Post\">\n<div class=\"art-Post-body\">\n<div class=\"art-Post-inner art-article\">\n<div class=\"art-PostContent\">\n<p>La rescisi\u00f3n extraordinaria del contrato de trabajo est\u00e1 regulada en el <a title=\"C\u00f3digo Civil: art\u00edculo 626\" href=\"http:\/\/www.gesetze-im-internet.de\/bgb\/__626.html\" target=\"_blank\" rel=\"noopener\">art\u00edculo 626 del C\u00f3digo Civil alem\u00e1n (BGB).<\/a> Para poder rescindir un contrato de trabajo de forma extraordinaria se requiere una causa importante. No debe ser razonable que la persona que da un aviso extraordinario de rescisi\u00f3n quede vinculada al contrato de trabajo hasta que haya expirado el plazo de preaviso. Entre las razones importantes se incluyen, en particular, los incumplimientos importantes de las obligaciones derivadas del contrato de trabajo. A la hora de rescindir adecuadamente el contrato de trabajo, se deber\u00e1 observar un plazo de preaviso. Esto se determina generalmente seg\u00fan la normativa legal del <a title=\"C\u00f3digo Civil: p\u00e1rrafo 622\" href=\"http:\/\/www.gesetze-im-internet.de\/bgb\/__622.html\" target=\"_blank\" rel=\"noopener\">art\u00edculo 622 del C\u00f3digo Civil alem\u00e1n (BGB).<\/a>     Los plazos de preaviso tambi\u00e9n pueden estar regulados en el contrato de trabajo o Convenio colectivo.<\/p>\n<\/div>\n<\/div>\n<\/div>\n<\/div>\n<\/div>\n<p>[\/vc_column_text][vc_column_text css=\u00bb.vc_custom_1700293333592{padding-top: 10px !important;}\u00bb]<\/p>\n<div class=\"art-content\">\n<div class=\"art-Post\">\n<div class=\"art-Post-body\">\n<div class=\"art-Post-inner art-article\">\n<div class=\"art-PostContent\">\n<div>En cuanto al contenido, se distingue entre rescisi\u00f3n del contrato de trabajo por razones de comportamiento, personales y operativas.<\/div>\n<div><\/div>\n<\/div>\n<\/div>\n<\/div>\n<\/div>\n<\/div>\n<p>[\/vc_column_text][\/vc_column][\/vc_row][vc_row triangle_shape=\u00bbno\u00bb css=\u00bb.vc_custom_1700293494807{padding-bottom: 20px !important;}\u00bb][vc_column]\n<h2 class=\"mkd-custom-font-holder\" style=\"font-size: 20px;line-height: 20px;font-weight: 700\" data-font-size= 20 data-line-height= 20>\n\t2. Rechtliche Voraussetzungen<\/h2>[vc_column_text css=\u00bb.vc_custom_1700293358912{padding-top: 10px !important;}\u00bb]<\/p>\n<div class=\"art-content\">\n<div class=\"art-Post\">\n<div class=\"art-Post-body\">\n<div class=\"art-Post-inner art-article\">\n<div class=\"art-PostContent\">\n<div>\n<p>Adem\u00e1s de los requisitos especiales que se aplican a cada tipo de rescisi\u00f3n, toda rescisi\u00f3n de un contrato de trabajo debe realizarse, sobre todo, por escrito, firmada a mano por el titular y enviada a la parte contractual resuelta. Para la eficacia de la rescisi\u00f3n de un contrato de trabajo tambi\u00e9n es de fundamental importancia si el art\u00edculo 1 de la Ley de protecci\u00f3n contra el despido se aplica a la relaci\u00f3n laboral. Para ello, se debe comprobar si se ha cumplido la duraci\u00f3n m\u00ednima legal de empleo y si en la empresa hay el n\u00famero requerido de empleados.  <\/p>\n<\/div>\n<\/div>\n<\/div>\n<\/div>\n<\/div>\n<\/div>\n<div id=\"gtx-trans\" style=\"position: absolute; left: 293px; top: 55px;\">\n<div class=\"gtx-trans-icon\"><\/div>\n<\/div>\n<p>[\/vc_column_text][\/vc_column][\/vc_row][vc_row triangle_shape=\u00bbno\u00bb css=\u00bb.vc_custom_1700293500551{padding-bottom: 20px !important;}\u00bb][vc_column]\n<h2 class=\"mkd-custom-font-holder\" style=\"font-size: 20px;line-height: 20px;font-weight: 700\" data-font-size= 20 data-line-height= 20>\n\t3. Ihre M\u00f6glichkeiten<\/h2>[vc_column_text css=\u00bb.vc_custom_1700293382496{padding-top: 10px !important;}\u00bb]<\/p>\n<div class=\"art-content\">\n<div class=\"art-Post\">\n<div class=\"art-Post-body\">\n<div class=\"art-Post-inner art-article\">\n<div class=\"art-PostContent\">\n<p>En principio, todo empleado puede defenderse contra la rescisi\u00f3n de su contrato de trabajo, ya sea extrajudicialmente iniciando negociaciones con el empleador o ante los tribunales interponiendo una acci\u00f3n de protecci\u00f3n por despido (\u00a1dentro de las 3 semanas posteriores a la recepci\u00f3n de la rescisi\u00f3n!). Si no se defiende, tambi\u00e9n se producir\u00e1 la rescisi\u00f3n indebida y los derechos y obligaciones derivados del contrato de trabajo expirar\u00e1n. Si no est\u00e1 necesariamente interesado en la existencia de su contrato de trabajo, es importante saber que normalmente no existe ning\u00fan derecho a recibir una indemnizaci\u00f3n por despido, pero esto normalmente s\u00f3lo puede lograrse en el marco de un proceso de protecci\u00f3n por despido mediante negociaciones inteligentes con un abogado experimentado. La acci\u00f3n de protecci\u00f3n por despido siempre tiene como objetivo establecer la continuidad de la relaci\u00f3n laboral y por tanto la continuidad del contrato de trabajo. En la mayor\u00eda de los casos, las partes s\u00f3lo llegan a un acuerdo en forma de acuerdo legal (aceptaci\u00f3n de la p\u00e9rdida del empleo a cambio del pago de una indemnizaci\u00f3n por despido) durante el proceso judicial.    <\/p>\n<\/div>\n<\/div>\n<\/div>\n<\/div>\n<\/div>\n<div id=\"gtx-trans\" style=\"position: absolute; left: 334px; top: 38px;\">\n<div class=\"gtx-trans-icon\"><\/div>\n<\/div>\n<p>[\/vc_column_text][\/vc_column][\/vc_row][vc_row triangle_shape=\u00bbno\u00bb css=\u00bb.vc_custom_1700293506247{padding-bottom: 20px !important;}\u00bb][vc_column]\n<h2 class=\"mkd-custom-font-holder\" style=\"font-size: 20px;line-height: 20px;font-weight: 700\" data-font-size= 20 data-line-height= 20>\n\t4. Gemeinsam mit der Kanzlei STEINWACHS<\/h2>[vc_column_text css=\u00bb.vc_custom_1700293410889{padding-top: 10px !important;}\u00bb]<\/p>\n<div class=\"art-content\">\n<div class=\"art-Post\">\n<div class=\"art-Post-body\">\n<div class=\"art-Post-inner art-article\">\n<div class=\"art-PostContent\">\n<p>Debido a la complejidad del asunto legal, necesita apoyo profesional. STEINWACHS ofrece asesoramiento y representaci\u00f3n de un abogado que no s\u00f3lo tiene experiencia en el amplio campo del derecho laboral, sino que tambi\u00e9n ha sido capacitado y probado a trav\u00e9s de innumerables disputas de despido exitosas. En la medida de lo posible, intentaremos llegar a una soluci\u00f3n extrajudicial a tu favor con tu empleador. Si esto no es posible y llegamos a la conclusi\u00f3n de que su asunto ofrece una posibilidad razonable de \u00e9xito, presentaremos un reclamo de protecci\u00f3n por despido en su nombre dentro del plazo y lo representaremos en todos los procedimientos judiciales. Para una consulta inicial despu\u00e9s de recibir un aviso de rescisi\u00f3n, necesitamos:    <\/p>\n<\/div>\n<\/div>\n<\/div>\n<\/div>\n<\/div>\n<p>[\/vc_column_text]<div class=\"mkd-unordered-list \" ><ul>\n<li>das K\u00fcndigungsschreiben,<\/li>\n<li>den aktuellen Arbeitsvertrag sowie die diesem gegebenenfalls vorhergehenden Arbeitsvertr\u00e4ge<\/li>\n<li>die letzten drei Gehaltsabrechnungen<\/li>\n<li>Angaben \u00fcber die Anzahl der Besch\u00e4ftigten im Betrieb<\/li>\n<li>Kopien vielleicht erteilter Abmahnungen<\/li>\n<li>Informationen \u00fcber einen etwa vorhandenen Betriebsrat<\/li>\n<li>Informationen \u00fcber anwendbare Tarifvertr\u00e4ge<\/li>\n<\/ul>\n<\/div>[\/vc_column][\/vc_row][vc_row triangle_shape=\u00bbno\u00bb css=\u00bb.vc_custom_1700293519119{padding-bottom: 20px !important;}\u00bb][vc_column][vc_column_text css=\u00bb.vc_custom_1700293453455{padding-top: 10px !important;}\u00bb]Responsable del contenido de la p\u00e1gina jur\u00eddico-abogado-derecho-empleo-hamburgo-berl\u00edn\/terminaci\u00f3n: Abogado Stephan Steinwachs (abogado en Berl\u00edn Hamburgo)<br \/>\n[\/vc_column_text][\/vc_column][\/vc_row]<\/p>\n<\/div>","protected":false},"excerpt":{"rendered":"<p>[vc_row content_width=\u00bbgrid\u00bb content_aligment=\u00bbcenter\u00bb triangle_shape=\u00bbno\u00bb css=\u00bb.vc_custom_1696926719838{padding-bottom: 10px !important;background-position: center !important;background-repeat: no-repeat !important;background-size: cover !important;}\u00bb][vc_column][\/vc_column][\/vc_row][vc_row triangle_shape=\u00bbno\u00bb css=\u00bb.vc_custom_1700293481407{padding-bottom: 20px !important;}\u00bb][vc_column][vc_column_text css=\u00bb.vc_custom_1700293794969{padding-top: 10px !important;}\u00bb]Las siguientes declaraciones de la p\u00e1gina Terminadas, \u00bfqu\u00e9 hacer? Se aplican principalmente a la terminaci\u00f3n de un contrato de trabajo. Puede encontrar informaci\u00f3n sobre la rescisi\u00f3n en la ley de arrendamiento aqu\u00ed. La terminaci\u00f3n se refiere a la terminaci\u00f3n unilateral de un contrato de trabajo, por ejemplo, ya que la terminaci\u00f3n del contrato de trabajo puede provenir tanto del empleador como del empleado. Si el empleador rescinde el contrato de trabajo, el empleado a menudo se enfrenta a cambios importantes. Por&#8230;<\/p>\n","protected":false},"author":1,"featured_media":0,"parent":0,"menu_order":0,"comment_status":"closed","ping_status":"closed","template":"","meta":{"footnotes":""},"class_list":["post-14331","page","type-page","status-publish","hentry"],"yoast_head":"<!-- This site is optimized with the Yoast SEO Premium plugin v27.2 (Yoast SEO v27.4) - https:\/\/yoast.com\/product\/yoast-seo-premium-wordpress\/ -->\n<title>Rechtsanwaltskanzlei in Hamburg Berlin Bremen Hannover L\u00fcbeck<\/title>\n<meta name=\"description\" content=\"Rechtsanwaltskanzlei f\u00fcr Arbeitsrecht, Arzthaftung, Mietrecht, Gewerbemietrecht ,Gastronomierecht, Immobilienrecht, Schadensersatz Yachtrecht\" \/>\n<meta name=\"robots\" content=\"index, follow, max-snippet:-1, max-image-preview:large, max-video-preview:-1\" \/>\n<link rel=\"canonical\" href=\"https:\/\/www.kanzlei-steinwachs.de\/es\/terminado-que-hacer\/\" \/>\n<meta property=\"og:locale\" content=\"es_ES\" \/>\n<meta property=\"og:type\" content=\"article\" \/>\n<meta property=\"og:title\" content=\"Rechtsanwaltskanzlei in Hamburg Berlin Bremen Hannover L\u00fcbeck\" \/>\n<meta property=\"og:description\" content=\"Rechtsanwaltskanzlei f\u00fcr Arbeitsrecht, Arzthaftung, Mietrecht, Gewerbemietrecht ,Gastronomierecht, Immobilienrecht, Schadensersatz Yachtrecht\" \/>\n<meta property=\"og:url\" content=\"https:\/\/www.kanzlei-steinwachs.de\/es\/terminado-que-hacer\/\" \/>\n<meta property=\"og:site_name\" content=\"Rechtsanwaltskanzlei Anwalt Hamburg Berlin Bremen Hannover L\u00fcbeck\" \/>\n<meta property=\"article:publisher\" content=\"https:\/\/www.facebook.com\/STEINWACHSRechtsanwaltskanzlei\/\" \/>\n<meta property=\"article:modified_time\" content=\"2023-12-02T08:04:12+00:00\" \/>\n<meta name=\"twitter:card\" content=\"summary_large_image\" \/>\n<meta name=\"twitter:site\" content=\"@rasteinwachs\" \/>\n<meta name=\"twitter:label1\" content=\"Tiempo de lectura\" \/>\n\t<meta name=\"twitter:data1\" content=\"6 minutos\" \/>\n<script type=\"application\/ld+json\" class=\"yoast-schema-graph\">{\"@context\":\"https:\\\/\\\/schema.org\",\"@graph\":[{\"@type\":\"WebPage\",\"@id\":\"https:\\\/\\\/www.kanzlei-steinwachs.de\\\/es\\\/terminado-que-hacer\\\/\",\"url\":\"https:\\\/\\\/www.kanzlei-steinwachs.de\\\/es\\\/terminado-que-hacer\\\/\",\"name\":\"Rechtsanwaltskanzlei in Hamburg Berlin Bremen Hannover L\u00fcbeck\",\"isPartOf\":{\"@id\":\"https:\\\/\\\/www.kanzlei-steinwachs.de\\\/es\\\/#website\"},\"datePublished\":\"2023-11-15T07:50:32+00:00\",\"dateModified\":\"2023-12-02T08:04:12+00:00\",\"description\":\"Rechtsanwaltskanzlei f\u00fcr Arbeitsrecht, Arzthaftung, Mietrecht, Gewerbemietrecht ,Gastronomierecht, Immobilienrecht, Schadensersatz Yachtrecht\",\"inLanguage\":\"es\",\"potentialAction\":[{\"@type\":\"ReadAction\",\"target\":[\"https:\\\/\\\/www.kanzlei-steinwachs.de\\\/es\\\/terminado-que-hacer\\\/\"]}]},{\"@type\":\"WebSite\",\"@id\":\"https:\\\/\\\/www.kanzlei-steinwachs.de\\\/es\\\/#website\",\"url\":\"https:\\\/\\\/www.kanzlei-steinwachs.de\\\/es\\\/\",\"name\":\"Rechtsanwaltskanzlei Anwalt Hamburg Berlin Bremen Hannover L\u00fcbeck\",\"description\":\"Wir leisten mehr als Recht bietet\",\"publisher\":{\"@id\":\"https:\\\/\\\/www.kanzlei-steinwachs.de\\\/es\\\/#organization\"},\"potentialAction\":[{\"@type\":\"SearchAction\",\"target\":{\"@type\":\"EntryPoint\",\"urlTemplate\":\"https:\\\/\\\/www.kanzlei-steinwachs.de\\\/es\\\/?s={search_term_string}\"},\"query-input\":{\"@type\":\"PropertyValueSpecification\",\"valueRequired\":true,\"valueName\":\"search_term_string\"}}],\"inLanguage\":\"es\"},{\"@type\":[\"Organization\",\"Place\"],\"@id\":\"https:\\\/\\\/www.kanzlei-steinwachs.de\\\/es\\\/#organization\",\"name\":\"Rechtsanwaltskanzlei Anwalt Hamburg Berlin Bremen Hannover L\u00fcbeck\",\"url\":\"https:\\\/\\\/www.kanzlei-steinwachs.de\\\/\",\"logo\":{\"@type\":\"ImageObject\",\"inLanguage\":\"es\",\"@id\":\"https:\\\/\\\/www.kanzlei-steinwachs.de\\\/es\\\/#\\\/schema\\\/logo\\\/image\\\/\",\"url\":\"https:\\\/\\\/i0.wp.com\\\/www.kanzlei-steinwachs.de\\\/wp-content\\\/uploads\\\/2023\\\/12\\\/logo.webp?fit=174%2C76&quality=80&ssl=1\",\"contentUrl\":\"https:\\\/\\\/i0.wp.com\\\/www.kanzlei-steinwachs.de\\\/wp-content\\\/uploads\\\/2023\\\/12\\\/logo.webp?fit=174%2C76&quality=80&ssl=1\",\"width\":174,\"height\":76,\"caption\":\"Rechtsanwaltskanzlei Anwalt Hamburg Berlin Bremen Hannover L\u00fcbeck\"},\"image\":{\"@id\":\"https:\\\/\\\/www.kanzlei-steinwachs.de\\\/es\\\/#\\\/schema\\\/logo\\\/image\\\/\"},\"sameAs\":[\"https:\\\/\\\/www.facebook.com\\\/STEINWACHSRechtsanwaltskanzlei\\\/\",\"https:\\\/\\\/x.com\\\/rasteinwachs\",\"https:\\\/\\\/www.instagram.com\\\/steinwachs_rechtsanwaelte\\\/\",\"https:\\\/\\\/www.linkedin.com\\\/in\\\/stephan-steinwachs-7a270197\\\/\",\"https:\\\/\\\/www.youtube.com\\\/channel\\\/UCffmodDlQx81remXm395RWA\"],\"telephone\":[]}]}<\/script>\n<!-- \/ Yoast SEO Premium plugin. -->","yoast_head_json":{"title":"Rechtsanwaltskanzlei in Hamburg Berlin Bremen Hannover L\u00fcbeck","description":"Rechtsanwaltskanzlei f\u00fcr Arbeitsrecht, Arzthaftung, Mietrecht, Gewerbemietrecht ,Gastronomierecht, Immobilienrecht, Schadensersatz Yachtrecht","robots":{"index":"index","follow":"follow","max-snippet":"max-snippet:-1","max-image-preview":"max-image-preview:large","max-video-preview":"max-video-preview:-1"},"canonical":"https:\/\/www.kanzlei-steinwachs.de\/es\/terminado-que-hacer\/","og_locale":"es_ES","og_type":"article","og_title":"Rechtsanwaltskanzlei in Hamburg Berlin Bremen Hannover L\u00fcbeck","og_description":"Rechtsanwaltskanzlei f\u00fcr Arbeitsrecht, Arzthaftung, Mietrecht, Gewerbemietrecht ,Gastronomierecht, Immobilienrecht, Schadensersatz Yachtrecht","og_url":"https:\/\/www.kanzlei-steinwachs.de\/es\/terminado-que-hacer\/","og_site_name":"Rechtsanwaltskanzlei Anwalt Hamburg Berlin Bremen Hannover L\u00fcbeck","article_publisher":"https:\/\/www.facebook.com\/STEINWACHSRechtsanwaltskanzlei\/","article_modified_time":"2023-12-02T08:04:12+00:00","twitter_card":"summary_large_image","twitter_site":"@rasteinwachs","twitter_misc":{"Tiempo de lectura":"6 minutos"},"schema":{"@context":"https:\/\/schema.org","@graph":[{"@type":"WebPage","@id":"https:\/\/www.kanzlei-steinwachs.de\/es\/terminado-que-hacer\/","url":"https:\/\/www.kanzlei-steinwachs.de\/es\/terminado-que-hacer\/","name":"Rechtsanwaltskanzlei in Hamburg Berlin Bremen Hannover L\u00fcbeck","isPartOf":{"@id":"https:\/\/www.kanzlei-steinwachs.de\/es\/#website"},"datePublished":"2023-11-15T07:50:32+00:00","dateModified":"2023-12-02T08:04:12+00:00","description":"Rechtsanwaltskanzlei f\u00fcr Arbeitsrecht, Arzthaftung, Mietrecht, Gewerbemietrecht ,Gastronomierecht, Immobilienrecht, Schadensersatz Yachtrecht","inLanguage":"es","potentialAction":[{"@type":"ReadAction","target":["https:\/\/www.kanzlei-steinwachs.de\/es\/terminado-que-hacer\/"]}]},{"@type":"WebSite","@id":"https:\/\/www.kanzlei-steinwachs.de\/es\/#website","url":"https:\/\/www.kanzlei-steinwachs.de\/es\/","name":"Rechtsanwaltskanzlei Anwalt Hamburg Berlin Bremen Hannover L\u00fcbeck","description":"Wir leisten mehr als Recht bietet","publisher":{"@id":"https:\/\/www.kanzlei-steinwachs.de\/es\/#organization"},"potentialAction":[{"@type":"SearchAction","target":{"@type":"EntryPoint","urlTemplate":"https:\/\/www.kanzlei-steinwachs.de\/es\/?s={search_term_string}"},"query-input":{"@type":"PropertyValueSpecification","valueRequired":true,"valueName":"search_term_string"}}],"inLanguage":"es"},{"@type":["Organization","Place"],"@id":"https:\/\/www.kanzlei-steinwachs.de\/es\/#organization","name":"Rechtsanwaltskanzlei Anwalt Hamburg Berlin Bremen Hannover L\u00fcbeck","url":"https:\/\/www.kanzlei-steinwachs.de\/","logo":{"@type":"ImageObject","inLanguage":"es","@id":"https:\/\/www.kanzlei-steinwachs.de\/es\/#\/schema\/logo\/image\/","url":"https:\/\/i0.wp.com\/www.kanzlei-steinwachs.de\/wp-content\/uploads\/2023\/12\/logo.webp?fit=174%2C76&quality=80&ssl=1","contentUrl":"https:\/\/i0.wp.com\/www.kanzlei-steinwachs.de\/wp-content\/uploads\/2023\/12\/logo.webp?fit=174%2C76&quality=80&ssl=1","width":174,"height":76,"caption":"Rechtsanwaltskanzlei Anwalt Hamburg Berlin Bremen Hannover L\u00fcbeck"},"image":{"@id":"https:\/\/www.kanzlei-steinwachs.de\/es\/#\/schema\/logo\/image\/"},"sameAs":["https:\/\/www.facebook.com\/STEINWACHSRechtsanwaltskanzlei\/","https:\/\/x.com\/rasteinwachs","https:\/\/www.instagram.com\/steinwachs_rechtsanwaelte\/","https:\/\/www.linkedin.com\/in\/stephan-steinwachs-7a270197\/","https:\/\/www.youtube.com\/channel\/UCffmodDlQx81remXm395RWA"],"telephone":[]}]}},"jetpack_sharing_enabled":true,"_links":{"self":[{"href":"https:\/\/www.kanzlei-steinwachs.de\/es\/wp-json\/wp\/v2\/pages\/14331","targetHints":{"allow":["GET"]}}],"collection":[{"href":"https:\/\/www.kanzlei-steinwachs.de\/es\/wp-json\/wp\/v2\/pages"}],"about":[{"href":"https:\/\/www.kanzlei-steinwachs.de\/es\/wp-json\/wp\/v2\/types\/page"}],"author":[{"embeddable":true,"href":"https:\/\/www.kanzlei-steinwachs.de\/es\/wp-json\/wp\/v2\/users\/1"}],"replies":[{"embeddable":true,"href":"https:\/\/www.kanzlei-steinwachs.de\/es\/wp-json\/wp\/v2\/comments?post=14331"}],"version-history":[{"count":0,"href":"https:\/\/www.kanzlei-steinwachs.de\/es\/wp-json\/wp\/v2\/pages\/14331\/revisions"}],"wp:attachment":[{"href":"https:\/\/www.kanzlei-steinwachs.de\/es\/wp-json\/wp\/v2\/media?parent=14331"}],"curies":[{"name":"wp","href":"https:\/\/api.w.org\/{rel}","templated":true}]}}