{"id":13700,"date":"2023-11-20T07:52:58","date_gmt":"2023-11-20T06:52:58","guid":{"rendered":"https:\/\/www.kanzlei-steinwachs.de\/sentencias-de-derecho-laboral\/sentencias-bag-2006\/"},"modified":"2023-11-29T13:40:54","modified_gmt":"2023-11-29T12:40:54","slug":"sentencias-bag-2006","status":"publish","type":"page","link":"https:\/\/www.kanzlei-steinwachs.de\/es\/sentencias-de-derecho-laboral\/sentencias-bag-2006\/","title":{"rendered":"Sentencias BAG 2006"},"content":{"rendered":"<div class=\"wpb-content-wrapper\"><p>[vc_row triangle_shape=\u00bbno\u00bb][vc_column width=\u00bb1\/2&#8243;][vc_column_text]<\/p>\n<h3>A. Derecho de la relaci\u00f3n laboral<\/h3>\n<p><strong>I. Condiciones de trabajo<\/strong><\/p>\n<ul>\n<li>1.  <a title=\"bolsa-juicios-2006 horas de trabajo\" href=\"https:\/\/www.kanzlei-steinwachs.de\/arbeitsrecht-urteile\/bag-urteile-2006\/arbeitszeit\" target=\"_blank\" rel=\"noopener\"> Horas Laborales<\/a><\/li>\n<li>2. <a title=\"bolsa-sentencias-2006 derecho a trabajo a tiempo parcial\" href=\"https:\/\/www.kanzlei-steinwachs.de\/arbeitsrecht-urteile\/bag-urteile-2006\/anspruch-auf-teilzeitarbeit\" target=\"_blank\" rel=\"noopener\">Derecho al trabajo a tiempo parcial<\/a><\/li>\n<li>3. <a title=\"bolsa-sentencias-2006 cambio-de-condiciones-laborales\" href=\"https:\/\/www.kanzlei-steinwachs.de\/arbeitsrecht-urteile\/bag-urteile-2006\/aenderung-von-arbeitsbedingungen\" target=\"_blank\" rel=\"noopener\">Cambio en las condiciones laborales<\/a><\/li>\n<\/ul>\n<p><strong>II. Reclamaciones provenientes de la relaci\u00f3n laboral<\/strong><\/p>\n<ul>\n<li>1. <a title=\"bolsa-sentencias-2006 remuneraci\u00f3n\" href=\"https:\/\/www.kanzlei-steinwachs.de\/arbeitsrecht-urteile\/bag-urteile-2006\/verguetung\" target=\"_blank\" rel=\"noopener\">Compensaci\u00f3n<\/a><\/li>\n<li>2. <a title=\"bolsa-sentencias-2006 jornada laboral y remuneraci\u00f3n\" href=\"https:\/\/www.kanzlei-steinwachs.de\/arbeitsrecht-urteile\/bag-urteile-2006\/arbeitszeit-und-verguetung\" target=\"_blank\" rel=\"noopener\">Tiempo de trabajo<\/a><\/li>\n<li>3. <a title=\"bolsa-sentencias-2006 cl\u00e1usula de no competencia\" href=\"https:\/\/www.kanzlei-steinwachs.de\/arbeitsrecht-urteile\/bag-urteile-2006\/wettbewerbsverbot\" target=\"_blank\" rel=\"noopener\">Acuerdos de no competencia<\/a><\/li>\n<li>4. <a title=\"sentencias derecho laboral bolsa-sentencias-2006\/jubilaci\u00f3n parcial\" href=\"https:\/\/www.kanzlei-steinwachs.de\/arbeitsrecht-urteile\/bag-urteile-2006\/altersteilzeit\" target=\"_blank\" rel=\"noopener\">Jubilaci\u00f3n parcial<\/a><\/li>\n<li>5. <a title=\"bolsa-sentencias-2006 reembolso-de-costes-de-formaci\u00f3n\" href=\"https:\/\/www.kanzlei-steinwachs.de\/arbeitsrecht-urteile\/bag-urteile-2006\/ruckzahlung-von-ausbildungskosten\" target=\"_blank\" rel=\"noopener\">Reembolso de los costes de formaci\u00f3n<\/a><\/li>\n<li>6. <a title=\"bolsa-sentencias-2006 da\u00f1os y perjuicios\" href=\"https:\/\/www.kanzlei-steinwachs.de\/arbeitsrecht-urteile\/bag-urteile-2006\/schadensersatz\" target=\"_blank\" rel=\"noopener\">Da\u00f1os<\/a><\/li>\n<li>7. <a title=\"bolsa-sentencias-2006 responsabilidad gerencial\" href=\"https:\/\/www.kanzlei-steinwachs.de\/arbeitsrecht-urteile\/bag-urteile-2006\/geschaftsfuhrerhaftung\" target=\"_blank\" rel=\"noopener\">Responsabilidad del director general<\/a><\/li>\n<li>8. <a title=\"bolsa-sentencias-2006 responsabilidad preliminar\" href=\"https:\/\/www.kanzlei-steinwachs.de\/arbeitsrecht-urteile\/bag-urteile-2006\/vorgruendungshaftung\" target=\"_blank\" rel=\"noopener\">Responsabilidad previa a la fundaci\u00f3n<\/a><\/li>\n<li>9. <a title=\"bolsa-sentencias-2006 obligaci\u00f3n de publicar\" href=\"https:\/\/www.kanzlei-steinwachs.de\/arbeitsrecht-urteile\/bag-urteile-2006\/herausgabepflicht\" target=\"_blank\" rel=\"noopener\">Obligaci\u00f3n de liberar<\/a><\/li>\n<li>10. <a title=\"bolsa-sentencias-2006 expediente personal\" href=\"https:\/\/www.kanzlei-steinwachs.de\/arbeitsrecht-urteile\/bag-urteile-2006\/personalakte\" target=\"_blank\" rel=\"noopener\">Expediente de personal<\/a><\/li>\n<\/ul>\n<p><strong>III. Protecci\u00f3n contra la discriminaci\u00f3n y promoci\u00f3n de oportunidades<\/strong><br \/>\n<strong>igualdad <\/strong><\/p>\n<ul>\n<li>1. <a title=\"bolsa-juicios-2006 genero\" href=\"https:\/\/www.kanzlei-steinwachs.de\/arbeitsrecht-urteile\/bag-urteile-2006\/geschlecht\" target=\"_blank\" rel=\"noopener\">G\u00e9nero<\/a><\/li>\n<li>2. <a title=\"bolsa-sentencias-2006 incapacidad severa\" href=\"https:\/\/www.kanzlei-steinwachs.de\/arbeitsrecht-urteile\/bag-urteile-2006\/schwerbehinderung\" target=\"_blank\" rel=\"noopener\">Discapacidad grave<\/a><\/li>\n<li>3.<a title=\"sentencias de derecho laboral\/sentencias de bolsa 2006 edad\" href=\"https:\/\/www.kanzlei-steinwachs.de\/arbeitsrecht-urteile\/bag-urteile-2006\/alter\" target=\"_blank\" rel=\"noopener\">Alterar<\/a><\/li>\n<\/ul>\n<p><strong>IV. Terminaci\u00f3n de las relaciones laborales<\/strong><\/p>\n<ul>\n<li>1. <a title=\"bolsa-sentencias-2006 acuerdo de rescisi\u00f3n\" href=\"https:\/\/www.kanzlei-steinwachs.de\/arbeitsrecht-urteile\/bag-urteile-2006\/aufhebungsvereinbarung\" target=\"_blank\" rel=\"noopener\">Acuerdo de rescisi\u00f3n<\/a><\/li>\n<li>2. <a title=\"bolsa-juicios-2006 l\u00edmite de tiempo\" href=\"https:\/\/www.kanzlei-steinwachs.de\/arbeitsrecht-urteile\/bag-urteile-2006\/befristung\" target=\"_blank\" rel=\"noopener\">L\u00edmite de tiempo<\/a><\/li>\n<li>3. <a title=\"bolsa-juicios-2006 condici\u00f3n-de-disoluci\u00f3n\" href=\"https:\/\/www.kanzlei-steinwachs.de\/arbeitsrecht-urteile\/bag-urteile-2006\/aufloesende-bedingung\" target=\"_blank\" rel=\"noopener\">Condici\u00f3n resolutiva<\/a><\/li>\n<li>4. <a title=\"bolsa-sentencias-2006 rescisi\u00f3n\" href=\"https:\/\/www.kanzlei-steinwachs.de\/arbeitsrecht-urteile\/bag-urteile-2006\/kuendigung\" target=\"_blank\" rel=\"noopener\">Terminaci\u00f3n<\/a><\/li>\n<li>5. <a title=\"bolsa-juicios-2006 indemnizaci\u00f3n por despido\" href=\"https:\/\/www.kanzlei-steinwachs.de\/arbeitsrecht-urteile\/bag-urteile-2006\/abfindung\" target=\"_blank\" rel=\"noopener\">Indemnizaci\u00f3n por despido \u2013 \u201cbono turbo\u201d<\/a><\/li>\n<\/ul>\n<p>[\/vc_column_text][\/vc_column][vc_column width=\u00bb1\/2&#8243;][vc_column_text]<\/p>\n<h3>B. Derecho laboral colectivo<\/h3>\n<p><strong>I. Ley de negociaci\u00f3n colectiva <\/strong><\/p>\n<ul>\n<li>1. <a title=\"bolsa-sentencias-ley de negociaci\u00f3n colectiva de 2006\" href=\"https:\/\/www.kanzlei-steinwachs.de\/arbeitsrecht-urteile\/bag-urteile-2006\/tarifvertragsrecht\" target=\"_blank\" rel=\"noopener\">Ley de negociaci\u00f3n colectiva<\/a><\/li>\n<li>2. <a title=\"bolsa-sentencias-2006 competencia negociaci\u00f3n colectiva\" href=\"https:\/\/www.kanzlei-steinwachs.de\/arbeitsrecht-urteile\/bag-urteile-2006\/tarifzustaendigkeit\" target=\"_blank\" rel=\"noopener\">Competencia en materia de negociaci\u00f3n colectiva<\/a><\/li>\n<li>3. <a href=\"https:\/\/www.kanzlei-steinwachs.de\/arbeitsrecht-urteile\/bag-urteile-2006\/tariffahigkeit-einer-arbeitnehmervereinigung\" target=\"_blank\" rel=\"noopener\">Capacidad de negociaci\u00f3n colectiva de una asociaci\u00f3n de empleados<\/a><\/li>\n<\/ul>\n<p><strong>II. Ley de constituci\u00f3n de obras<\/strong><\/p>\n<ul>\n<li>1. <a title=\"bolsa-sentencias-2006 codeterminaci\u00f3n-y-participaci\u00f3n-del-consejo-de-empresa\" href=\"https:\/\/www.kanzlei-steinwachs.de\/arbeitsrecht-urteile\/bag-urteile-2006\/mitbestimmung-und-mitwirkung-des-betriebsrats\" target=\"_blank\" rel=\"noopener\">Codeterminaci\u00f3n y participaci\u00f3n del comit\u00e9 de empresa<\/a><\/li>\n<li>2. <a title=\"bolsa-sentencias-2006 responsabilidad-del-consejo-general-de-empresa\" href=\"https:\/\/www.kanzlei-steinwachs.de\/arbeitsrecht-urteile\/bag-urteile-2006\/zustaendigkeit-des-gesamtbetriebsrats\" target=\"_blank\" rel=\"noopener\">Responsabilidad del comit\u00e9 general de empresa<\/a><\/li>\n<li>3. <a title=\"bolsa-sentencias-2006 costos-de-membres\u00eda-del-consejo de empresa\" href=\"https:\/\/www.kanzlei-steinwachs.de\/arbeitsrecht-urteile\/bag-urteile-2006\/kosten-der-betriebsratstaetigkeit\" target=\"_blank\" rel=\"noopener\">Costes de la actividad del comit\u00e9 de empresa<\/a><\/li>\n<li>4. <a title=\"bolsa-sentencias-2006 derecho de acceso seg\u00fan la ley de constituci\u00f3n de obras\" href=\"https:\/\/www.kanzlei-steinwachs.de\/arbeitsrecht-urteile\/bag-urteile-2006\/betriebsverfassungsrechtliches-zugangsrecht\" target=\"_blank\" rel=\"noopener\">Derecho de acceso seg\u00fan la ley de constituci\u00f3n de obras<\/a> <\/li>\n<li>3. <a title=\"sentencias de derecho laboral\/sentencias de bolsa 2006 ley de insolvencia\" href=\"https:\/\/www.kanzlei-steinwachs.de\/arbeitsrecht-urteile\/bag-urteile-2006\/insolvenzrecht\" target=\"_blank\" rel=\"noopener\">Ley de quiebras<\/a><\/li>\n<\/ul>\n<p>[\/vc_column_text][\/vc_column][\/vc_row][vc_row triangle_shape=\u00bbno\u00bb][vc_column][vc_empty_space][\/vc_column][\/vc_row]<\/p>\n<\/div>","protected":false},"excerpt":{"rendered":"<p>[vc_row triangle_shape=\u00bbno\u00bb][vc_column width=\u00bb1\/2&#8243;][vc_column_text] A. Derecho de la relaci\u00f3n laboral I. Condiciones de trabajo 1. Horas Laborales 2. Derecho al trabajo a tiempo parcial 3. Cambio en las condiciones laborales II. Reclamaciones provenientes de la relaci\u00f3n laboral 1. Compensaci\u00f3n 2. Tiempo de trabajo 3. Acuerdos de no competencia 4. Jubilaci\u00f3n parcial 5. Reembolso de los costes de formaci\u00f3n 6. Da\u00f1os 7. Responsabilidad del director general 8. Responsabilidad previa a la fundaci\u00f3n 9. Obligaci\u00f3n de liberar 10. Expediente de personal III. Protecci\u00f3n contra la discriminaci\u00f3n y promoci\u00f3n de oportunidades igualdad 1. G\u00e9nero 2. Discapacidad grave 3.Alterar IV. Terminaci\u00f3n de las relaciones laborales&#8230;<\/p>\n","protected":false},"author":1,"featured_media":10684,"parent":11550,"menu_order":0,"comment_status":"closed","ping_status":"closed","template":"","meta":{"footnotes":""},"class_list":["post-13700","page","type-page","status-publish","has-post-thumbnail","hentry"],"yoast_head":"<!-- This site is optimized with the Yoast SEO Premium plugin v27.2 (Yoast SEO v27.4) - https:\/\/yoast.com\/product\/yoast-seo-premium-wordpress\/ -->\n<title>Rechtsanwaltskanzlei in Hamburg Berlin Bremen Hannover L\u00fcbeck<\/title>\n<meta name=\"description\" content=\"Rechtsanwaltskanzlei f\u00fcr Arbeitsrecht, Arzthaftung, Mietrecht, Gewerbemietrecht ,Gastronomierecht, Immobilienrecht, Schadensersatz Yachtrecht\" \/>\n<meta name=\"robots\" content=\"index, follow, max-snippet:-1, max-image-preview:large, max-video-preview:-1\" \/>\n<link rel=\"canonical\" href=\"https:\/\/www.kanzlei-steinwachs.de\/es\/sentencias-de-derecho-laboral\/sentencias-bag-2006\/\" \/>\n<meta property=\"og:locale\" content=\"es_ES\" \/>\n<meta property=\"og:type\" content=\"article\" \/>\n<meta property=\"og:title\" content=\"Rechtsanwaltskanzlei in Hamburg Berlin Bremen Hannover L\u00fcbeck\" \/>\n<meta property=\"og:description\" content=\"Rechtsanwaltskanzlei f\u00fcr Arbeitsrecht, Arzthaftung, Mietrecht, Gewerbemietrecht ,Gastronomierecht, Immobilienrecht, Schadensersatz Yachtrecht\" \/>\n<meta property=\"og:url\" content=\"https:\/\/www.kanzlei-steinwachs.de\/es\/sentencias-de-derecho-laboral\/sentencias-bag-2006\/\" \/>\n<meta property=\"og:site_name\" content=\"Rechtsanwaltskanzlei Anwalt Hamburg Berlin Bremen Hannover L\u00fcbeck\" \/>\n<meta property=\"article:publisher\" content=\"https:\/\/www.facebook.com\/STEINWACHSRechtsanwaltskanzlei\/\" \/>\n<meta property=\"article:modified_time\" content=\"2023-11-29T12:40:54+00:00\" \/>\n<meta name=\"twitter:card\" content=\"summary_large_image\" \/>\n<meta name=\"twitter:site\" content=\"@rasteinwachs\" \/>\n<meta name=\"twitter:label1\" content=\"Tiempo de lectura\" \/>\n\t<meta name=\"twitter:data1\" content=\"1 minuto\" \/>\n<script type=\"application\/ld+json\" class=\"yoast-schema-graph\">{\"@context\":\"https:\\\/\\\/schema.org\",\"@graph\":[{\"@type\":\"WebPage\",\"@id\":\"https:\\\/\\\/www.kanzlei-steinwachs.de\\\/es\\\/sentencias-de-derecho-laboral\\\/sentencias-bag-2006\\\/\",\"url\":\"https:\\\/\\\/www.kanzlei-steinwachs.de\\\/es\\\/sentencias-de-derecho-laboral\\\/sentencias-bag-2006\\\/\",\"name\":\"Rechtsanwaltskanzlei in Hamburg Berlin Bremen Hannover L\u00fcbeck\",\"isPartOf\":{\"@id\":\"https:\\\/\\\/www.kanzlei-steinwachs.de\\\/es\\\/#website\"},\"primaryImageOfPage\":{\"@id\":\"https:\\\/\\\/www.kanzlei-steinwachs.de\\\/es\\\/sentencias-de-derecho-laboral\\\/sentencias-bag-2006\\\/#primaryimage\"},\"image\":{\"@id\":\"https:\\\/\\\/www.kanzlei-steinwachs.de\\\/es\\\/sentencias-de-derecho-laboral\\\/sentencias-bag-2006\\\/#primaryimage\"},\"thumbnailUrl\":\"https:\\\/\\\/i0.wp.com\\\/www.kanzlei-steinwachs.de\\\/wp-content\\\/uploads\\\/2023\\\/11\\\/Bundesarbeitsgericht_Urteile_2006.webp?fit=200%2C100&quality=20&ssl=1\",\"datePublished\":\"2023-11-20T06:52:58+00:00\",\"dateModified\":\"2023-11-29T12:40:54+00:00\",\"description\":\"Rechtsanwaltskanzlei f\u00fcr Arbeitsrecht, Arzthaftung, Mietrecht, Gewerbemietrecht ,Gastronomierecht, Immobilienrecht, Schadensersatz Yachtrecht\",\"breadcrumb\":{\"@id\":\"https:\\\/\\\/www.kanzlei-steinwachs.de\\\/es\\\/sentencias-de-derecho-laboral\\\/sentencias-bag-2006\\\/#breadcrumb\"},\"inLanguage\":\"es\",\"potentialAction\":[{\"@type\":\"ReadAction\",\"target\":[\"https:\\\/\\\/www.kanzlei-steinwachs.de\\\/es\\\/sentencias-de-derecho-laboral\\\/sentencias-bag-2006\\\/\"]}]},{\"@type\":\"ImageObject\",\"inLanguage\":\"es\",\"@id\":\"https:\\\/\\\/www.kanzlei-steinwachs.de\\\/es\\\/sentencias-de-derecho-laboral\\\/sentencias-bag-2006\\\/#primaryimage\",\"url\":\"https:\\\/\\\/i0.wp.com\\\/www.kanzlei-steinwachs.de\\\/wp-content\\\/uploads\\\/2023\\\/11\\\/Bundesarbeitsgericht_Urteile_2006.webp?fit=200%2C100&quality=20&ssl=1\",\"contentUrl\":\"https:\\\/\\\/i0.wp.com\\\/www.kanzlei-steinwachs.de\\\/wp-content\\\/uploads\\\/2023\\\/11\\\/Bundesarbeitsgericht_Urteile_2006.webp?fit=200%2C100&quality=20&ssl=1\",\"width\":200,\"height\":100,\"caption\":\"Bundesarbeitsgericht Urteile\"},{\"@type\":\"BreadcrumbList\",\"@id\":\"https:\\\/\\\/www.kanzlei-steinwachs.de\\\/es\\\/sentencias-de-derecho-laboral\\\/sentencias-bag-2006\\\/#breadcrumb\",\"itemListElement\":[{\"@type\":\"ListItem\",\"position\":1,\"name\":\"Sentencias de derecho laboral\",\"item\":\"https:\\\/\\\/www.kanzlei-steinwachs.de\\\/es\\\/sentencias-de-derecho-laboral\\\/\"},{\"@type\":\"ListItem\",\"position\":2,\"name\":\"Sentencias BAG 2006\"}]},{\"@type\":\"WebSite\",\"@id\":\"https:\\\/\\\/www.kanzlei-steinwachs.de\\\/es\\\/#website\",\"url\":\"https:\\\/\\\/www.kanzlei-steinwachs.de\\\/es\\\/\",\"name\":\"Rechtsanwaltskanzlei Anwalt Hamburg Berlin Bremen Hannover L\u00fcbeck\",\"description\":\"Wir leisten mehr als Recht bietet\",\"publisher\":{\"@id\":\"https:\\\/\\\/www.kanzlei-steinwachs.de\\\/es\\\/#organization\"},\"potentialAction\":[{\"@type\":\"SearchAction\",\"target\":{\"@type\":\"EntryPoint\",\"urlTemplate\":\"https:\\\/\\\/www.kanzlei-steinwachs.de\\\/es\\\/?s={search_term_string}\"},\"query-input\":{\"@type\":\"PropertyValueSpecification\",\"valueRequired\":true,\"valueName\":\"search_term_string\"}}],\"inLanguage\":\"es\"},{\"@type\":[\"Organization\",\"Place\"],\"@id\":\"https:\\\/\\\/www.kanzlei-steinwachs.de\\\/es\\\/#organization\",\"name\":\"Rechtsanwaltskanzlei Anwalt Hamburg Berlin Bremen Hannover L\u00fcbeck\",\"url\":\"https:\\\/\\\/www.kanzlei-steinwachs.de\\\/\",\"logo\":{\"@type\":\"ImageObject\",\"inLanguage\":\"es\",\"@id\":\"https:\\\/\\\/www.kanzlei-steinwachs.de\\\/es\\\/#\\\/schema\\\/logo\\\/image\\\/\",\"url\":\"https:\\\/\\\/i0.wp.com\\\/www.kanzlei-steinwachs.de\\\/wp-content\\\/uploads\\\/2023\\\/12\\\/logo.webp?fit=174%2C76&quality=80&ssl=1\",\"contentUrl\":\"https:\\\/\\\/i0.wp.com\\\/www.kanzlei-steinwachs.de\\\/wp-content\\\/uploads\\\/2023\\\/12\\\/logo.webp?fit=174%2C76&quality=80&ssl=1\",\"width\":174,\"height\":76,\"caption\":\"Rechtsanwaltskanzlei Anwalt Hamburg Berlin Bremen Hannover L\u00fcbeck\"},\"image\":{\"@id\":\"https:\\\/\\\/www.kanzlei-steinwachs.de\\\/es\\\/#\\\/schema\\\/logo\\\/image\\\/\"},\"sameAs\":[\"https:\\\/\\\/www.facebook.com\\\/STEINWACHSRechtsanwaltskanzlei\\\/\",\"https:\\\/\\\/x.com\\\/rasteinwachs\",\"https:\\\/\\\/www.instagram.com\\\/steinwachs_rechtsanwaelte\\\/\",\"https:\\\/\\\/www.linkedin.com\\\/in\\\/stephan-steinwachs-7a270197\\\/\",\"https:\\\/\\\/www.youtube.com\\\/channel\\\/UCffmodDlQx81remXm395RWA\"],\"telephone\":[]}]}<\/script>\n<!-- \/ Yoast SEO Premium plugin. -->","yoast_head_json":{"title":"Rechtsanwaltskanzlei in Hamburg Berlin Bremen Hannover L\u00fcbeck","description":"Rechtsanwaltskanzlei f\u00fcr Arbeitsrecht, Arzthaftung, Mietrecht, Gewerbemietrecht ,Gastronomierecht, Immobilienrecht, Schadensersatz Yachtrecht","robots":{"index":"index","follow":"follow","max-snippet":"max-snippet:-1","max-image-preview":"max-image-preview:large","max-video-preview":"max-video-preview:-1"},"canonical":"https:\/\/www.kanzlei-steinwachs.de\/es\/sentencias-de-derecho-laboral\/sentencias-bag-2006\/","og_locale":"es_ES","og_type":"article","og_title":"Rechtsanwaltskanzlei in Hamburg Berlin Bremen Hannover L\u00fcbeck","og_description":"Rechtsanwaltskanzlei f\u00fcr Arbeitsrecht, Arzthaftung, Mietrecht, Gewerbemietrecht ,Gastronomierecht, Immobilienrecht, Schadensersatz Yachtrecht","og_url":"https:\/\/www.kanzlei-steinwachs.de\/es\/sentencias-de-derecho-laboral\/sentencias-bag-2006\/","og_site_name":"Rechtsanwaltskanzlei Anwalt Hamburg Berlin Bremen Hannover L\u00fcbeck","article_publisher":"https:\/\/www.facebook.com\/STEINWACHSRechtsanwaltskanzlei\/","article_modified_time":"2023-11-29T12:40:54+00:00","twitter_card":"summary_large_image","twitter_site":"@rasteinwachs","twitter_misc":{"Tiempo de lectura":"1 minuto"},"schema":{"@context":"https:\/\/schema.org","@graph":[{"@type":"WebPage","@id":"https:\/\/www.kanzlei-steinwachs.de\/es\/sentencias-de-derecho-laboral\/sentencias-bag-2006\/","url":"https:\/\/www.kanzlei-steinwachs.de\/es\/sentencias-de-derecho-laboral\/sentencias-bag-2006\/","name":"Rechtsanwaltskanzlei in Hamburg Berlin Bremen Hannover L\u00fcbeck","isPartOf":{"@id":"https:\/\/www.kanzlei-steinwachs.de\/es\/#website"},"primaryImageOfPage":{"@id":"https:\/\/www.kanzlei-steinwachs.de\/es\/sentencias-de-derecho-laboral\/sentencias-bag-2006\/#primaryimage"},"image":{"@id":"https:\/\/www.kanzlei-steinwachs.de\/es\/sentencias-de-derecho-laboral\/sentencias-bag-2006\/#primaryimage"},"thumbnailUrl":"https:\/\/i0.wp.com\/www.kanzlei-steinwachs.de\/wp-content\/uploads\/2023\/11\/Bundesarbeitsgericht_Urteile_2006.webp?fit=200%2C100&quality=20&ssl=1","datePublished":"2023-11-20T06:52:58+00:00","dateModified":"2023-11-29T12:40:54+00:00","description":"Rechtsanwaltskanzlei f\u00fcr Arbeitsrecht, Arzthaftung, Mietrecht, Gewerbemietrecht ,Gastronomierecht, Immobilienrecht, Schadensersatz Yachtrecht","breadcrumb":{"@id":"https:\/\/www.kanzlei-steinwachs.de\/es\/sentencias-de-derecho-laboral\/sentencias-bag-2006\/#breadcrumb"},"inLanguage":"es","potentialAction":[{"@type":"ReadAction","target":["https:\/\/www.kanzlei-steinwachs.de\/es\/sentencias-de-derecho-laboral\/sentencias-bag-2006\/"]}]},{"@type":"ImageObject","inLanguage":"es","@id":"https:\/\/www.kanzlei-steinwachs.de\/es\/sentencias-de-derecho-laboral\/sentencias-bag-2006\/#primaryimage","url":"https:\/\/i0.wp.com\/www.kanzlei-steinwachs.de\/wp-content\/uploads\/2023\/11\/Bundesarbeitsgericht_Urteile_2006.webp?fit=200%2C100&quality=20&ssl=1","contentUrl":"https:\/\/i0.wp.com\/www.kanzlei-steinwachs.de\/wp-content\/uploads\/2023\/11\/Bundesarbeitsgericht_Urteile_2006.webp?fit=200%2C100&quality=20&ssl=1","width":200,"height":100,"caption":"Bundesarbeitsgericht Urteile"},{"@type":"BreadcrumbList","@id":"https:\/\/www.kanzlei-steinwachs.de\/es\/sentencias-de-derecho-laboral\/sentencias-bag-2006\/#breadcrumb","itemListElement":[{"@type":"ListItem","position":1,"name":"Sentencias de derecho laboral","item":"https:\/\/www.kanzlei-steinwachs.de\/es\/sentencias-de-derecho-laboral\/"},{"@type":"ListItem","position":2,"name":"Sentencias BAG 2006"}]},{"@type":"WebSite","@id":"https:\/\/www.kanzlei-steinwachs.de\/es\/#website","url":"https:\/\/www.kanzlei-steinwachs.de\/es\/","name":"Rechtsanwaltskanzlei Anwalt Hamburg Berlin Bremen Hannover L\u00fcbeck","description":"Wir leisten mehr als Recht bietet","publisher":{"@id":"https:\/\/www.kanzlei-steinwachs.de\/es\/#organization"},"potentialAction":[{"@type":"SearchAction","target":{"@type":"EntryPoint","urlTemplate":"https:\/\/www.kanzlei-steinwachs.de\/es\/?s={search_term_string}"},"query-input":{"@type":"PropertyValueSpecification","valueRequired":true,"valueName":"search_term_string"}}],"inLanguage":"es"},{"@type":["Organization","Place"],"@id":"https:\/\/www.kanzlei-steinwachs.de\/es\/#organization","name":"Rechtsanwaltskanzlei Anwalt Hamburg Berlin Bremen Hannover L\u00fcbeck","url":"https:\/\/www.kanzlei-steinwachs.de\/","logo":{"@type":"ImageObject","inLanguage":"es","@id":"https:\/\/www.kanzlei-steinwachs.de\/es\/#\/schema\/logo\/image\/","url":"https:\/\/i0.wp.com\/www.kanzlei-steinwachs.de\/wp-content\/uploads\/2023\/12\/logo.webp?fit=174%2C76&quality=80&ssl=1","contentUrl":"https:\/\/i0.wp.com\/www.kanzlei-steinwachs.de\/wp-content\/uploads\/2023\/12\/logo.webp?fit=174%2C76&quality=80&ssl=1","width":174,"height":76,"caption":"Rechtsanwaltskanzlei Anwalt Hamburg Berlin Bremen Hannover L\u00fcbeck"},"image":{"@id":"https:\/\/www.kanzlei-steinwachs.de\/es\/#\/schema\/logo\/image\/"},"sameAs":["https:\/\/www.facebook.com\/STEINWACHSRechtsanwaltskanzlei\/","https:\/\/x.com\/rasteinwachs","https:\/\/www.instagram.com\/steinwachs_rechtsanwaelte\/","https:\/\/www.linkedin.com\/in\/stephan-steinwachs-7a270197\/","https:\/\/www.youtube.com\/channel\/UCffmodDlQx81remXm395RWA"],"telephone":[]}]}},"jetpack_sharing_enabled":true,"_links":{"self":[{"href":"https:\/\/www.kanzlei-steinwachs.de\/es\/wp-json\/wp\/v2\/pages\/13700","targetHints":{"allow":["GET"]}}],"collection":[{"href":"https:\/\/www.kanzlei-steinwachs.de\/es\/wp-json\/wp\/v2\/pages"}],"about":[{"href":"https:\/\/www.kanzlei-steinwachs.de\/es\/wp-json\/wp\/v2\/types\/page"}],"author":[{"embeddable":true,"href":"https:\/\/www.kanzlei-steinwachs.de\/es\/wp-json\/wp\/v2\/users\/1"}],"replies":[{"embeddable":true,"href":"https:\/\/www.kanzlei-steinwachs.de\/es\/wp-json\/wp\/v2\/comments?post=13700"}],"version-history":[{"count":0,"href":"https:\/\/www.kanzlei-steinwachs.de\/es\/wp-json\/wp\/v2\/pages\/13700\/revisions"}],"up":[{"embeddable":true,"href":"https:\/\/www.kanzlei-steinwachs.de\/es\/wp-json\/wp\/v2\/pages\/11550"}],"wp:featuredmedia":[{"embeddable":true,"href":"https:\/\/www.kanzlei-steinwachs.de\/es\/wp-json\/wp\/v2\/media\/10684"}],"wp:attachment":[{"href":"https:\/\/www.kanzlei-steinwachs.de\/es\/wp-json\/wp\/v2\/media?parent=13700"}],"curies":[{"name":"wp","href":"https:\/\/api.w.org\/{rel}","templated":true}]}}