{"id":12744,"date":"2023-11-20T12:01:07","date_gmt":"2023-11-20T11:01:07","guid":{"rendered":"https:\/\/www.kanzlei-steinwachs.de\/sentencias-de-derecho-laboral\/sentencias-de-bolsa-2007\/responsabilidad-del-comite-de-empresa-del-grupo\/"},"modified":"2023-11-24T07:22:20","modified_gmt":"2023-11-24T06:22:20","slug":"responsabilidad-del-comite-de-empresa-del-grupo","status":"publish","type":"page","link":"https:\/\/www.kanzlei-steinwachs.de\/es\/sentencias-de-derecho-laboral\/sentencias-de-bolsa-2007\/responsabilidad-del-comite-de-empresa-del-grupo\/","title":{"rendered":"Responsabilidad del comit\u00e9 de empresa del grupo"},"content":{"rendered":"<div class=\"wpb-content-wrapper\"><p>[vc_row triangle_shape=\u00bbno\u00bb][vc_column][vc_column_text css=\u00bb.vc_custom_1700478167483{padding-top: 10px !important;padding-bottom: 20px !important;}\u00bb]<\/p>\n<h4 style=\"text-align: center;\">Responsabilidad del comit\u00e9 de empresa del grupo<\/h4>\n<p>[\/vc_column_text][vc_column_text css=\u00bb.vc_custom_1700479637210{padding-top: 10px !important;padding-bottom: 10px !important;}\u00bb]La responsabilidad del comit\u00e9 de empresa del grupo se determina seg\u00fan el art\u00edculo 58 BetrVG. En su sentencia del 19 de junio de 2007 ( 1 AZR 454\/06 ), el Primer Senado decidi\u00f3 que la responsabilidad original del comit\u00e9 de empresa del grupo de conformidad con el p\u00e1rrafo 1 frase 1 de este reglamento debe determinarse seg\u00fan los mismos criterios que del comit\u00e9 general de empresa de conformidad con el art\u00edculo 50, p\u00e1rrafo 1 frase 1 BetrVG. Puede surgir por motivos t\u00e9cnicos o jur\u00eddicos objetivamente imperiosos. El principio de igualdad de trato generalmente no crea una necesidad legal de regulaciones transversales a nivel de grupo. Seg\u00fan la teor\u00eda de la \u201cimposibilidad subjetiva\u201d desarrollada por el Tribunal Federal del Trabajo, el comit\u00e9 de empresa central o el comit\u00e9 de empresa de grupo tambi\u00e9n pueden ser responsables si el empleador s\u00f3lo presta un servicio voluntario a nivel empresarial o interempresarial.[\/vc_column_text][\/vc_column][\/vc_row]<\/p>\n<\/div>","protected":false},"excerpt":{"rendered":"<p>[vc_row triangle_shape=\u00bbno\u00bb][vc_column][vc_column_text css=\u00bb.vc_custom_1700478167483{padding-top: 10px !important;padding-bottom: 20px !important;}\u00bb] Responsabilidad del comit\u00e9 de empresa del grupo [\/vc_column_text][vc_column_text css=\u00bb.vc_custom_1700479637210{padding-top: 10px !important;padding-bottom: 10px !important;}\u00bb]La responsabilidad del comit\u00e9 de empresa del grupo se determina seg\u00fan el art\u00edculo 58 BetrVG. En su sentencia del 19 de junio de 2007 ( 1 AZR 454\/06 ), el Primer Senado decidi\u00f3 que la responsabilidad original del comit\u00e9 de empresa del grupo de conformidad con el p\u00e1rrafo 1 frase 1 de este reglamento debe determinarse seg\u00fan los mismos criterios que del comit\u00e9 general de empresa de conformidad con el art\u00edculo 50, p\u00e1rrafo 1 frase 1 BetrVG. Puede surgir por motivos&#8230;<\/p>\n","protected":false},"author":1,"featured_media":10691,"parent":11635,"menu_order":0,"comment_status":"closed","ping_status":"closed","template":"","meta":{"footnotes":""},"class_list":["post-12744","page","type-page","status-publish","has-post-thumbnail","hentry"],"yoast_head":"<!-- This site is optimized with the Yoast SEO Premium plugin v27.2 (Yoast SEO v27.4) - https:\/\/yoast.com\/product\/yoast-seo-premium-wordpress\/ -->\n<title>Rechtsanwaltskanzlei in Hamburg Berlin Bremen Hannover L\u00fcbeck<\/title>\n<meta name=\"description\" content=\"Rechtsanwaltskanzlei f\u00fcr Arbeitsrecht, Arzthaftung, Mietrecht, Gewerbemietrecht ,Gastronomierecht, Immobilienrecht, Schadensersatz Yachtrecht\" \/>\n<meta name=\"robots\" content=\"index, follow, max-snippet:-1, max-image-preview:large, max-video-preview:-1\" \/>\n<link rel=\"canonical\" href=\"https:\/\/www.kanzlei-steinwachs.de\/es\/sentencias-de-derecho-laboral\/sentencias-de-bolsa-2007\/responsabilidad-del-comite-de-empresa-del-grupo\/\" \/>\n<meta property=\"og:locale\" content=\"es_ES\" \/>\n<meta property=\"og:type\" content=\"article\" \/>\n<meta property=\"og:title\" content=\"Rechtsanwaltskanzlei in Hamburg Berlin Bremen Hannover L\u00fcbeck\" \/>\n<meta property=\"og:description\" content=\"Rechtsanwaltskanzlei f\u00fcr Arbeitsrecht, Arzthaftung, Mietrecht, Gewerbemietrecht ,Gastronomierecht, Immobilienrecht, Schadensersatz Yachtrecht\" \/>\n<meta property=\"og:url\" content=\"https:\/\/www.kanzlei-steinwachs.de\/es\/sentencias-de-derecho-laboral\/sentencias-de-bolsa-2007\/responsabilidad-del-comite-de-empresa-del-grupo\/\" \/>\n<meta property=\"og:site_name\" content=\"Rechtsanwaltskanzlei Anwalt Hamburg Berlin Bremen Hannover L\u00fcbeck\" \/>\n<meta property=\"article:publisher\" content=\"https:\/\/www.facebook.com\/STEINWACHSRechtsanwaltskanzlei\/\" \/>\n<meta property=\"article:modified_time\" content=\"2023-11-24T06:22:20+00:00\" \/>\n<meta name=\"twitter:card\" content=\"summary_large_image\" \/>\n<meta name=\"twitter:site\" content=\"@rasteinwachs\" \/>\n<meta name=\"twitter:label1\" content=\"Tiempo de lectura\" \/>\n\t<meta name=\"twitter:data1\" content=\"1 minuto\" \/>\n<script type=\"application\/ld+json\" class=\"yoast-schema-graph\">{\"@context\":\"https:\\\/\\\/schema.org\",\"@graph\":[{\"@type\":\"WebPage\",\"@id\":\"https:\\\/\\\/www.kanzlei-steinwachs.de\\\/es\\\/sentencias-de-derecho-laboral\\\/sentencias-de-bolsa-2007\\\/responsabilidad-del-comite-de-empresa-del-grupo\\\/\",\"url\":\"https:\\\/\\\/www.kanzlei-steinwachs.de\\\/es\\\/sentencias-de-derecho-laboral\\\/sentencias-de-bolsa-2007\\\/responsabilidad-del-comite-de-empresa-del-grupo\\\/\",\"name\":\"Rechtsanwaltskanzlei in Hamburg Berlin Bremen Hannover L\u00fcbeck\",\"isPartOf\":{\"@id\":\"https:\\\/\\\/www.kanzlei-steinwachs.de\\\/es\\\/#website\"},\"primaryImageOfPage\":{\"@id\":\"https:\\\/\\\/www.kanzlei-steinwachs.de\\\/es\\\/sentencias-de-derecho-laboral\\\/sentencias-de-bolsa-2007\\\/responsabilidad-del-comite-de-empresa-del-grupo\\\/#primaryimage\"},\"image\":{\"@id\":\"https:\\\/\\\/www.kanzlei-steinwachs.de\\\/es\\\/sentencias-de-derecho-laboral\\\/sentencias-de-bolsa-2007\\\/responsabilidad-del-comite-de-empresa-del-grupo\\\/#primaryimage\"},\"thumbnailUrl\":\"https:\\\/\\\/i0.wp.com\\\/www.kanzlei-steinwachs.de\\\/wp-content\\\/uploads\\\/2023\\\/11\\\/Bundesarbeitsgericht_Urteile_2007.webp?fit=200%2C100&quality=20&ssl=1\",\"datePublished\":\"2023-11-20T11:01:07+00:00\",\"dateModified\":\"2023-11-24T06:22:20+00:00\",\"description\":\"Rechtsanwaltskanzlei f\u00fcr Arbeitsrecht, Arzthaftung, Mietrecht, Gewerbemietrecht ,Gastronomierecht, Immobilienrecht, Schadensersatz Yachtrecht\",\"breadcrumb\":{\"@id\":\"https:\\\/\\\/www.kanzlei-steinwachs.de\\\/es\\\/sentencias-de-derecho-laboral\\\/sentencias-de-bolsa-2007\\\/responsabilidad-del-comite-de-empresa-del-grupo\\\/#breadcrumb\"},\"inLanguage\":\"es\",\"potentialAction\":[{\"@type\":\"ReadAction\",\"target\":[\"https:\\\/\\\/www.kanzlei-steinwachs.de\\\/es\\\/sentencias-de-derecho-laboral\\\/sentencias-de-bolsa-2007\\\/responsabilidad-del-comite-de-empresa-del-grupo\\\/\"]}]},{\"@type\":\"ImageObject\",\"inLanguage\":\"es\",\"@id\":\"https:\\\/\\\/www.kanzlei-steinwachs.de\\\/es\\\/sentencias-de-derecho-laboral\\\/sentencias-de-bolsa-2007\\\/responsabilidad-del-comite-de-empresa-del-grupo\\\/#primaryimage\",\"url\":\"https:\\\/\\\/i0.wp.com\\\/www.kanzlei-steinwachs.de\\\/wp-content\\\/uploads\\\/2023\\\/11\\\/Bundesarbeitsgericht_Urteile_2007.webp?fit=200%2C100&quality=20&ssl=1\",\"contentUrl\":\"https:\\\/\\\/i0.wp.com\\\/www.kanzlei-steinwachs.de\\\/wp-content\\\/uploads\\\/2023\\\/11\\\/Bundesarbeitsgericht_Urteile_2007.webp?fit=200%2C100&quality=20&ssl=1\",\"width\":200,\"height\":100,\"caption\":\"Rechtliche Wirkung einer K\u00fcndigung\"},{\"@type\":\"BreadcrumbList\",\"@id\":\"https:\\\/\\\/www.kanzlei-steinwachs.de\\\/es\\\/sentencias-de-derecho-laboral\\\/sentencias-de-bolsa-2007\\\/responsabilidad-del-comite-de-empresa-del-grupo\\\/#breadcrumb\",\"itemListElement\":[{\"@type\":\"ListItem\",\"position\":1,\"name\":\"Sentencias de derecho laboral\",\"item\":\"https:\\\/\\\/www.kanzlei-steinwachs.de\\\/es\\\/sentencias-de-derecho-laboral\\\/\"},{\"@type\":\"ListItem\",\"position\":2,\"name\":\"Sentencias de bolsa 2007\",\"item\":\"https:\\\/\\\/www.kanzlei-steinwachs.de\\\/es\\\/arbeitsrecht-urteile\\\/bag-urteile-2007\\\/\"},{\"@type\":\"ListItem\",\"position\":3,\"name\":\"Responsabilidad del comit\u00e9 de empresa del grupo\"}]},{\"@type\":\"WebSite\",\"@id\":\"https:\\\/\\\/www.kanzlei-steinwachs.de\\\/es\\\/#website\",\"url\":\"https:\\\/\\\/www.kanzlei-steinwachs.de\\\/es\\\/\",\"name\":\"Rechtsanwaltskanzlei Anwalt Hamburg Berlin Bremen Hannover L\u00fcbeck\",\"description\":\"Wir leisten mehr als Recht bietet\",\"publisher\":{\"@id\":\"https:\\\/\\\/www.kanzlei-steinwachs.de\\\/es\\\/#organization\"},\"potentialAction\":[{\"@type\":\"SearchAction\",\"target\":{\"@type\":\"EntryPoint\",\"urlTemplate\":\"https:\\\/\\\/www.kanzlei-steinwachs.de\\\/es\\\/?s={search_term_string}\"},\"query-input\":{\"@type\":\"PropertyValueSpecification\",\"valueRequired\":true,\"valueName\":\"search_term_string\"}}],\"inLanguage\":\"es\"},{\"@type\":[\"Organization\",\"Place\"],\"@id\":\"https:\\\/\\\/www.kanzlei-steinwachs.de\\\/es\\\/#organization\",\"name\":\"Rechtsanwaltskanzlei Anwalt Hamburg Berlin Bremen Hannover L\u00fcbeck\",\"url\":\"https:\\\/\\\/www.kanzlei-steinwachs.de\\\/\",\"logo\":{\"@type\":\"ImageObject\",\"inLanguage\":\"es\",\"@id\":\"https:\\\/\\\/www.kanzlei-steinwachs.de\\\/es\\\/#\\\/schema\\\/logo\\\/image\\\/\",\"url\":\"https:\\\/\\\/i0.wp.com\\\/www.kanzlei-steinwachs.de\\\/wp-content\\\/uploads\\\/2023\\\/12\\\/logo.webp?fit=174%2C76&quality=80&ssl=1\",\"contentUrl\":\"https:\\\/\\\/i0.wp.com\\\/www.kanzlei-steinwachs.de\\\/wp-content\\\/uploads\\\/2023\\\/12\\\/logo.webp?fit=174%2C76&quality=80&ssl=1\",\"width\":174,\"height\":76,\"caption\":\"Rechtsanwaltskanzlei Anwalt Hamburg Berlin Bremen Hannover L\u00fcbeck\"},\"image\":{\"@id\":\"https:\\\/\\\/www.kanzlei-steinwachs.de\\\/es\\\/#\\\/schema\\\/logo\\\/image\\\/\"},\"sameAs\":[\"https:\\\/\\\/www.facebook.com\\\/STEINWACHSRechtsanwaltskanzlei\\\/\",\"https:\\\/\\\/x.com\\\/rasteinwachs\",\"https:\\\/\\\/www.instagram.com\\\/steinwachs_rechtsanwaelte\\\/\",\"https:\\\/\\\/www.linkedin.com\\\/in\\\/stephan-steinwachs-7a270197\\\/\",\"https:\\\/\\\/www.youtube.com\\\/channel\\\/UCffmodDlQx81remXm395RWA\"],\"telephone\":[]}]}<\/script>\n<!-- \/ Yoast SEO Premium plugin. -->","yoast_head_json":{"title":"Rechtsanwaltskanzlei in Hamburg Berlin Bremen Hannover L\u00fcbeck","description":"Rechtsanwaltskanzlei f\u00fcr Arbeitsrecht, Arzthaftung, Mietrecht, Gewerbemietrecht ,Gastronomierecht, Immobilienrecht, Schadensersatz Yachtrecht","robots":{"index":"index","follow":"follow","max-snippet":"max-snippet:-1","max-image-preview":"max-image-preview:large","max-video-preview":"max-video-preview:-1"},"canonical":"https:\/\/www.kanzlei-steinwachs.de\/es\/sentencias-de-derecho-laboral\/sentencias-de-bolsa-2007\/responsabilidad-del-comite-de-empresa-del-grupo\/","og_locale":"es_ES","og_type":"article","og_title":"Rechtsanwaltskanzlei in Hamburg Berlin Bremen Hannover L\u00fcbeck","og_description":"Rechtsanwaltskanzlei f\u00fcr Arbeitsrecht, Arzthaftung, Mietrecht, Gewerbemietrecht ,Gastronomierecht, Immobilienrecht, Schadensersatz Yachtrecht","og_url":"https:\/\/www.kanzlei-steinwachs.de\/es\/sentencias-de-derecho-laboral\/sentencias-de-bolsa-2007\/responsabilidad-del-comite-de-empresa-del-grupo\/","og_site_name":"Rechtsanwaltskanzlei Anwalt Hamburg Berlin Bremen Hannover L\u00fcbeck","article_publisher":"https:\/\/www.facebook.com\/STEINWACHSRechtsanwaltskanzlei\/","article_modified_time":"2023-11-24T06:22:20+00:00","twitter_card":"summary_large_image","twitter_site":"@rasteinwachs","twitter_misc":{"Tiempo de lectura":"1 minuto"},"schema":{"@context":"https:\/\/schema.org","@graph":[{"@type":"WebPage","@id":"https:\/\/www.kanzlei-steinwachs.de\/es\/sentencias-de-derecho-laboral\/sentencias-de-bolsa-2007\/responsabilidad-del-comite-de-empresa-del-grupo\/","url":"https:\/\/www.kanzlei-steinwachs.de\/es\/sentencias-de-derecho-laboral\/sentencias-de-bolsa-2007\/responsabilidad-del-comite-de-empresa-del-grupo\/","name":"Rechtsanwaltskanzlei in Hamburg Berlin Bremen Hannover L\u00fcbeck","isPartOf":{"@id":"https:\/\/www.kanzlei-steinwachs.de\/es\/#website"},"primaryImageOfPage":{"@id":"https:\/\/www.kanzlei-steinwachs.de\/es\/sentencias-de-derecho-laboral\/sentencias-de-bolsa-2007\/responsabilidad-del-comite-de-empresa-del-grupo\/#primaryimage"},"image":{"@id":"https:\/\/www.kanzlei-steinwachs.de\/es\/sentencias-de-derecho-laboral\/sentencias-de-bolsa-2007\/responsabilidad-del-comite-de-empresa-del-grupo\/#primaryimage"},"thumbnailUrl":"https:\/\/i0.wp.com\/www.kanzlei-steinwachs.de\/wp-content\/uploads\/2023\/11\/Bundesarbeitsgericht_Urteile_2007.webp?fit=200%2C100&quality=20&ssl=1","datePublished":"2023-11-20T11:01:07+00:00","dateModified":"2023-11-24T06:22:20+00:00","description":"Rechtsanwaltskanzlei f\u00fcr Arbeitsrecht, Arzthaftung, Mietrecht, Gewerbemietrecht ,Gastronomierecht, Immobilienrecht, Schadensersatz Yachtrecht","breadcrumb":{"@id":"https:\/\/www.kanzlei-steinwachs.de\/es\/sentencias-de-derecho-laboral\/sentencias-de-bolsa-2007\/responsabilidad-del-comite-de-empresa-del-grupo\/#breadcrumb"},"inLanguage":"es","potentialAction":[{"@type":"ReadAction","target":["https:\/\/www.kanzlei-steinwachs.de\/es\/sentencias-de-derecho-laboral\/sentencias-de-bolsa-2007\/responsabilidad-del-comite-de-empresa-del-grupo\/"]}]},{"@type":"ImageObject","inLanguage":"es","@id":"https:\/\/www.kanzlei-steinwachs.de\/es\/sentencias-de-derecho-laboral\/sentencias-de-bolsa-2007\/responsabilidad-del-comite-de-empresa-del-grupo\/#primaryimage","url":"https:\/\/i0.wp.com\/www.kanzlei-steinwachs.de\/wp-content\/uploads\/2023\/11\/Bundesarbeitsgericht_Urteile_2007.webp?fit=200%2C100&quality=20&ssl=1","contentUrl":"https:\/\/i0.wp.com\/www.kanzlei-steinwachs.de\/wp-content\/uploads\/2023\/11\/Bundesarbeitsgericht_Urteile_2007.webp?fit=200%2C100&quality=20&ssl=1","width":200,"height":100,"caption":"Rechtliche Wirkung einer K\u00fcndigung"},{"@type":"BreadcrumbList","@id":"https:\/\/www.kanzlei-steinwachs.de\/es\/sentencias-de-derecho-laboral\/sentencias-de-bolsa-2007\/responsabilidad-del-comite-de-empresa-del-grupo\/#breadcrumb","itemListElement":[{"@type":"ListItem","position":1,"name":"Sentencias de derecho laboral","item":"https:\/\/www.kanzlei-steinwachs.de\/es\/sentencias-de-derecho-laboral\/"},{"@type":"ListItem","position":2,"name":"Sentencias de bolsa 2007","item":"https:\/\/www.kanzlei-steinwachs.de\/es\/arbeitsrecht-urteile\/bag-urteile-2007\/"},{"@type":"ListItem","position":3,"name":"Responsabilidad del comit\u00e9 de empresa del grupo"}]},{"@type":"WebSite","@id":"https:\/\/www.kanzlei-steinwachs.de\/es\/#website","url":"https:\/\/www.kanzlei-steinwachs.de\/es\/","name":"Rechtsanwaltskanzlei Anwalt Hamburg Berlin Bremen Hannover L\u00fcbeck","description":"Wir leisten mehr als Recht bietet","publisher":{"@id":"https:\/\/www.kanzlei-steinwachs.de\/es\/#organization"},"potentialAction":[{"@type":"SearchAction","target":{"@type":"EntryPoint","urlTemplate":"https:\/\/www.kanzlei-steinwachs.de\/es\/?s={search_term_string}"},"query-input":{"@type":"PropertyValueSpecification","valueRequired":true,"valueName":"search_term_string"}}],"inLanguage":"es"},{"@type":["Organization","Place"],"@id":"https:\/\/www.kanzlei-steinwachs.de\/es\/#organization","name":"Rechtsanwaltskanzlei Anwalt Hamburg Berlin Bremen Hannover L\u00fcbeck","url":"https:\/\/www.kanzlei-steinwachs.de\/","logo":{"@type":"ImageObject","inLanguage":"es","@id":"https:\/\/www.kanzlei-steinwachs.de\/es\/#\/schema\/logo\/image\/","url":"https:\/\/i0.wp.com\/www.kanzlei-steinwachs.de\/wp-content\/uploads\/2023\/12\/logo.webp?fit=174%2C76&quality=80&ssl=1","contentUrl":"https:\/\/i0.wp.com\/www.kanzlei-steinwachs.de\/wp-content\/uploads\/2023\/12\/logo.webp?fit=174%2C76&quality=80&ssl=1","width":174,"height":76,"caption":"Rechtsanwaltskanzlei Anwalt Hamburg Berlin Bremen Hannover L\u00fcbeck"},"image":{"@id":"https:\/\/www.kanzlei-steinwachs.de\/es\/#\/schema\/logo\/image\/"},"sameAs":["https:\/\/www.facebook.com\/STEINWACHSRechtsanwaltskanzlei\/","https:\/\/x.com\/rasteinwachs","https:\/\/www.instagram.com\/steinwachs_rechtsanwaelte\/","https:\/\/www.linkedin.com\/in\/stephan-steinwachs-7a270197\/","https:\/\/www.youtube.com\/channel\/UCffmodDlQx81remXm395RWA"],"telephone":[]}]}},"jetpack_sharing_enabled":true,"_links":{"self":[{"href":"https:\/\/www.kanzlei-steinwachs.de\/es\/wp-json\/wp\/v2\/pages\/12744","targetHints":{"allow":["GET"]}}],"collection":[{"href":"https:\/\/www.kanzlei-steinwachs.de\/es\/wp-json\/wp\/v2\/pages"}],"about":[{"href":"https:\/\/www.kanzlei-steinwachs.de\/es\/wp-json\/wp\/v2\/types\/page"}],"author":[{"embeddable":true,"href":"https:\/\/www.kanzlei-steinwachs.de\/es\/wp-json\/wp\/v2\/users\/1"}],"replies":[{"embeddable":true,"href":"https:\/\/www.kanzlei-steinwachs.de\/es\/wp-json\/wp\/v2\/comments?post=12744"}],"version-history":[{"count":0,"href":"https:\/\/www.kanzlei-steinwachs.de\/es\/wp-json\/wp\/v2\/pages\/12744\/revisions"}],"up":[{"embeddable":true,"href":"https:\/\/www.kanzlei-steinwachs.de\/es\/wp-json\/wp\/v2\/pages\/11635"}],"wp:featuredmedia":[{"embeddable":true,"href":"https:\/\/www.kanzlei-steinwachs.de\/es\/wp-json\/wp\/v2\/media\/10691"}],"wp:attachment":[{"href":"https:\/\/www.kanzlei-steinwachs.de\/es\/wp-json\/wp\/v2\/media?parent=12744"}],"curies":[{"name":"wp","href":"https:\/\/api.w.org\/{rel}","templated":true}]}}