{"id":12680,"date":"2023-11-20T07:52:05","date_gmt":"2023-11-20T06:52:05","guid":{"rendered":"https:\/\/www.kanzlei-steinwachs.de\/sentencias-de-derecho-laboral\/sentencias-de-bolsa-2007\/terminacion-parcial\/"},"modified":"2023-11-24T07:05:31","modified_gmt":"2023-11-24T06:05:31","slug":"terminacion-parcial","status":"publish","type":"page","link":"https:\/\/www.kanzlei-steinwachs.de\/es\/sentencias-de-derecho-laboral\/sentencias-de-bolsa-2007\/terminacion-parcial\/","title":{"rendered":"Terminaci\u00f3n parcial"},"content":{"rendered":"<div class=\"wpb-content-wrapper\"><p>[vc_row triangle_shape=\u00bbno\u00bb][vc_column][vc_column_text css=\u00bb.vc_custom_1700463236015{padding-top: 20px !important;padding-bottom: 40px !important;}\u00bb]<\/p>\n<h4 style=\"text-align: center;\">Terminaci\u00f3n parcial<\/h4>\n<p>[\/vc_column_text][vc_column_text css=\u00bb.vc_custom_1700463246240{padding-top: 10px !important;padding-bottom: 10px !important;}\u00bb]<\/p>\n<p style=\"text-align: center;\"><strong>Seg\u00fan el art\u00edculo 4f, apartado 1, frase 1 de la BDSG, los organismos p\u00fablicos y privados que recopilen, procesen o utilicen datos personales autom\u00e1ticamente deben designar un delegado de protecci\u00f3n de datos. <\/strong><\/p>\n<p>[\/vc_column_text][vc_column_text css=\u00bb.vc_custom_1700463263808{padding-top: 10px !important;padding-bottom: 10px !important;}\u00bb]Confirmando la jurisprudencia anterior del Tribunal Federal del Trabajo, el Noveno Senado resolvi\u00f3 en su sentencia del 13 de marzo de 2007 (9 AZR 612\/05) que la disposici\u00f3n de la BDSG s\u00f3lo regula el nombramiento unilateral de un delegado de protecci\u00f3n de datos. Debe separarse la base contractual en virtud de la cual la persona a designar asume la obligaci\u00f3n contractual de asumir la funci\u00f3n de delegado de protecci\u00f3n de datos. Para un empleado, esta suele ser la relaci\u00f3n laboral. Si el empleado acepta su nombramiento, sus derechos y obligaciones contractuales laborales tambi\u00e9n se ampliar\u00e1n para incluir el alcance de las funciones del delegado de protecci\u00f3n de datos.[\/vc_column_text][vc_column_text css=\u00bb.vc_custom_1700463293472{padding-top: 10px !important;padding-bottom: 10px !important;}\u00bb]La puesta en servicio generalmente no est\u00e1 cubierta por el derecho de direcci\u00f3n del empleador. Seg\u00fan el art\u00edculo 4f, apartado 3, frase 4, primera mitad de la frase de la BDSG, el nombramiento como responsable de la protecci\u00f3n de datos puede revocarse de conformidad con el art\u00edculo 626 del BGB. Si la actividad del delegado de protecci\u00f3n de datos forma parte del \u00e1mbito de funciones del empleado en virtud del contrato de trabajo, la revocaci\u00f3n del nombramiento s\u00f3lo podr\u00e1 revocarse efectivamente con la terminaci\u00f3n parcial simult\u00e1nea de la tarea especial adeudada en virtud del contrato de trabajo. La relaci\u00f3n contractual b\u00e1sica y el nombramiento seg\u00fan la BDSG est\u00e1n indisolublemente ligados. Aqu\u00ed se permite la rescisi\u00f3n parcial como excepci\u00f3n. La tarea especial no guarda relaci\u00f3n interna con los dem\u00e1s derechos y obligaciones derivados de la relaci\u00f3n laboral. Por lo tanto, su eliminaci\u00f3n no implica una interferencia unilateral y significativa en el orden y la estructura de equivalencia de toda la relaci\u00f3n laboral. La posibilidad de rescisi\u00f3n parcial tambi\u00e9n es necesaria debido a la prohibici\u00f3n de discriminaci\u00f3n del art\u00edculo 4f, apartado 3, frase 3 de la BDSG. Ser\u00eda una desventaja que la revocaci\u00f3n del nombramiento s\u00f3lo pudiera realizarse mediante aviso de terminaci\u00f3n o terminaci\u00f3n de la relaci\u00f3n laboral. En ese caso, toda la relaci\u00f3n laboral se ver\u00eda comprometida \u00fanicamente por su actividad como delegado de protecci\u00f3n de datos.[\/vc_column_text][\/vc_column][\/vc_row]<\/p>\n<\/div>","protected":false},"excerpt":{"rendered":"<p>[vc_row triangle_shape=\u00bbno\u00bb][vc_column][vc_column_text css=\u00bb.vc_custom_1700463236015{padding-top: 20px !important;padding-bottom: 40px !important;}\u00bb] Terminaci\u00f3n parcial [\/vc_column_text][vc_column_text css=\u00bb.vc_custom_1700463246240{padding-top: 10px !important;padding-bottom: 10px !important;}\u00bb] Seg\u00fan el art\u00edculo 4f, apartado 1, frase 1 de la BDSG, los organismos p\u00fablicos y privados que recopilen, procesen o utilicen datos personales autom\u00e1ticamente deben designar un delegado de protecci\u00f3n de datos. [\/vc_column_text][vc_column_text css=\u00bb.vc_custom_1700463263808{padding-top: 10px !important;padding-bottom: 10px !important;}\u00bb]Confirmando la jurisprudencia anterior del Tribunal Federal del Trabajo, el Noveno Senado resolvi\u00f3 en su sentencia del 13 de marzo de 2007 (9 AZR 612\/05) que la disposici\u00f3n de la BDSG s\u00f3lo regula el nombramiento unilateral de un delegado de protecci\u00f3n de datos. Debe separarse la base contractual&#8230;<\/p>\n","protected":false},"author":1,"featured_media":10691,"parent":11635,"menu_order":0,"comment_status":"closed","ping_status":"closed","template":"","meta":{"footnotes":""},"class_list":["post-12680","page","type-page","status-publish","has-post-thumbnail","hentry"],"yoast_head":"<!-- This site is optimized with the Yoast SEO Premium plugin v27.2 (Yoast SEO v27.3) - https:\/\/yoast.com\/product\/yoast-seo-premium-wordpress\/ -->\n<title>Rechtsanwaltskanzlei in Hamburg Berlin Bremen Hannover L\u00fcbeck<\/title>\n<meta name=\"description\" content=\"Rechtsanwaltskanzlei f\u00fcr Arbeitsrecht, Arzthaftung, Mietrecht, Gewerbemietrecht ,Gastronomierecht, Immobilienrecht, Schadensersatz Yachtrecht\" \/>\n<meta name=\"robots\" content=\"index, follow, max-snippet:-1, max-image-preview:large, max-video-preview:-1\" \/>\n<link rel=\"canonical\" href=\"https:\/\/www.kanzlei-steinwachs.de\/es\/sentencias-de-derecho-laboral\/sentencias-de-bolsa-2007\/terminacion-parcial\/\" \/>\n<meta property=\"og:locale\" content=\"es_ES\" \/>\n<meta property=\"og:type\" content=\"article\" \/>\n<meta property=\"og:title\" content=\"Rechtsanwaltskanzlei in Hamburg Berlin Bremen Hannover L\u00fcbeck\" \/>\n<meta property=\"og:description\" content=\"Rechtsanwaltskanzlei f\u00fcr Arbeitsrecht, Arzthaftung, Mietrecht, Gewerbemietrecht ,Gastronomierecht, Immobilienrecht, Schadensersatz Yachtrecht\" \/>\n<meta property=\"og:url\" content=\"https:\/\/www.kanzlei-steinwachs.de\/es\/sentencias-de-derecho-laboral\/sentencias-de-bolsa-2007\/terminacion-parcial\/\" \/>\n<meta property=\"og:site_name\" content=\"Rechtsanwaltskanzlei Anwalt Hamburg Berlin Bremen Hannover L\u00fcbeck\" \/>\n<meta property=\"article:publisher\" content=\"https:\/\/www.facebook.com\/STEINWACHSRechtsanwaltskanzlei\/\" \/>\n<meta property=\"article:modified_time\" content=\"2023-11-24T06:05:31+00:00\" \/>\n<meta name=\"twitter:card\" content=\"summary_large_image\" \/>\n<meta name=\"twitter:site\" content=\"@rasteinwachs\" \/>\n<meta name=\"twitter:label1\" content=\"Tiempo de lectura\" \/>\n\t<meta name=\"twitter:data1\" content=\"2 minutos\" \/>\n<script type=\"application\/ld+json\" class=\"yoast-schema-graph\">{\"@context\":\"https:\\\/\\\/schema.org\",\"@graph\":[{\"@type\":\"WebPage\",\"@id\":\"https:\\\/\\\/www.kanzlei-steinwachs.de\\\/es\\\/sentencias-de-derecho-laboral\\\/sentencias-de-bolsa-2007\\\/terminacion-parcial\\\/\",\"url\":\"https:\\\/\\\/www.kanzlei-steinwachs.de\\\/es\\\/sentencias-de-derecho-laboral\\\/sentencias-de-bolsa-2007\\\/terminacion-parcial\\\/\",\"name\":\"Rechtsanwaltskanzlei in Hamburg Berlin Bremen Hannover L\u00fcbeck\",\"isPartOf\":{\"@id\":\"https:\\\/\\\/www.kanzlei-steinwachs.de\\\/es\\\/#website\"},\"primaryImageOfPage\":{\"@id\":\"https:\\\/\\\/www.kanzlei-steinwachs.de\\\/es\\\/sentencias-de-derecho-laboral\\\/sentencias-de-bolsa-2007\\\/terminacion-parcial\\\/#primaryimage\"},\"image\":{\"@id\":\"https:\\\/\\\/www.kanzlei-steinwachs.de\\\/es\\\/sentencias-de-derecho-laboral\\\/sentencias-de-bolsa-2007\\\/terminacion-parcial\\\/#primaryimage\"},\"thumbnailUrl\":\"https:\\\/\\\/i0.wp.com\\\/www.kanzlei-steinwachs.de\\\/wp-content\\\/uploads\\\/2023\\\/11\\\/Bundesarbeitsgericht_Urteile_2007.webp?fit=200%2C100&quality=20&ssl=1\",\"datePublished\":\"2023-11-20T06:52:05+00:00\",\"dateModified\":\"2023-11-24T06:05:31+00:00\",\"description\":\"Rechtsanwaltskanzlei f\u00fcr Arbeitsrecht, Arzthaftung, Mietrecht, Gewerbemietrecht ,Gastronomierecht, Immobilienrecht, Schadensersatz Yachtrecht\",\"breadcrumb\":{\"@id\":\"https:\\\/\\\/www.kanzlei-steinwachs.de\\\/es\\\/sentencias-de-derecho-laboral\\\/sentencias-de-bolsa-2007\\\/terminacion-parcial\\\/#breadcrumb\"},\"inLanguage\":\"es\",\"potentialAction\":[{\"@type\":\"ReadAction\",\"target\":[\"https:\\\/\\\/www.kanzlei-steinwachs.de\\\/es\\\/sentencias-de-derecho-laboral\\\/sentencias-de-bolsa-2007\\\/terminacion-parcial\\\/\"]}]},{\"@type\":\"ImageObject\",\"inLanguage\":\"es\",\"@id\":\"https:\\\/\\\/www.kanzlei-steinwachs.de\\\/es\\\/sentencias-de-derecho-laboral\\\/sentencias-de-bolsa-2007\\\/terminacion-parcial\\\/#primaryimage\",\"url\":\"https:\\\/\\\/i0.wp.com\\\/www.kanzlei-steinwachs.de\\\/wp-content\\\/uploads\\\/2023\\\/11\\\/Bundesarbeitsgericht_Urteile_2007.webp?fit=200%2C100&quality=20&ssl=1\",\"contentUrl\":\"https:\\\/\\\/i0.wp.com\\\/www.kanzlei-steinwachs.de\\\/wp-content\\\/uploads\\\/2023\\\/11\\\/Bundesarbeitsgericht_Urteile_2007.webp?fit=200%2C100&quality=20&ssl=1\",\"width\":200,\"height\":100,\"caption\":\"Rechtliche Wirkung einer K\u00fcndigung\"},{\"@type\":\"BreadcrumbList\",\"@id\":\"https:\\\/\\\/www.kanzlei-steinwachs.de\\\/es\\\/sentencias-de-derecho-laboral\\\/sentencias-de-bolsa-2007\\\/terminacion-parcial\\\/#breadcrumb\",\"itemListElement\":[{\"@type\":\"ListItem\",\"position\":1,\"name\":\"Sentencias de derecho laboral\",\"item\":\"https:\\\/\\\/www.kanzlei-steinwachs.de\\\/es\\\/sentencias-de-derecho-laboral\\\/\"},{\"@type\":\"ListItem\",\"position\":2,\"name\":\"Sentencias de bolsa 2007\",\"item\":\"https:\\\/\\\/www.kanzlei-steinwachs.de\\\/es\\\/arbeitsrecht-urteile\\\/bag-urteile-2007\\\/\"},{\"@type\":\"ListItem\",\"position\":3,\"name\":\"Terminaci\u00f3n parcial\"}]},{\"@type\":\"WebSite\",\"@id\":\"https:\\\/\\\/www.kanzlei-steinwachs.de\\\/es\\\/#website\",\"url\":\"https:\\\/\\\/www.kanzlei-steinwachs.de\\\/es\\\/\",\"name\":\"Rechtsanwaltskanzlei Anwalt Hamburg Berlin Bremen Hannover L\u00fcbeck\",\"description\":\"Wir leisten mehr als Recht bietet\",\"publisher\":{\"@id\":\"https:\\\/\\\/www.kanzlei-steinwachs.de\\\/es\\\/#organization\"},\"potentialAction\":[{\"@type\":\"SearchAction\",\"target\":{\"@type\":\"EntryPoint\",\"urlTemplate\":\"https:\\\/\\\/www.kanzlei-steinwachs.de\\\/es\\\/?s={search_term_string}\"},\"query-input\":{\"@type\":\"PropertyValueSpecification\",\"valueRequired\":true,\"valueName\":\"search_term_string\"}}],\"inLanguage\":\"es\"},{\"@type\":[\"Organization\",\"Place\"],\"@id\":\"https:\\\/\\\/www.kanzlei-steinwachs.de\\\/es\\\/#organization\",\"name\":\"Rechtsanwaltskanzlei Anwalt Hamburg Berlin Bremen Hannover L\u00fcbeck\",\"url\":\"https:\\\/\\\/www.kanzlei-steinwachs.de\\\/\",\"logo\":{\"@type\":\"ImageObject\",\"inLanguage\":\"es\",\"@id\":\"https:\\\/\\\/www.kanzlei-steinwachs.de\\\/es\\\/#\\\/schema\\\/logo\\\/image\\\/\",\"url\":\"https:\\\/\\\/i0.wp.com\\\/www.kanzlei-steinwachs.de\\\/wp-content\\\/uploads\\\/2023\\\/12\\\/logo.webp?fit=174%2C76&quality=80&ssl=1\",\"contentUrl\":\"https:\\\/\\\/i0.wp.com\\\/www.kanzlei-steinwachs.de\\\/wp-content\\\/uploads\\\/2023\\\/12\\\/logo.webp?fit=174%2C76&quality=80&ssl=1\",\"width\":174,\"height\":76,\"caption\":\"Rechtsanwaltskanzlei Anwalt Hamburg Berlin Bremen Hannover L\u00fcbeck\"},\"image\":{\"@id\":\"https:\\\/\\\/www.kanzlei-steinwachs.de\\\/es\\\/#\\\/schema\\\/logo\\\/image\\\/\"},\"sameAs\":[\"https:\\\/\\\/www.facebook.com\\\/STEINWACHSRechtsanwaltskanzlei\\\/\",\"https:\\\/\\\/x.com\\\/rasteinwachs\",\"https:\\\/\\\/www.instagram.com\\\/steinwachs_rechtsanwaelte\\\/\",\"https:\\\/\\\/www.linkedin.com\\\/in\\\/stephan-steinwachs-7a270197\\\/\",\"https:\\\/\\\/www.youtube.com\\\/channel\\\/UCffmodDlQx81remXm395RWA\"],\"telephone\":[]}]}<\/script>\n<!-- \/ Yoast SEO Premium plugin. -->","yoast_head_json":{"title":"Rechtsanwaltskanzlei in Hamburg Berlin Bremen Hannover L\u00fcbeck","description":"Rechtsanwaltskanzlei f\u00fcr Arbeitsrecht, Arzthaftung, Mietrecht, Gewerbemietrecht ,Gastronomierecht, Immobilienrecht, Schadensersatz Yachtrecht","robots":{"index":"index","follow":"follow","max-snippet":"max-snippet:-1","max-image-preview":"max-image-preview:large","max-video-preview":"max-video-preview:-1"},"canonical":"https:\/\/www.kanzlei-steinwachs.de\/es\/sentencias-de-derecho-laboral\/sentencias-de-bolsa-2007\/terminacion-parcial\/","og_locale":"es_ES","og_type":"article","og_title":"Rechtsanwaltskanzlei in Hamburg Berlin Bremen Hannover L\u00fcbeck","og_description":"Rechtsanwaltskanzlei f\u00fcr Arbeitsrecht, Arzthaftung, Mietrecht, Gewerbemietrecht ,Gastronomierecht, Immobilienrecht, Schadensersatz Yachtrecht","og_url":"https:\/\/www.kanzlei-steinwachs.de\/es\/sentencias-de-derecho-laboral\/sentencias-de-bolsa-2007\/terminacion-parcial\/","og_site_name":"Rechtsanwaltskanzlei Anwalt Hamburg Berlin Bremen Hannover L\u00fcbeck","article_publisher":"https:\/\/www.facebook.com\/STEINWACHSRechtsanwaltskanzlei\/","article_modified_time":"2023-11-24T06:05:31+00:00","twitter_card":"summary_large_image","twitter_site":"@rasteinwachs","twitter_misc":{"Tiempo de lectura":"2 minutos"},"schema":{"@context":"https:\/\/schema.org","@graph":[{"@type":"WebPage","@id":"https:\/\/www.kanzlei-steinwachs.de\/es\/sentencias-de-derecho-laboral\/sentencias-de-bolsa-2007\/terminacion-parcial\/","url":"https:\/\/www.kanzlei-steinwachs.de\/es\/sentencias-de-derecho-laboral\/sentencias-de-bolsa-2007\/terminacion-parcial\/","name":"Rechtsanwaltskanzlei in Hamburg Berlin Bremen Hannover L\u00fcbeck","isPartOf":{"@id":"https:\/\/www.kanzlei-steinwachs.de\/es\/#website"},"primaryImageOfPage":{"@id":"https:\/\/www.kanzlei-steinwachs.de\/es\/sentencias-de-derecho-laboral\/sentencias-de-bolsa-2007\/terminacion-parcial\/#primaryimage"},"image":{"@id":"https:\/\/www.kanzlei-steinwachs.de\/es\/sentencias-de-derecho-laboral\/sentencias-de-bolsa-2007\/terminacion-parcial\/#primaryimage"},"thumbnailUrl":"https:\/\/i0.wp.com\/www.kanzlei-steinwachs.de\/wp-content\/uploads\/2023\/11\/Bundesarbeitsgericht_Urteile_2007.webp?fit=200%2C100&quality=20&ssl=1","datePublished":"2023-11-20T06:52:05+00:00","dateModified":"2023-11-24T06:05:31+00:00","description":"Rechtsanwaltskanzlei f\u00fcr Arbeitsrecht, Arzthaftung, Mietrecht, Gewerbemietrecht ,Gastronomierecht, Immobilienrecht, Schadensersatz Yachtrecht","breadcrumb":{"@id":"https:\/\/www.kanzlei-steinwachs.de\/es\/sentencias-de-derecho-laboral\/sentencias-de-bolsa-2007\/terminacion-parcial\/#breadcrumb"},"inLanguage":"es","potentialAction":[{"@type":"ReadAction","target":["https:\/\/www.kanzlei-steinwachs.de\/es\/sentencias-de-derecho-laboral\/sentencias-de-bolsa-2007\/terminacion-parcial\/"]}]},{"@type":"ImageObject","inLanguage":"es","@id":"https:\/\/www.kanzlei-steinwachs.de\/es\/sentencias-de-derecho-laboral\/sentencias-de-bolsa-2007\/terminacion-parcial\/#primaryimage","url":"https:\/\/i0.wp.com\/www.kanzlei-steinwachs.de\/wp-content\/uploads\/2023\/11\/Bundesarbeitsgericht_Urteile_2007.webp?fit=200%2C100&quality=20&ssl=1","contentUrl":"https:\/\/i0.wp.com\/www.kanzlei-steinwachs.de\/wp-content\/uploads\/2023\/11\/Bundesarbeitsgericht_Urteile_2007.webp?fit=200%2C100&quality=20&ssl=1","width":200,"height":100,"caption":"Rechtliche Wirkung einer K\u00fcndigung"},{"@type":"BreadcrumbList","@id":"https:\/\/www.kanzlei-steinwachs.de\/es\/sentencias-de-derecho-laboral\/sentencias-de-bolsa-2007\/terminacion-parcial\/#breadcrumb","itemListElement":[{"@type":"ListItem","position":1,"name":"Sentencias de derecho laboral","item":"https:\/\/www.kanzlei-steinwachs.de\/es\/sentencias-de-derecho-laboral\/"},{"@type":"ListItem","position":2,"name":"Sentencias de bolsa 2007","item":"https:\/\/www.kanzlei-steinwachs.de\/es\/arbeitsrecht-urteile\/bag-urteile-2007\/"},{"@type":"ListItem","position":3,"name":"Terminaci\u00f3n parcial"}]},{"@type":"WebSite","@id":"https:\/\/www.kanzlei-steinwachs.de\/es\/#website","url":"https:\/\/www.kanzlei-steinwachs.de\/es\/","name":"Rechtsanwaltskanzlei Anwalt Hamburg Berlin Bremen Hannover L\u00fcbeck","description":"Wir leisten mehr als Recht bietet","publisher":{"@id":"https:\/\/www.kanzlei-steinwachs.de\/es\/#organization"},"potentialAction":[{"@type":"SearchAction","target":{"@type":"EntryPoint","urlTemplate":"https:\/\/www.kanzlei-steinwachs.de\/es\/?s={search_term_string}"},"query-input":{"@type":"PropertyValueSpecification","valueRequired":true,"valueName":"search_term_string"}}],"inLanguage":"es"},{"@type":["Organization","Place"],"@id":"https:\/\/www.kanzlei-steinwachs.de\/es\/#organization","name":"Rechtsanwaltskanzlei Anwalt Hamburg Berlin Bremen Hannover L\u00fcbeck","url":"https:\/\/www.kanzlei-steinwachs.de\/","logo":{"@type":"ImageObject","inLanguage":"es","@id":"https:\/\/www.kanzlei-steinwachs.de\/es\/#\/schema\/logo\/image\/","url":"https:\/\/i0.wp.com\/www.kanzlei-steinwachs.de\/wp-content\/uploads\/2023\/12\/logo.webp?fit=174%2C76&quality=80&ssl=1","contentUrl":"https:\/\/i0.wp.com\/www.kanzlei-steinwachs.de\/wp-content\/uploads\/2023\/12\/logo.webp?fit=174%2C76&quality=80&ssl=1","width":174,"height":76,"caption":"Rechtsanwaltskanzlei Anwalt Hamburg Berlin Bremen Hannover L\u00fcbeck"},"image":{"@id":"https:\/\/www.kanzlei-steinwachs.de\/es\/#\/schema\/logo\/image\/"},"sameAs":["https:\/\/www.facebook.com\/STEINWACHSRechtsanwaltskanzlei\/","https:\/\/x.com\/rasteinwachs","https:\/\/www.instagram.com\/steinwachs_rechtsanwaelte\/","https:\/\/www.linkedin.com\/in\/stephan-steinwachs-7a270197\/","https:\/\/www.youtube.com\/channel\/UCffmodDlQx81remXm395RWA"],"telephone":[]}]}},"jetpack_sharing_enabled":true,"_links":{"self":[{"href":"https:\/\/www.kanzlei-steinwachs.de\/es\/wp-json\/wp\/v2\/pages\/12680","targetHints":{"allow":["GET"]}}],"collection":[{"href":"https:\/\/www.kanzlei-steinwachs.de\/es\/wp-json\/wp\/v2\/pages"}],"about":[{"href":"https:\/\/www.kanzlei-steinwachs.de\/es\/wp-json\/wp\/v2\/types\/page"}],"author":[{"embeddable":true,"href":"https:\/\/www.kanzlei-steinwachs.de\/es\/wp-json\/wp\/v2\/users\/1"}],"replies":[{"embeddable":true,"href":"https:\/\/www.kanzlei-steinwachs.de\/es\/wp-json\/wp\/v2\/comments?post=12680"}],"version-history":[{"count":0,"href":"https:\/\/www.kanzlei-steinwachs.de\/es\/wp-json\/wp\/v2\/pages\/12680\/revisions"}],"up":[{"embeddable":true,"href":"https:\/\/www.kanzlei-steinwachs.de\/es\/wp-json\/wp\/v2\/pages\/11635"}],"wp:featuredmedia":[{"embeddable":true,"href":"https:\/\/www.kanzlei-steinwachs.de\/es\/wp-json\/wp\/v2\/media\/10691"}],"wp:attachment":[{"href":"https:\/\/www.kanzlei-steinwachs.de\/es\/wp-json\/wp\/v2\/media?parent=12680"}],"curies":[{"name":"wp","href":"https:\/\/api.w.org\/{rel}","templated":true}]}}