{"id":12230,"date":"2023-11-21T05:20:37","date_gmt":"2023-11-21T04:20:37","guid":{"rendered":"https:\/\/www.kanzlei-steinwachs.de\/dulces-bau\/"},"modified":"2023-11-23T06:41:44","modified_gmt":"2023-11-23T05:41:44","slug":"dulces-bau","status":"publish","type":"page","link":"https:\/\/www.kanzlei-steinwachs.de\/es\/dulces-bau\/","title":{"rendered":"dulces bau"},"content":{"rendered":"<div class=\"wpb-content-wrapper\"><p>[vc_row triangle_shape=\u00bbno\u00bb css=\u00bb.vc_custom_1700540500575{padding-bottom: 40px !important;}\u00bb][vc_column][vc_column_text]Una empresa tiene el derecho y la obligaci\u00f3n de participar en los procedimientos de la caja de seguridad social del sector de la construcci\u00f3n si, en t\u00e9rminos de jornada laboral, realiza predominante o exclusivamente servicios de construcci\u00f3n en el sentido de los convenios colectivos de la construcci\u00f3n que han sido declarados generalmente vinculantes. El factor decisivo para evaluar la obligaci\u00f3n de contribuir a la Soka-Bau son las actividades realmente realizadas por una empresa, medidas en t\u00e9rminos de horas de trabajo totales de la empresa. Los aspectos econ\u00f3micos como las ventas y los ingresos o los criterios de derecho comercial no son relevantes. Cada empresa debe ser evaluada por separado en funci\u00f3n de su individualidad; Por lo tanto, no es posible una declaraci\u00f3n y una asignaci\u00f3n generales.<\/p>\n<h3>principio<\/h3>\n<p>\u00a1Todas las empresas constructoras pueden estar obligadas a contribuir a SOKA-BAU! El \u00e1mbito de aplicaci\u00f3n de los convenios colectivos de seguridad social en el sector de la construcci\u00f3n, que han sido declarados vinculantes con car\u00e1cter general, cubre b\u00e1sicamente a todas las empresas del sector de la construcci\u00f3n y el acabado y, por lo tanto, existe la obligaci\u00f3n de participar en el sistema de seguridad social y, por tanto, de pagar cotizaciones a SOKA. -BAU. SOKA-BAU es el nombre com\u00fan del fondo de compensaci\u00f3n salarial y de vacaciones para el sector de la construcci\u00f3n (ULAK) y del fondo de pensiones adicional para el sector de la construcci\u00f3n VVaG (ZVK). SOKA-<wbr><\/wbr>BAU tiene su sede en Wiesbaden. El Tribunal Laboral de Wiesbaden es responsable de todos los litigios contra empresas en el Oeste y Berl\u00edn en el Este. El fondo de vacaciones (ULAK) existe desde 1949. En realidad, SOKA-BAU no se hace cargo de las quiebras, sino de las prestaciones sociales en el sector de la construcci\u00f3n. Sin embargo, la realidad es diferente. Sin embargo, los empresarios de sectores vecinos asocian la abreviatura m\u00e1s con una amenaza que con un beneficio social. Con fuertes exigencias de contribuci\u00f3n, el fondo provoca dificultades de pago para empresas desprevenidas. Varios miles de casos est\u00e1n pendientes contra la Soka-Bau ante los tribunales laborales competentes en Wiesbaden y Berl\u00edn. Las exigencias de la Soka-Bau a menudo conducen a la ruina econ\u00f3mica. Las empresas est\u00e1n a merced y sin poder: legalmente no tienen ninguna posibilidad frente a la seguridad social sin un abogado con experiencia en el sector de la construcci\u00f3n Soka. Empresas que presten otros servicios de construcci\u00f3n comercial dependiendo del tipo y objeto de su actividad y de su estructura operativa. Estas empresas incluyen, entre otras, aquellas que realizan los siguientes trabajos: <\/p>\n<ul>\n<li>trabajos de impermeabilizaci\u00f3n contra la humedad,<\/li>\n<li>Trabajos de adecuaci\u00f3n y drenaje, como el drenaje de tierras y \u00e1reas de tierra que se van a recuperar, incluidos los trabajos de limpieza y fascinaci\u00f3n de zanjas, el tendido de tuber\u00edas de drenaje y la construcci\u00f3n de sistemas de desag\u00fce y esclusas.<\/li>\n<li>Trabajos de retirada de amianto en edificios y partes de edificios (por ejemplo, retirada, solidificaci\u00f3n, revestimiento de productos de Amianto),<\/li>\n<li>Trabajos de secado de la edificaci\u00f3n, es decir, trabajos que act\u00faan sobre la estructura de la mamposter\u00eda para deshumidificarla, incluidos el uso de pl\u00e1sticos o agentes qu\u00edmicos y la instalaci\u00f3n de condensadores.<\/li>\n<li>Trabajos de hormig\u00f3n y hormig\u00f3n armado, incluidos trabajos de protecci\u00f3n y renovaci\u00f3n del hormig\u00f3n, as\u00ed como trabajos de Refuerzo.<\/li>\n<li>trabajos de perforaci\u00f3n,<\/li>\n<li>trabajos de construcci\u00f3n de pozos,<\/li>\n<li>Consolidaci\u00f3n qu\u00edmica del suelo,<\/li>\n<li>Trabajos de aislamiento (por ejemplo, calor, fr\u00edo, aislamiento ac\u00fastico, absorci\u00f3n ac\u00fastica, mejora del sonido, trabajos de acabado ac\u00fastico), incluida la fijaci\u00f3n de subestructuras.<\/li>\n<li>Trabajos de movimiento de tierras (construcci\u00f3n de carreteras, recuperaci\u00f3n de terrenos, recuperaci\u00f3n de terrenos, trabajos de construcci\u00f3n de diques, control de torrentes y avalanchas, construcci\u00f3n de instalaciones deportivas y construcci\u00f3n de barreras ac\u00fasticas y refuerzos laterales en v\u00edas de tr\u00e1fico),<\/li>\n<li>Trabajos de solera (con cemento, asfalto, anhidrita, magnesita, yeso, pl\u00e1sticos o materiales similares),<\/li>\n<li>trabajos de construcci\u00f3n de fachadas,<\/li>\n<li>Trabajos de construcci\u00f3n prefabricada: Instalaci\u00f3n o montaje de componentes prefabricados para la construcci\u00f3n, reparaci\u00f3n, mantenimiento o modificaci\u00f3n de edificios, as\u00ed como la producci\u00f3n de componentes prefabricados si estos son realizados predominantemente por la empresa, otra empresa de la misma empresa o en el marco de fusiones de empresas. cualquiera que sea la forma jur\u00eddica elegida, fusionarse o incorporarse a la operaci\u00f3n de al menos un accionista participante,<\/li>\n<li>Trabajos de combusti\u00f3n y construcci\u00f3n de hornos.<\/li>\n<li>Azulejos, losas y mosaicos, trabajos de fijaci\u00f3n y colocaci\u00f3n,<\/li>\n<li>Trabajos de uni\u00f3n en edificios, en particular uniones de mamposter\u00eda de revestimiento y uniones entre elementos construidos y mamposter\u00eda, as\u00ed como uniones permanentemente el\u00e1sticas y permanentemente pl\u00e1sticas de todo tipo,<\/li>\n<li>Trabajos de hormig\u00f3n armado con vidrio, as\u00ed como alba\u00f1iler\u00eda y colocaci\u00f3n de bloques de vidrio.<\/li>\n<li>trabajos de construcci\u00f3n de pistas,<\/li>\n<li>Fabricaci\u00f3n de materiales de construcci\u00f3n no almacenables, como mezclas de hormig\u00f3n y muebles (hormig\u00f3n premezclado y mortero prefabricado), si la mayor\u00eda de los materiales de construcci\u00f3n producidos se utilizan para las obras de construcci\u00f3n de la empresa fabricante, otra empresa de la misma empresa o en caso de fusi\u00f3n de empresas &#8211; independientemente de la forma jur\u00eddica elegida &#8211; en las obras de construcci\u00f3n de la empresa se prev\u00e9 al menos un accionista participante,<\/li>\n<li>trabajos de construcci\u00f3n de edificios,<\/li>\n<li>Trabajos de protecci\u00f3n de la madera en componentes,<\/li>\n<li>Trabajos de construcci\u00f3n de alcantarillado (construcci\u00f3n de Alcantarillado),<\/li>\n<li>trabajos de alba\u00f1iler\u00eda,<\/li>\n<li>trabajo acumulado,<\/li>\n<li>Construcci\u00f3n de tuber\u00edas, ingenier\u00eda civil de tuber\u00edas, trabajos de ingenier\u00eda civil de l\u00edneas de cable y prensado de suelos.<\/li>\n<li>Trabajos de construcci\u00f3n de pozos y t\u00faneles.<\/li>\n<li>trabajos de encofrado,<\/li>\n<li>trabajos de construcci\u00f3n de chimeneas,<\/li>\n<li>Trabajos de voladuras, demoliciones y retirada de escombros,<\/li>\n<li>Trabajos de doblado y trenzado de acero, en la medida en que se realicen para la prestaci\u00f3n de otros servicios estructurales de la empresa,<\/li>\n<li>trabajo de apostador,<\/li>\n<li>Trabajos de construcci\u00f3n de carreteras (piedra, asfalto, hormig\u00f3n, trabajos de construcci\u00f3n de carreteras negras, trabajos de se\u00f1alizaci\u00f3n vial, as\u00ed como producci\u00f3n y preparaci\u00f3n de la mezcla, siempre que la mayor parte de la mezcla sea manejada por la empresa, otra empresa de la misma empresa o en el caso de fusiones de empresas &#8211; independientemente de la forma jur\u00eddica elegida &#8211; la empresa al menos de un socio participante), as\u00ed como trabajos de pavimentaci\u00f3n de todo tipo,<\/li>\n<li>trabajos de rodadura de carreteras,<\/li>\n<li>Trabajos de estuco, revoque, revoque y rabitz, incluida la fijaci\u00f3n de subestructuras y soportes de revoque,<\/li>\n<li>trabajo de terrazzo,<\/li>\n<li>trabajos de ingenier\u00eda civil,<\/li>\n<li>Trabajos en seco y de montaje (p. ej. montaje o revestimiento de paredes y techos), incluida la fijaci\u00f3n de subestructuras y soportes de yeso.<\/li>\n<li>Colocaci\u00f3n de revestimientos para suelos en combinaci\u00f3n con otros servicios de construcci\u00f3n.<\/li>\n<li>Alquiler de m\u00e1quinas de construcci\u00f3n con personal operativo si las m\u00e1quinas de construcci\u00f3n con personal operativo se utilizan para proporcionar servicios de construcci\u00f3n,<\/li>\n<li>Trabajo del sistema compuesto de aislamiento t\u00e9rmico,<\/li>\n<li>Trabajos de construcci\u00f3n de obras hidr\u00e1ulicas, trabajos de desag\u00fce, trabajos de ingenier\u00eda hidr\u00e1ulica (por ejemplo, construcci\u00f3n de canales, construcci\u00f3n de cuencas hidrogr\u00e1ficas, construcci\u00f3n de sistemas de esclusas),<\/li>\n<li>Trabajos de carpinter\u00eda y construcci\u00f3n en madera realizados en el marco de la industria de la carpinter\u00eda.<\/li>\n<\/ul>\n<p>Empresas en las que se realizan los siguientes trabajos:<\/p>\n<ul>\n<li>Montaje de andamios y elevadores de construcci\u00f3n;<\/li>\n<li>trabajos de construcci\u00f3n y protecci\u00f3n de hierros;<\/li>\n<li>Trabajos t\u00e9cnicos de aislamiento, en particular trabajos en sistemas t\u00e9cnicos, a menos que est\u00e9n cubiertos por las secciones II o III, incluidos los trabajos de aislamiento en veh\u00edculos terrestres, a\u00e9reos y acu\u00e1ticos.<\/li>\n<li>Tambi\u00e9n se incluyen aquellas empresas que, en el marco de una fusi\u00f3n con una o varias empresas del sector de la construcci\u00f3n &#8211; independientemente de la forma jur\u00eddica elegida &#8211; se hagan cargo exclusiva o predominantemente de la administraci\u00f3n comercial, las ventas, los trabajos de planificaci\u00f3n, los trabajos de laboratorio o los trabajos de ensayo. para las empresas afiliadas en el sector de la construcci\u00f3n o explotar el astillero y\/o el taller en una cantidad no insignificante (al menos una cuarta parte de la jornada laboral de la empresa), siempre que estas empresas no est\u00e9n cubiertas por un convenio colectivo especial.<\/li>\n<\/ul>\n<p>Las empresas que realizan predominantemente los trabajos enumerados generalmente est\u00e1n incluidas en el \u00e1mbito de aplicaci\u00f3n del convenio colectivo de seguridad social en su conjunto. Empresas expresamente no incluidas: <\/p>\n<ul>\n<li>la industria productora de art\u00edculos de hormig\u00f3n y de terrazo,<\/li>\n<li>el comercio de techado,<\/li>\n<li>la industria del andamio, cuyas actividades implican principalmente la construcci\u00f3n commercial de andamios,<\/li>\n<li>el oficio del vidriero,<\/li>\n<li>el sector de herrajes para estufas y hornos, a menos que se realicen trabajos del tipo enumerado en los puntos 3 o 4,<\/li>\n<li>el sector de pintura y barnizado, a menos que se realicen trabajos de los tipos enumerados en los puntos 3 o 4,<\/li>\n<li>la piedra natural y la industria de la piedra natural, a menos que se realicen trabajos del tipo enumerado en los puntos 1 a 4,<\/li>\n<li>dragado, que est\u00e1n cubiertos por el convenio colectivo marco para la industria del dragado,<\/li>\n<li>el oficio de colocaci\u00f3n de parquet,<\/li>\n<li>la industria del cultivo de \u00e1cido,<\/li>\n<li>el comercio de carpinter\u00eda, as\u00ed como la industria de procesamiento y transformaci\u00f3n de la madera, a menos que se realicen trabajos de construcci\u00f3n prefabricada, aislamiento, paneles de yeso y montaje o trabajos de carpinter\u00eda,<\/li>\n<li>el sector de fontaner\u00eda, el sector de instalaci\u00f3n de gas y agua, el sector de instalaci\u00f3n el\u00e9ctrica, el sector de construcci\u00f3n de calefacci\u00f3n y ventilaci\u00f3n central y el sector de construcci\u00f3n de aire acondicionado, a menos que se realicen trabajos del tipo enumerado en los puntos 3 o 4,<\/li>\n<li>el comercio de canter\u00eda, en la medida en que las actividades enumeradas en el \u00a7 1 n\u00famero 2.1 del convenio colectivo sobre el subsidio interempresas de vejez e invalidez en el comercio de canter\u00eda y talla de piedra del 1 de diciembre de 1986 en la versi\u00f3n del 28 de agosto de 1992 son predominantemente llevado a cabo,<\/li>\n<\/ul>\n<p>ya que en estos sectores artesanales intervienen convenios colectivos separados y otros sistemas de seguridad social. \u00a1Toma precauciones! \u00a1Reciba asesoramiento ahora!<\/p>\n<p> [\/vc_column_text][\/vc_column][\/vc_row]<\/p>\n<\/div>","protected":false},"excerpt":{"rendered":"<p>[vc_row triangle_shape=\u00bbno\u00bb css=\u00bb.vc_custom_1700540500575{padding-bottom: 40px !important;}\u00bb][vc_column][vc_column_text]Una empresa tiene el derecho y la obligaci\u00f3n de participar en los procedimientos de la caja de seguridad social del sector de la construcci\u00f3n si, en t\u00e9rminos de jornada laboral, realiza predominante o exclusivamente servicios de construcci\u00f3n en el sentido de los convenios colectivos de la construcci\u00f3n que han sido declarados generalmente vinculantes. El factor decisivo para evaluar la obligaci\u00f3n de contribuir a la Soka-Bau son las actividades realmente realizadas por una empresa, medidas en t\u00e9rminos de horas de trabajo totales de la empresa. Los aspectos econ\u00f3micos como las ventas y los ingresos o los criterios&#8230;<\/p>\n","protected":false},"author":1,"featured_media":0,"parent":0,"menu_order":0,"comment_status":"closed","ping_status":"closed","template":"","meta":{"footnotes":""},"class_list":["post-12230","page","type-page","status-publish","hentry"],"yoast_head":"<!-- This site is optimized with the Yoast SEO Premium plugin v27.2 (Yoast SEO v27.4) - https:\/\/yoast.com\/product\/yoast-seo-premium-wordpress\/ -->\n<title>Rechtsanwaltskanzlei in Hamburg Berlin Bremen Hannover L\u00fcbeck<\/title>\n<meta name=\"description\" content=\"Rechtsanwaltskanzlei f\u00fcr Arbeitsrecht, Arzthaftung, Mietrecht, Gewerbemietrecht ,Gastronomierecht, Immobilienrecht, Schadensersatz Yachtrecht\" \/>\n<meta name=\"robots\" content=\"index, follow, max-snippet:-1, max-image-preview:large, max-video-preview:-1\" \/>\n<link rel=\"canonical\" href=\"https:\/\/www.kanzlei-steinwachs.de\/es\/dulces-bau\/\" \/>\n<meta property=\"og:locale\" content=\"es_ES\" \/>\n<meta property=\"og:type\" content=\"article\" \/>\n<meta property=\"og:title\" content=\"Rechtsanwaltskanzlei in Hamburg Berlin Bremen Hannover L\u00fcbeck\" \/>\n<meta property=\"og:description\" content=\"Rechtsanwaltskanzlei f\u00fcr Arbeitsrecht, Arzthaftung, Mietrecht, Gewerbemietrecht ,Gastronomierecht, Immobilienrecht, Schadensersatz Yachtrecht\" \/>\n<meta property=\"og:url\" content=\"https:\/\/www.kanzlei-steinwachs.de\/es\/dulces-bau\/\" \/>\n<meta property=\"og:site_name\" content=\"Rechtsanwaltskanzlei Anwalt Hamburg Berlin Bremen Hannover L\u00fcbeck\" \/>\n<meta property=\"article:publisher\" content=\"https:\/\/www.facebook.com\/STEINWACHSRechtsanwaltskanzlei\/\" \/>\n<meta property=\"article:modified_time\" content=\"2023-11-23T05:41:44+00:00\" \/>\n<meta name=\"twitter:card\" content=\"summary_large_image\" \/>\n<meta name=\"twitter:site\" content=\"@rasteinwachs\" \/>\n<meta name=\"twitter:label1\" content=\"Tiempo de lectura\" \/>\n\t<meta name=\"twitter:data1\" content=\"9 minutos\" \/>\n<script type=\"application\/ld+json\" class=\"yoast-schema-graph\">{\"@context\":\"https:\\\/\\\/schema.org\",\"@graph\":[{\"@type\":\"WebPage\",\"@id\":\"https:\\\/\\\/www.kanzlei-steinwachs.de\\\/es\\\/dulces-bau\\\/\",\"url\":\"https:\\\/\\\/www.kanzlei-steinwachs.de\\\/es\\\/dulces-bau\\\/\",\"name\":\"Rechtsanwaltskanzlei in Hamburg Berlin Bremen Hannover L\u00fcbeck\",\"isPartOf\":{\"@id\":\"https:\\\/\\\/www.kanzlei-steinwachs.de\\\/es\\\/#website\"},\"datePublished\":\"2023-11-21T04:20:37+00:00\",\"dateModified\":\"2023-11-23T05:41:44+00:00\",\"description\":\"Rechtsanwaltskanzlei f\u00fcr Arbeitsrecht, Arzthaftung, Mietrecht, Gewerbemietrecht ,Gastronomierecht, Immobilienrecht, Schadensersatz Yachtrecht\",\"inLanguage\":\"es\",\"potentialAction\":[{\"@type\":\"ReadAction\",\"target\":[\"https:\\\/\\\/www.kanzlei-steinwachs.de\\\/es\\\/dulces-bau\\\/\"]}]},{\"@type\":\"WebSite\",\"@id\":\"https:\\\/\\\/www.kanzlei-steinwachs.de\\\/es\\\/#website\",\"url\":\"https:\\\/\\\/www.kanzlei-steinwachs.de\\\/es\\\/\",\"name\":\"Rechtsanwaltskanzlei Anwalt Hamburg Berlin Bremen Hannover L\u00fcbeck\",\"description\":\"Wir leisten mehr als Recht bietet\",\"publisher\":{\"@id\":\"https:\\\/\\\/www.kanzlei-steinwachs.de\\\/es\\\/#organization\"},\"potentialAction\":[{\"@type\":\"SearchAction\",\"target\":{\"@type\":\"EntryPoint\",\"urlTemplate\":\"https:\\\/\\\/www.kanzlei-steinwachs.de\\\/es\\\/?s={search_term_string}\"},\"query-input\":{\"@type\":\"PropertyValueSpecification\",\"valueRequired\":true,\"valueName\":\"search_term_string\"}}],\"inLanguage\":\"es\"},{\"@type\":[\"Organization\",\"Place\"],\"@id\":\"https:\\\/\\\/www.kanzlei-steinwachs.de\\\/es\\\/#organization\",\"name\":\"Rechtsanwaltskanzlei Anwalt Hamburg Berlin Bremen Hannover L\u00fcbeck\",\"url\":\"https:\\\/\\\/www.kanzlei-steinwachs.de\\\/\",\"logo\":{\"@type\":\"ImageObject\",\"inLanguage\":\"es\",\"@id\":\"https:\\\/\\\/www.kanzlei-steinwachs.de\\\/es\\\/#\\\/schema\\\/logo\\\/image\\\/\",\"url\":\"https:\\\/\\\/i0.wp.com\\\/www.kanzlei-steinwachs.de\\\/wp-content\\\/uploads\\\/2023\\\/12\\\/logo.webp?fit=174%2C76&quality=80&ssl=1\",\"contentUrl\":\"https:\\\/\\\/i0.wp.com\\\/www.kanzlei-steinwachs.de\\\/wp-content\\\/uploads\\\/2023\\\/12\\\/logo.webp?fit=174%2C76&quality=80&ssl=1\",\"width\":174,\"height\":76,\"caption\":\"Rechtsanwaltskanzlei Anwalt Hamburg Berlin Bremen Hannover L\u00fcbeck\"},\"image\":{\"@id\":\"https:\\\/\\\/www.kanzlei-steinwachs.de\\\/es\\\/#\\\/schema\\\/logo\\\/image\\\/\"},\"sameAs\":[\"https:\\\/\\\/www.facebook.com\\\/STEINWACHSRechtsanwaltskanzlei\\\/\",\"https:\\\/\\\/x.com\\\/rasteinwachs\",\"https:\\\/\\\/www.instagram.com\\\/steinwachs_rechtsanwaelte\\\/\",\"https:\\\/\\\/www.linkedin.com\\\/in\\\/stephan-steinwachs-7a270197\\\/\",\"https:\\\/\\\/www.youtube.com\\\/channel\\\/UCffmodDlQx81remXm395RWA\"],\"telephone\":[]}]}<\/script>\n<!-- \/ Yoast SEO Premium plugin. -->","yoast_head_json":{"title":"Rechtsanwaltskanzlei in Hamburg Berlin Bremen Hannover L\u00fcbeck","description":"Rechtsanwaltskanzlei f\u00fcr Arbeitsrecht, Arzthaftung, Mietrecht, Gewerbemietrecht ,Gastronomierecht, Immobilienrecht, Schadensersatz Yachtrecht","robots":{"index":"index","follow":"follow","max-snippet":"max-snippet:-1","max-image-preview":"max-image-preview:large","max-video-preview":"max-video-preview:-1"},"canonical":"https:\/\/www.kanzlei-steinwachs.de\/es\/dulces-bau\/","og_locale":"es_ES","og_type":"article","og_title":"Rechtsanwaltskanzlei in Hamburg Berlin Bremen Hannover L\u00fcbeck","og_description":"Rechtsanwaltskanzlei f\u00fcr Arbeitsrecht, Arzthaftung, Mietrecht, Gewerbemietrecht ,Gastronomierecht, Immobilienrecht, Schadensersatz Yachtrecht","og_url":"https:\/\/www.kanzlei-steinwachs.de\/es\/dulces-bau\/","og_site_name":"Rechtsanwaltskanzlei Anwalt Hamburg Berlin Bremen Hannover L\u00fcbeck","article_publisher":"https:\/\/www.facebook.com\/STEINWACHSRechtsanwaltskanzlei\/","article_modified_time":"2023-11-23T05:41:44+00:00","twitter_card":"summary_large_image","twitter_site":"@rasteinwachs","twitter_misc":{"Tiempo de lectura":"9 minutos"},"schema":{"@context":"https:\/\/schema.org","@graph":[{"@type":"WebPage","@id":"https:\/\/www.kanzlei-steinwachs.de\/es\/dulces-bau\/","url":"https:\/\/www.kanzlei-steinwachs.de\/es\/dulces-bau\/","name":"Rechtsanwaltskanzlei in Hamburg Berlin Bremen Hannover L\u00fcbeck","isPartOf":{"@id":"https:\/\/www.kanzlei-steinwachs.de\/es\/#website"},"datePublished":"2023-11-21T04:20:37+00:00","dateModified":"2023-11-23T05:41:44+00:00","description":"Rechtsanwaltskanzlei f\u00fcr Arbeitsrecht, Arzthaftung, Mietrecht, Gewerbemietrecht ,Gastronomierecht, Immobilienrecht, Schadensersatz Yachtrecht","inLanguage":"es","potentialAction":[{"@type":"ReadAction","target":["https:\/\/www.kanzlei-steinwachs.de\/es\/dulces-bau\/"]}]},{"@type":"WebSite","@id":"https:\/\/www.kanzlei-steinwachs.de\/es\/#website","url":"https:\/\/www.kanzlei-steinwachs.de\/es\/","name":"Rechtsanwaltskanzlei Anwalt Hamburg Berlin Bremen Hannover L\u00fcbeck","description":"Wir leisten mehr als Recht bietet","publisher":{"@id":"https:\/\/www.kanzlei-steinwachs.de\/es\/#organization"},"potentialAction":[{"@type":"SearchAction","target":{"@type":"EntryPoint","urlTemplate":"https:\/\/www.kanzlei-steinwachs.de\/es\/?s={search_term_string}"},"query-input":{"@type":"PropertyValueSpecification","valueRequired":true,"valueName":"search_term_string"}}],"inLanguage":"es"},{"@type":["Organization","Place"],"@id":"https:\/\/www.kanzlei-steinwachs.de\/es\/#organization","name":"Rechtsanwaltskanzlei Anwalt Hamburg Berlin Bremen Hannover L\u00fcbeck","url":"https:\/\/www.kanzlei-steinwachs.de\/","logo":{"@type":"ImageObject","inLanguage":"es","@id":"https:\/\/www.kanzlei-steinwachs.de\/es\/#\/schema\/logo\/image\/","url":"https:\/\/i0.wp.com\/www.kanzlei-steinwachs.de\/wp-content\/uploads\/2023\/12\/logo.webp?fit=174%2C76&quality=80&ssl=1","contentUrl":"https:\/\/i0.wp.com\/www.kanzlei-steinwachs.de\/wp-content\/uploads\/2023\/12\/logo.webp?fit=174%2C76&quality=80&ssl=1","width":174,"height":76,"caption":"Rechtsanwaltskanzlei Anwalt Hamburg Berlin Bremen Hannover L\u00fcbeck"},"image":{"@id":"https:\/\/www.kanzlei-steinwachs.de\/es\/#\/schema\/logo\/image\/"},"sameAs":["https:\/\/www.facebook.com\/STEINWACHSRechtsanwaltskanzlei\/","https:\/\/x.com\/rasteinwachs","https:\/\/www.instagram.com\/steinwachs_rechtsanwaelte\/","https:\/\/www.linkedin.com\/in\/stephan-steinwachs-7a270197\/","https:\/\/www.youtube.com\/channel\/UCffmodDlQx81remXm395RWA"],"telephone":[]}]}},"jetpack_sharing_enabled":true,"_links":{"self":[{"href":"https:\/\/www.kanzlei-steinwachs.de\/es\/wp-json\/wp\/v2\/pages\/12230","targetHints":{"allow":["GET"]}}],"collection":[{"href":"https:\/\/www.kanzlei-steinwachs.de\/es\/wp-json\/wp\/v2\/pages"}],"about":[{"href":"https:\/\/www.kanzlei-steinwachs.de\/es\/wp-json\/wp\/v2\/types\/page"}],"author":[{"embeddable":true,"href":"https:\/\/www.kanzlei-steinwachs.de\/es\/wp-json\/wp\/v2\/users\/1"}],"replies":[{"embeddable":true,"href":"https:\/\/www.kanzlei-steinwachs.de\/es\/wp-json\/wp\/v2\/comments?post=12230"}],"version-history":[{"count":0,"href":"https:\/\/www.kanzlei-steinwachs.de\/es\/wp-json\/wp\/v2\/pages\/12230\/revisions"}],"wp:attachment":[{"href":"https:\/\/www.kanzlei-steinwachs.de\/es\/wp-json\/wp\/v2\/media?parent=12230"}],"curies":[{"name":"wp","href":"https:\/\/api.w.org\/{rel}","templated":true}]}}