{"id":12161,"date":"2023-11-21T05:18:49","date_gmt":"2023-11-21T04:18:49","guid":{"rendered":"https:\/\/www.kanzlei-steinwachs.de\/prueba\/"},"modified":"2023-11-22T13:04:27","modified_gmt":"2023-11-22T12:04:27","slug":"prueba","status":"publish","type":"page","link":"https:\/\/www.kanzlei-steinwachs.de\/es\/prueba\/","title":{"rendered":"Prueba"},"content":{"rendered":"<div class=\"wpb-content-wrapper\"><p>[vc_row triangle_shape=\u00bbno\u00bb css=\u00bb.vc_custom_1700540398489{margin-bottom: 50px !important;}\u00bb][vc_column][vc_column_text]Con sedes principales en <a title=\"Bufete de abogados cera de piedra Hamburgo\" href=\"https:\/\/www.kanzlei-steinwachs.de\/kontakt\/hamburg\" target=\"_self\" rel=\"noopener\"><strong>Hamburgo (Rotherbaum)<\/strong><\/a><strong>,<\/strong> <a title=\"Bufete de abogados cera de piedra Berl\u00edn\" href=\"https:\/\/www.kanzlei-steinwachs.de\/kontakt\/berlin\" target=\"_self\" rel=\"noopener\"><strong>Berl\u00edn (Mitte)<\/strong><\/a> y <strong>Bremen (Schwachhausen)<\/strong>, el despacho de abogados STEINWACHS ofrece asesoramiento y representaci\u00f3n profesional en todos los \u00e1mbitos del derecho a nivel nacional.<\/p>\n<p>La gama de servicios ofrecidos por el despacho de abogados STEINWACHS incluye en particular los siguientes \u00e1mbitos:<\/p>\n<p><strong><a title=\"Ley de protecci\u00f3n al inversor\" href=\"https:\/\/www.kanzlei-steinwachs.de\/rechtsanwalt-anlegerschutzrecht-hamburg-berlin\" target=\"_self\" rel=\"noopener\">Derecho de protecci\u00f3n de inversores<\/a> \u22c5 <a title=\"Ley de Empleo\" href=\"https:\/\/www.kanzlei-steinwachs.de\/rechtsanwalt-arbeitsrecht-hamburg-berlin\" target=\"_blank\" rel=\"noopener\">Derecho laboral<\/a> \u22c5 <a title=\"ley de gastronom\u00eda\" href=\"https:\/\/www.kanzlei-steinwachs.de\/rechtsanwalt-gastronomierecht-hamburg-berlin\" target=\"_self\" rel=\"noopener\">Derecho de restauraci\u00f3n<\/a> \u22c5 <a title=\"ley de arrendamiento\" href=\"https:\/\/www.kanzlei-steinwachs.de\/rechtsanwalt-mietrecht-hamburg-berlin\" target=\"_self\" rel=\"noopener\">Derecho de arrendamiento<\/a> \u22c5 <a title=\"Unternehmensrecht\" href=\"https:\/\/www.kanzlei-steinwachs.de\/rechtsanwalt-unternehmensrecht-hamburg-berlin\" target=\"_blank\" rel=\"noopener\">Derecho de sociedades<\/a> \u22c5 <a title=\"Ley de Tr\u00e1fico\" href=\"https:\/\/www.kanzlei-steinwachs.de\/rechtsanwalt-verkehrsrecht-hamburg-berlin\">Derecho de tr\u00e1fico<\/a> \u22c5 <a title=\"ley de arrendamiento comercial\" href=\"https:\/\/www.kanzlei-steinwachs.de\/gewerbemietrecht\" target=\"_blank\" rel=\"noopener\">Derecho de arrendamiento comercial<\/a> \u22c5 <a title=\"Ley familiar\" href=\"https:\/\/www.kanzlei-steinwachs.de\/rechtsanwalt-familienrecht-hamburg-berlin\">Derecho de familia<\/a> \u22c5 <a title=\"Derecho inmobiliario Hamburgo Berl\u00edn\" href=\"https:\/\/www.kanzlei-steinwachs.de\/rechtsanwalt-immobilienrecht-hamburg-berlin\" target=\"_self\" rel=\"noopener\">Derecho inmobiliario<\/a> \u22c5 <a title=\"Ley de construcci\u00f3n\" href=\"https:\/\/www.kanzlei-steinwachs.de\/rechtsanwalt-baurecht-hamburg-berlin\" target=\"_blank\" rel=\"noopener\">Derecho de construcci\u00f3n<\/a> \u22c5 <a title=\"Versteigerungsrecht\" href=\"https:\/\/www.kanzlei-steinwachs.de\/versteigerungsrecht\" target=\"_blank\" rel=\"noopener\">Derecho de subastas<\/a> \u22c5 <a title=\"Ley comercial\" href=\"https:\/\/www.kanzlei-steinwachs.de\/rechtsanwalt-handelrecht-hamburg-berlin\" target=\"_blank\" rel=\"noopener\">Derecho mercantil<\/a> \u22c5 <a title=\"Moda deportiva\" href=\"https:\/\/www.kanzlei-steinwachs.de\/leistungen\/mediensportfashion\">Medios de comunicaci\u00f3n\/deportes\/moda<\/a> \u22c5 <a title=\"Ley de viajes\" href=\"https:\/\/www.kanzlei-steinwachs.de\/rechtsanwalt-reiserecht-hamburg-berlin\" target=\"_blank\" rel=\"noopener\">Derecho de viajes<\/a> \u22c5 <a title=\"ley de herencia\" href=\"https:\/\/www.kanzlei-steinwachs.de\/rechtsanwalt-erbrecht-hamburg-berlin\" target=\"_blank\" rel=\"noopener\">Derecho de sucesiones<\/a><br \/>\n<a title=\"Ley de da\u00f1os\" href=\"https:\/\/www.kanzlei-steinwachs.de\/schadensersatzrecht\" target=\"_blank\" rel=\"noopener\">Ley de da\u00f1os<\/a> \u22c5 <a title=\"Transportrecht\" href=\"https:\/\/www.kanzlei-steinwachs.de\/transportrecht\" target=\"_blank\" rel=\"noopener\">Ley de transporte<\/a> \u22c5 <a title=\"Mediaci\u00f3n\" href=\"https:\/\/www.kanzlei-steinwachs.de\/mediation\">Mediaci\u00f3n<\/a><br \/>\n<\/strong><\/p>\n<p>Los abogados del bufete de abogados STEINWACHS tienen muchos a\u00f1os de experiencia en derecho administrativo, derecho social y derecho penal. Adem\u00e1s, los abogados del bufete de abogados STEINWACHS se han especializado en el asesoramiento de profesiones y grupos empresariales seleccionados. Al trabajar en \u00e1reas problem\u00e1ticas espec\u00edficas de los respectivos campos de trabajo, el bufete de abogados puede desarrollar conceptos de asesoramiento integrales y, por lo tanto, ahorra a sus clientes el costoso y lento uso de diferentes abogados y\/o consultores. Dado que en muchos \u00e1mbitos jur\u00eddicos se recomienda una red interdisciplinaria para la tramitaci\u00f3n de mandatos orientada a soluciones, el despacho de abogados trabaja con abogados y especialistas de otros campos para asesorarle y representarle de forma jur\u00eddicamente segura, orientada a objetivos y exitosa. El asesoramiento del despacho de abogados se proporciona en alem\u00e1n, ingl\u00e9s, franc\u00e9s, espa\u00f1ol, ruso, polaco, b\u00falgaro y portugu\u00e9s (se proporcionar\u00e1 un int\u00e9rprete gratuito para otros idiomas previa solicitud). Si lo recomienda, un colega experto estar\u00e1 encantado de brindarle representaci\u00f3n en \u00e1reas legales no cubiertas por el bufete de abogados. Responsable del contenido del bufete de abogados STEINWACHS: Abogado Stephan Steinwachs (abogado Hamburgo Berl\u00edn)[\/vc_column_text][\/vc_column][\/vc_row]<\/p>\n<\/div>","protected":false},"excerpt":{"rendered":"<p>[vc_row triangle_shape=\u00bbno\u00bb css=\u00bb.vc_custom_1700540398489{margin-bottom: 50px !important;}\u00bb][vc_column][vc_column_text]Con sedes principales en Hamburgo (Rotherbaum), Berl\u00edn (Mitte) y Bremen (Schwachhausen), el despacho de abogados STEINWACHS ofrece asesoramiento y representaci\u00f3n profesional en todos los \u00e1mbitos del derecho a nivel nacional. La gama de servicios ofrecidos por el despacho de abogados STEINWACHS incluye en particular los siguientes \u00e1mbitos: Derecho de protecci\u00f3n de inversores \u22c5 Derecho laboral \u22c5 Derecho de restauraci\u00f3n \u22c5 Derecho de arrendamiento \u22c5 Derecho de sociedades \u22c5 Derecho de tr\u00e1fico \u22c5 Derecho de arrendamiento comercial \u22c5 Derecho de familia \u22c5 Derecho inmobiliario \u22c5 Derecho de construcci\u00f3n \u22c5 Derecho de subastas \u22c5 Derecho mercantil \u22c5 Medios&#8230;<\/p>\n","protected":false},"author":1,"featured_media":0,"parent":0,"menu_order":0,"comment_status":"closed","ping_status":"closed","template":"","meta":{"footnotes":""},"class_list":["post-12161","page","type-page","status-publish","hentry"],"yoast_head":"<!-- This site is optimized with the Yoast SEO Premium plugin v27.2 (Yoast SEO v27.4) - https:\/\/yoast.com\/product\/yoast-seo-premium-wordpress\/ -->\n<title>Rechtsanwaltskanzlei in Hamburg Berlin Bremen Hannover L\u00fcbeck<\/title>\n<meta name=\"description\" content=\"Rechtsanwaltskanzlei f\u00fcr Arbeitsrecht, Arzthaftung, Mietrecht, Gewerbemietrecht ,Gastronomierecht, Immobilienrecht, Schadensersatz Yachtrecht\" \/>\n<meta name=\"robots\" content=\"index, follow, max-snippet:-1, max-image-preview:large, max-video-preview:-1\" \/>\n<link rel=\"canonical\" href=\"https:\/\/www.kanzlei-steinwachs.de\/es\/prueba\/\" \/>\n<meta property=\"og:locale\" content=\"es_ES\" \/>\n<meta property=\"og:type\" content=\"article\" \/>\n<meta property=\"og:title\" content=\"Rechtsanwaltskanzlei in Hamburg Berlin Bremen Hannover L\u00fcbeck\" \/>\n<meta property=\"og:description\" content=\"Rechtsanwaltskanzlei f\u00fcr Arbeitsrecht, Arzthaftung, Mietrecht, Gewerbemietrecht ,Gastronomierecht, Immobilienrecht, Schadensersatz Yachtrecht\" \/>\n<meta property=\"og:url\" content=\"https:\/\/www.kanzlei-steinwachs.de\/es\/prueba\/\" \/>\n<meta property=\"og:site_name\" content=\"Rechtsanwaltskanzlei Anwalt Hamburg Berlin Bremen Hannover L\u00fcbeck\" \/>\n<meta property=\"article:publisher\" content=\"https:\/\/www.facebook.com\/STEINWACHSRechtsanwaltskanzlei\/\" \/>\n<meta property=\"article:modified_time\" content=\"2023-11-22T12:04:27+00:00\" \/>\n<meta name=\"twitter:card\" content=\"summary_large_image\" \/>\n<meta name=\"twitter:site\" content=\"@rasteinwachs\" \/>\n<meta name=\"twitter:label1\" content=\"Tiempo de lectura\" \/>\n\t<meta name=\"twitter:data1\" content=\"2 minutos\" \/>\n<script type=\"application\/ld+json\" class=\"yoast-schema-graph\">{\"@context\":\"https:\\\/\\\/schema.org\",\"@graph\":[{\"@type\":\"WebPage\",\"@id\":\"https:\\\/\\\/www.kanzlei-steinwachs.de\\\/es\\\/prueba\\\/\",\"url\":\"https:\\\/\\\/www.kanzlei-steinwachs.de\\\/es\\\/prueba\\\/\",\"name\":\"Rechtsanwaltskanzlei in Hamburg Berlin Bremen Hannover L\u00fcbeck\",\"isPartOf\":{\"@id\":\"https:\\\/\\\/www.kanzlei-steinwachs.de\\\/es\\\/#website\"},\"datePublished\":\"2023-11-21T04:18:49+00:00\",\"dateModified\":\"2023-11-22T12:04:27+00:00\",\"description\":\"Rechtsanwaltskanzlei f\u00fcr Arbeitsrecht, Arzthaftung, Mietrecht, Gewerbemietrecht ,Gastronomierecht, Immobilienrecht, Schadensersatz Yachtrecht\",\"inLanguage\":\"es\",\"potentialAction\":[{\"@type\":\"ReadAction\",\"target\":[\"https:\\\/\\\/www.kanzlei-steinwachs.de\\\/es\\\/prueba\\\/\"]}]},{\"@type\":\"WebSite\",\"@id\":\"https:\\\/\\\/www.kanzlei-steinwachs.de\\\/es\\\/#website\",\"url\":\"https:\\\/\\\/www.kanzlei-steinwachs.de\\\/es\\\/\",\"name\":\"Rechtsanwaltskanzlei Anwalt Hamburg Berlin Bremen Hannover L\u00fcbeck\",\"description\":\"Wir leisten mehr als Recht bietet\",\"publisher\":{\"@id\":\"https:\\\/\\\/www.kanzlei-steinwachs.de\\\/es\\\/#organization\"},\"potentialAction\":[{\"@type\":\"SearchAction\",\"target\":{\"@type\":\"EntryPoint\",\"urlTemplate\":\"https:\\\/\\\/www.kanzlei-steinwachs.de\\\/es\\\/?s={search_term_string}\"},\"query-input\":{\"@type\":\"PropertyValueSpecification\",\"valueRequired\":true,\"valueName\":\"search_term_string\"}}],\"inLanguage\":\"es\"},{\"@type\":[\"Organization\",\"Place\"],\"@id\":\"https:\\\/\\\/www.kanzlei-steinwachs.de\\\/es\\\/#organization\",\"name\":\"Rechtsanwaltskanzlei Anwalt Hamburg Berlin Bremen Hannover L\u00fcbeck\",\"url\":\"https:\\\/\\\/www.kanzlei-steinwachs.de\\\/\",\"logo\":{\"@type\":\"ImageObject\",\"inLanguage\":\"es\",\"@id\":\"https:\\\/\\\/www.kanzlei-steinwachs.de\\\/es\\\/#\\\/schema\\\/logo\\\/image\\\/\",\"url\":\"https:\\\/\\\/i0.wp.com\\\/www.kanzlei-steinwachs.de\\\/wp-content\\\/uploads\\\/2023\\\/12\\\/logo.webp?fit=174%2C76&quality=80&ssl=1\",\"contentUrl\":\"https:\\\/\\\/i0.wp.com\\\/www.kanzlei-steinwachs.de\\\/wp-content\\\/uploads\\\/2023\\\/12\\\/logo.webp?fit=174%2C76&quality=80&ssl=1\",\"width\":174,\"height\":76,\"caption\":\"Rechtsanwaltskanzlei Anwalt Hamburg Berlin Bremen Hannover L\u00fcbeck\"},\"image\":{\"@id\":\"https:\\\/\\\/www.kanzlei-steinwachs.de\\\/es\\\/#\\\/schema\\\/logo\\\/image\\\/\"},\"sameAs\":[\"https:\\\/\\\/www.facebook.com\\\/STEINWACHSRechtsanwaltskanzlei\\\/\",\"https:\\\/\\\/x.com\\\/rasteinwachs\",\"https:\\\/\\\/www.instagram.com\\\/steinwachs_rechtsanwaelte\\\/\",\"https:\\\/\\\/www.linkedin.com\\\/in\\\/stephan-steinwachs-7a270197\\\/\",\"https:\\\/\\\/www.youtube.com\\\/channel\\\/UCffmodDlQx81remXm395RWA\"],\"telephone\":[]}]}<\/script>\n<!-- \/ Yoast SEO Premium plugin. -->","yoast_head_json":{"title":"Rechtsanwaltskanzlei in Hamburg Berlin Bremen Hannover L\u00fcbeck","description":"Rechtsanwaltskanzlei f\u00fcr Arbeitsrecht, Arzthaftung, Mietrecht, Gewerbemietrecht ,Gastronomierecht, Immobilienrecht, Schadensersatz Yachtrecht","robots":{"index":"index","follow":"follow","max-snippet":"max-snippet:-1","max-image-preview":"max-image-preview:large","max-video-preview":"max-video-preview:-1"},"canonical":"https:\/\/www.kanzlei-steinwachs.de\/es\/prueba\/","og_locale":"es_ES","og_type":"article","og_title":"Rechtsanwaltskanzlei in Hamburg Berlin Bremen Hannover L\u00fcbeck","og_description":"Rechtsanwaltskanzlei f\u00fcr Arbeitsrecht, Arzthaftung, Mietrecht, Gewerbemietrecht ,Gastronomierecht, Immobilienrecht, Schadensersatz Yachtrecht","og_url":"https:\/\/www.kanzlei-steinwachs.de\/es\/prueba\/","og_site_name":"Rechtsanwaltskanzlei Anwalt Hamburg Berlin Bremen Hannover L\u00fcbeck","article_publisher":"https:\/\/www.facebook.com\/STEINWACHSRechtsanwaltskanzlei\/","article_modified_time":"2023-11-22T12:04:27+00:00","twitter_card":"summary_large_image","twitter_site":"@rasteinwachs","twitter_misc":{"Tiempo de lectura":"2 minutos"},"schema":{"@context":"https:\/\/schema.org","@graph":[{"@type":"WebPage","@id":"https:\/\/www.kanzlei-steinwachs.de\/es\/prueba\/","url":"https:\/\/www.kanzlei-steinwachs.de\/es\/prueba\/","name":"Rechtsanwaltskanzlei in Hamburg Berlin Bremen Hannover L\u00fcbeck","isPartOf":{"@id":"https:\/\/www.kanzlei-steinwachs.de\/es\/#website"},"datePublished":"2023-11-21T04:18:49+00:00","dateModified":"2023-11-22T12:04:27+00:00","description":"Rechtsanwaltskanzlei f\u00fcr Arbeitsrecht, Arzthaftung, Mietrecht, Gewerbemietrecht ,Gastronomierecht, Immobilienrecht, Schadensersatz Yachtrecht","inLanguage":"es","potentialAction":[{"@type":"ReadAction","target":["https:\/\/www.kanzlei-steinwachs.de\/es\/prueba\/"]}]},{"@type":"WebSite","@id":"https:\/\/www.kanzlei-steinwachs.de\/es\/#website","url":"https:\/\/www.kanzlei-steinwachs.de\/es\/","name":"Rechtsanwaltskanzlei Anwalt Hamburg Berlin Bremen Hannover L\u00fcbeck","description":"Wir leisten mehr als Recht bietet","publisher":{"@id":"https:\/\/www.kanzlei-steinwachs.de\/es\/#organization"},"potentialAction":[{"@type":"SearchAction","target":{"@type":"EntryPoint","urlTemplate":"https:\/\/www.kanzlei-steinwachs.de\/es\/?s={search_term_string}"},"query-input":{"@type":"PropertyValueSpecification","valueRequired":true,"valueName":"search_term_string"}}],"inLanguage":"es"},{"@type":["Organization","Place"],"@id":"https:\/\/www.kanzlei-steinwachs.de\/es\/#organization","name":"Rechtsanwaltskanzlei Anwalt Hamburg Berlin Bremen Hannover L\u00fcbeck","url":"https:\/\/www.kanzlei-steinwachs.de\/","logo":{"@type":"ImageObject","inLanguage":"es","@id":"https:\/\/www.kanzlei-steinwachs.de\/es\/#\/schema\/logo\/image\/","url":"https:\/\/i0.wp.com\/www.kanzlei-steinwachs.de\/wp-content\/uploads\/2023\/12\/logo.webp?fit=174%2C76&quality=80&ssl=1","contentUrl":"https:\/\/i0.wp.com\/www.kanzlei-steinwachs.de\/wp-content\/uploads\/2023\/12\/logo.webp?fit=174%2C76&quality=80&ssl=1","width":174,"height":76,"caption":"Rechtsanwaltskanzlei Anwalt Hamburg Berlin Bremen Hannover L\u00fcbeck"},"image":{"@id":"https:\/\/www.kanzlei-steinwachs.de\/es\/#\/schema\/logo\/image\/"},"sameAs":["https:\/\/www.facebook.com\/STEINWACHSRechtsanwaltskanzlei\/","https:\/\/x.com\/rasteinwachs","https:\/\/www.instagram.com\/steinwachs_rechtsanwaelte\/","https:\/\/www.linkedin.com\/in\/stephan-steinwachs-7a270197\/","https:\/\/www.youtube.com\/channel\/UCffmodDlQx81remXm395RWA"],"telephone":[]}]}},"jetpack_sharing_enabled":true,"_links":{"self":[{"href":"https:\/\/www.kanzlei-steinwachs.de\/es\/wp-json\/wp\/v2\/pages\/12161","targetHints":{"allow":["GET"]}}],"collection":[{"href":"https:\/\/www.kanzlei-steinwachs.de\/es\/wp-json\/wp\/v2\/pages"}],"about":[{"href":"https:\/\/www.kanzlei-steinwachs.de\/es\/wp-json\/wp\/v2\/types\/page"}],"author":[{"embeddable":true,"href":"https:\/\/www.kanzlei-steinwachs.de\/es\/wp-json\/wp\/v2\/users\/1"}],"replies":[{"embeddable":true,"href":"https:\/\/www.kanzlei-steinwachs.de\/es\/wp-json\/wp\/v2\/comments?post=12161"}],"version-history":[{"count":0,"href":"https:\/\/www.kanzlei-steinwachs.de\/es\/wp-json\/wp\/v2\/pages\/12161\/revisions"}],"wp:attachment":[{"href":"https:\/\/www.kanzlei-steinwachs.de\/es\/wp-json\/wp\/v2\/media?parent=12161"}],"curies":[{"name":"wp","href":"https:\/\/api.w.org\/{rel}","templated":true}]}}