{"id":11571,"date":"2023-11-15T09:28:28","date_gmt":"2023-11-15T08:28:28","guid":{"rendered":"https:\/\/www.kanzlei-steinwachs.de\/ley-de-ejecucion-hipotecaria\/"},"modified":"2023-11-21T07:18:17","modified_gmt":"2023-11-21T06:18:17","slug":"ley-de-ejecucion-hipotecaria","status":"publish","type":"page","link":"https:\/\/www.kanzlei-steinwachs.de\/es\/ley-de-ejecucion-hipotecaria\/","title":{"rendered":"ley de ejecuci\u00f3n hipotecaria"},"content":{"rendered":"<div class=\"wpb-content-wrapper\"><p>[vc_row content_width=\u00bbgrid\u00bb content_aligment=\u00bbcenter\u00bb triangle_shape=\u00bbno\u00bb css=\u00bb.vc_custom_1696926719838{padding-bottom: 10px !important;background-position: center !important;background-repeat: no-repeat !important;background-size: cover !important;}\u00bb][vc_column]<div class=\"mkd-separator-holder clearfix  mkd-separator-center mkd-separator-with-icon mkd-animate\" style=\"margin-top: 20px; margin-bottom: 30px\">\n\t<div class=\"mkd-separator\" style=\"border-color: #c18f59;border-style: solid;width: 97.5px\"><\/div>\n\t\t<div class=\"mkd-separator-icon\">\n\t\t\t                    \t\t\t\t\t\t<\/div>\n\t<div class=\"mkd-separator\" style=\"border-color: #c18f59;border-style: solid;width: 97.5px\"><\/div>\n<\/div>\n[\/vc_column][\/vc_row][vc_row triangle_shape=\u00bbno\u00bb][vc_column][vc_column_text css=\u00bb.vc_custom_1700478770647{margin-bottom: 0px !important;padding-top: 20px !important;padding-bottom: 1px !important;}\u00bb]La ley de ejecuci\u00f3n obligatoria se ocupa de la ejecuci\u00f3n obligatoria de reclamaciones de derecho p\u00fablico o privado por parte del poder estatal.<\/p>\n<div id=\"gtx-trans\" style=\"position: absolute; left: 91px; top: 113px;\">\n<div class=\"gtx-trans-icon\"><\/div>\n<\/div>\n<p>[\/vc_column_text][vc_column_text css=\u00bb.vc_custom_1700478793566{padding-top: 10px !important;}\u00bb]S\u00f3lo el Estado es responsable de utilizar la fuerza para hacer cumplir reclamaciones privadas. La justicia por mano propia s\u00f3lo se permite dentro de l\u00edmites estrechos (por ejemplo, art\u00edculo 229 del BGB). En el Derecho privado, la ejecuci\u00f3n obligatoria se realiza sobre la base de un t\u00edtulo ejecutivo. El acreedor obtiene esto mediante la ley de ejecuci\u00f3n obligatoria, por ejemplo, presentando una demanda ante el tribunal y obteniendo una sentencia firme jur\u00eddicamente vinculante (art\u00edculo 704 ZPO). Sin embargo, en el derecho de ejecuci\u00f3n obligatoria tambi\u00e9n existen otros t\u00edtulos con fuerza ejecutiva, como por ejemplo la carta de ejecuci\u00f3n o un documento notarial; una lista de los t\u00edtulos con fuerza ejecutiva se encuentra en el art\u00edculo 794 ZPO.[\/vc_column_text][vc_column_text css=\u00bb.vc_custom_1700478799390{padding-top: 10px !important;}\u00bb]La forma m\u00e1s com\u00fan en el derecho privado de aplicaci\u00f3n de la ley es la ejecuci\u00f3n mediante reclamaciones monetarias. La ejecuci\u00f3n por cr\u00e9ditos pecuniarios puede realizarse contra bienes muebles (art\u00edculos 803 y siguientes del ZPO) o inmuebles (art\u00edculos 864 y siguientes del ZPO) del deudor judicial. En la ley de ejecuci\u00f3n obligatoria, el responsable puede ser el alguacil, el tribunal de ejecuci\u00f3n o el tribunal de primera instancia. Sin embargo, la ejecuci\u00f3n del derecho privado tambi\u00e9n puede realizarse, por ejemplo, para ejecutar una acci\u00f3n\/omisi\u00f3n del deudor (art\u00edculos 883 y siguientes del ZPO).[\/vc_column_text][\/vc_column][\/vc_row][vc_row triangle_shape=\u00bbno\u00bb css=\u00bb.vc_custom_1695985900053{padding-top: 30px !important;}\u00bb][vc_column][vc_row_inner css=\u00bb.vc_custom_1697455935676{padding-bottom: 10px !important;}\u00bb][vc_column_inner width=\u00bb1\/2&#8243;]\n<h2 class=\"mkd-custom-font-holder\" style=\"font-size: 20px;line-height: 30px;font-weight: 700\" data-font-size= 20 data-line-height= 30>\n\tZu den wesentlichen Themen im privatrechtlichen Zwangsvollstreckungsrecht geh\u00f6ren unter anderem:<\/h2>[vc_empty_space]<div class=\"mkd-unordered-list \" ><ul>\n<li>Convulsi\u00f3n<\/li>\n<li>Embargo y enredo<\/li>\n<li>L\u00edmites de exenci\u00f3n de incautaciones<\/li>\n<li>Juicio hipotecario<\/li>\n<li>Decisi\u00f3n de transferencia<\/li>\n<li>Orden judicial provisional\/arresto provisional<\/li>\n<li>Recursos legales contra la ejecuci\u00f3n obligatoria (por ejemplo, acci\u00f3n de objeci\u00f3n de terceros, recordatorio o reconvenci\u00f3n de ejecuci\u00f3n)<\/li>\n<\/ul>\n<\/div>[\/vc_column_inner][vc_column_inner width=\u00bb1\/2&#8243;][vc_single_image image=\u00bb1425&#8243; img_size=\u00bbfull\u00bb][\/vc_column_inner][\/vc_row_inner][\/vc_column][\/vc_row][vc_row triangle_shape=\u00bbno\u00bb css=\u00bb.vc_custom_1697455870159{padding-bottom: 50px !important;}\u00bb][vc_column][vc_column_text css=\u00bb.vc_custom_1700478858253{padding-top: 10px !important;}\u00bb]El derecho de ejecuci\u00f3n privada se regula principalmente en el libro 8 de la ZPO. A nivel de la UE, el Reglamento Bruselas I (CE) n\u00ba 44\/2001 debe observarse, en particular, en la legislaci\u00f3n sobre aplicaci\u00f3n de la ley.<\/p>\n<p>[\/vc_column_text][vc_column_text css=\u00bb.vc_custom_1700478876709{padding-top: 10px !important;}\u00bb]En el derecho p\u00fablico de ejecuci\u00f3n, la ejecuci\u00f3n suele realizarse sobre la base de un acto administrativo a modo de t\u00edtulo. A diferencia de la mayor\u00eda de las leyes de ejecuci\u00f3n privadas, la autoridad no necesita llevar a cabo ning\u00fan procedimiento de descubrimiento. La ley de ejecuci\u00f3n p\u00fablica se regula en particular en la Ley Federal de Ejecuci\u00f3n Administrativa (VwVG) o en los respectivos estados federados (p. ej. HmbVwVG, VwVG NRW).<\/p>\n<p>[\/vc_column_text][vc_column_text css=\u00bb.vc_custom_1700478888966{padding-top: 10px !important;}\u00bb]En las p\u00e1ginas siguientes intentaremos proporcionarle la mayor cantidad de informaci\u00f3n posible sobre los principios b\u00e1sicos de la ley de ejecuci\u00f3n obligatoria.[\/vc_column_text][vc_column_text css=\u00bb.vc_custom_1700478900021{padding-top: 10px !important;}\u00bb]Tambi\u00e9n recomendamos las siguientes p\u00e1ginas sobre el tema de la legislaci\u00f3n de ejecuci\u00f3n obligatoria:<\/p>\n<p>[\/vc_column_text][\/vc_column][\/vc_row]<\/p>\n<\/div>","protected":false},"excerpt":{"rendered":"<p>[vc_row content_width=\u00bbgrid\u00bb content_aligment=\u00bbcenter\u00bb triangle_shape=\u00bbno\u00bb css=\u00bb.vc_custom_1696926719838{padding-bottom: 10px !important;background-position: center !important;background-repeat: no-repeat !important;background-size: cover !important;}\u00bb][vc_column][\/vc_column][\/vc_row][vc_row triangle_shape=\u00bbno\u00bb][vc_column][vc_column_text css=\u00bb.vc_custom_1700478770647{margin-bottom: 0px !important;padding-top: 20px !important;padding-bottom: 1px !important;}\u00bb]La ley de ejecuci\u00f3n obligatoria se ocupa de la ejecuci\u00f3n obligatoria de reclamaciones de derecho p\u00fablico o privado por parte del poder estatal. [\/vc_column_text][vc_column_text css=\u00bb.vc_custom_1700478793566{padding-top: 10px !important;}\u00bb]S\u00f3lo el Estado es responsable de utilizar la fuerza para hacer cumplir reclamaciones privadas. La justicia por mano propia s\u00f3lo se permite dentro de l\u00edmites estrechos (por ejemplo, art\u00edculo 229 del BGB). En el Derecho privado, la ejecuci\u00f3n obligatoria se realiza sobre la base de un t\u00edtulo ejecutivo. El acreedor obtiene esto mediante la&#8230;<\/p>\n","protected":false},"author":1,"featured_media":0,"parent":0,"menu_order":0,"comment_status":"closed","ping_status":"closed","template":"","meta":{"footnotes":""},"class_list":["post-11571","page","type-page","status-publish","hentry"],"yoast_head":"<!-- This site is optimized with the Yoast SEO Premium plugin v27.2 (Yoast SEO v27.3) - https:\/\/yoast.com\/product\/yoast-seo-premium-wordpress\/ -->\n<title>Rechtsanwaltskanzlei in Hamburg Berlin Bremen Hannover L\u00fcbeck<\/title>\n<meta name=\"description\" content=\"Rechtsanwaltskanzlei f\u00fcr Arbeitsrecht, Arzthaftung, Mietrecht, Gewerbemietrecht ,Gastronomierecht, Immobilienrecht, Schadensersatz Yachtrecht\" \/>\n<meta name=\"robots\" content=\"index, follow, max-snippet:-1, max-image-preview:large, max-video-preview:-1\" \/>\n<link rel=\"canonical\" href=\"https:\/\/www.kanzlei-steinwachs.de\/es\/ley-de-ejecucion-hipotecaria\/\" \/>\n<meta property=\"og:locale\" content=\"es_ES\" \/>\n<meta property=\"og:type\" content=\"article\" \/>\n<meta property=\"og:title\" content=\"Rechtsanwaltskanzlei in Hamburg Berlin Bremen Hannover L\u00fcbeck\" \/>\n<meta property=\"og:description\" content=\"Rechtsanwaltskanzlei f\u00fcr Arbeitsrecht, Arzthaftung, Mietrecht, Gewerbemietrecht ,Gastronomierecht, Immobilienrecht, Schadensersatz Yachtrecht\" \/>\n<meta property=\"og:url\" content=\"https:\/\/www.kanzlei-steinwachs.de\/es\/ley-de-ejecucion-hipotecaria\/\" \/>\n<meta property=\"og:site_name\" content=\"Rechtsanwaltskanzlei Anwalt Hamburg Berlin Bremen Hannover L\u00fcbeck\" \/>\n<meta property=\"article:publisher\" content=\"https:\/\/www.facebook.com\/STEINWACHSRechtsanwaltskanzlei\/\" \/>\n<meta property=\"article:modified_time\" content=\"2023-11-21T06:18:17+00:00\" \/>\n<meta name=\"twitter:card\" content=\"summary_large_image\" \/>\n<meta name=\"twitter:site\" content=\"@rasteinwachs\" \/>\n<meta name=\"twitter:label1\" content=\"Tiempo de lectura\" \/>\n\t<meta name=\"twitter:data1\" content=\"4 minutos\" \/>\n<script type=\"application\/ld+json\" class=\"yoast-schema-graph\">{\"@context\":\"https:\\\/\\\/schema.org\",\"@graph\":[{\"@type\":\"WebPage\",\"@id\":\"https:\\\/\\\/www.kanzlei-steinwachs.de\\\/es\\\/ley-de-ejecucion-hipotecaria\\\/\",\"url\":\"https:\\\/\\\/www.kanzlei-steinwachs.de\\\/es\\\/ley-de-ejecucion-hipotecaria\\\/\",\"name\":\"Rechtsanwaltskanzlei in Hamburg Berlin Bremen Hannover L\u00fcbeck\",\"isPartOf\":{\"@id\":\"https:\\\/\\\/www.kanzlei-steinwachs.de\\\/es\\\/#website\"},\"datePublished\":\"2023-11-15T08:28:28+00:00\",\"dateModified\":\"2023-11-21T06:18:17+00:00\",\"description\":\"Rechtsanwaltskanzlei f\u00fcr Arbeitsrecht, Arzthaftung, Mietrecht, Gewerbemietrecht ,Gastronomierecht, Immobilienrecht, Schadensersatz Yachtrecht\",\"inLanguage\":\"es\",\"potentialAction\":[{\"@type\":\"ReadAction\",\"target\":[\"https:\\\/\\\/www.kanzlei-steinwachs.de\\\/es\\\/ley-de-ejecucion-hipotecaria\\\/\"]}]},{\"@type\":\"WebSite\",\"@id\":\"https:\\\/\\\/www.kanzlei-steinwachs.de\\\/es\\\/#website\",\"url\":\"https:\\\/\\\/www.kanzlei-steinwachs.de\\\/es\\\/\",\"name\":\"Rechtsanwaltskanzlei Anwalt Hamburg Berlin Bremen Hannover L\u00fcbeck\",\"description\":\"Wir leisten mehr als Recht bietet\",\"publisher\":{\"@id\":\"https:\\\/\\\/www.kanzlei-steinwachs.de\\\/es\\\/#organization\"},\"potentialAction\":[{\"@type\":\"SearchAction\",\"target\":{\"@type\":\"EntryPoint\",\"urlTemplate\":\"https:\\\/\\\/www.kanzlei-steinwachs.de\\\/es\\\/?s={search_term_string}\"},\"query-input\":{\"@type\":\"PropertyValueSpecification\",\"valueRequired\":true,\"valueName\":\"search_term_string\"}}],\"inLanguage\":\"es\"},{\"@type\":[\"Organization\",\"Place\"],\"@id\":\"https:\\\/\\\/www.kanzlei-steinwachs.de\\\/es\\\/#organization\",\"name\":\"Rechtsanwaltskanzlei Anwalt Hamburg Berlin Bremen Hannover L\u00fcbeck\",\"url\":\"https:\\\/\\\/www.kanzlei-steinwachs.de\\\/\",\"logo\":{\"@type\":\"ImageObject\",\"inLanguage\":\"es\",\"@id\":\"https:\\\/\\\/www.kanzlei-steinwachs.de\\\/es\\\/#\\\/schema\\\/logo\\\/image\\\/\",\"url\":\"https:\\\/\\\/i0.wp.com\\\/www.kanzlei-steinwachs.de\\\/wp-content\\\/uploads\\\/2023\\\/12\\\/logo.webp?fit=174%2C76&quality=80&ssl=1\",\"contentUrl\":\"https:\\\/\\\/i0.wp.com\\\/www.kanzlei-steinwachs.de\\\/wp-content\\\/uploads\\\/2023\\\/12\\\/logo.webp?fit=174%2C76&quality=80&ssl=1\",\"width\":174,\"height\":76,\"caption\":\"Rechtsanwaltskanzlei Anwalt Hamburg Berlin Bremen Hannover L\u00fcbeck\"},\"image\":{\"@id\":\"https:\\\/\\\/www.kanzlei-steinwachs.de\\\/es\\\/#\\\/schema\\\/logo\\\/image\\\/\"},\"sameAs\":[\"https:\\\/\\\/www.facebook.com\\\/STEINWACHSRechtsanwaltskanzlei\\\/\",\"https:\\\/\\\/x.com\\\/rasteinwachs\",\"https:\\\/\\\/www.instagram.com\\\/steinwachs_rechtsanwaelte\\\/\",\"https:\\\/\\\/www.linkedin.com\\\/in\\\/stephan-steinwachs-7a270197\\\/\",\"https:\\\/\\\/www.youtube.com\\\/channel\\\/UCffmodDlQx81remXm395RWA\"],\"telephone\":[]}]}<\/script>\n<!-- \/ Yoast SEO Premium plugin. -->","yoast_head_json":{"title":"Rechtsanwaltskanzlei in Hamburg Berlin Bremen Hannover L\u00fcbeck","description":"Rechtsanwaltskanzlei f\u00fcr Arbeitsrecht, Arzthaftung, Mietrecht, Gewerbemietrecht ,Gastronomierecht, Immobilienrecht, Schadensersatz Yachtrecht","robots":{"index":"index","follow":"follow","max-snippet":"max-snippet:-1","max-image-preview":"max-image-preview:large","max-video-preview":"max-video-preview:-1"},"canonical":"https:\/\/www.kanzlei-steinwachs.de\/es\/ley-de-ejecucion-hipotecaria\/","og_locale":"es_ES","og_type":"article","og_title":"Rechtsanwaltskanzlei in Hamburg Berlin Bremen Hannover L\u00fcbeck","og_description":"Rechtsanwaltskanzlei f\u00fcr Arbeitsrecht, Arzthaftung, Mietrecht, Gewerbemietrecht ,Gastronomierecht, Immobilienrecht, Schadensersatz Yachtrecht","og_url":"https:\/\/www.kanzlei-steinwachs.de\/es\/ley-de-ejecucion-hipotecaria\/","og_site_name":"Rechtsanwaltskanzlei Anwalt Hamburg Berlin Bremen Hannover L\u00fcbeck","article_publisher":"https:\/\/www.facebook.com\/STEINWACHSRechtsanwaltskanzlei\/","article_modified_time":"2023-11-21T06:18:17+00:00","twitter_card":"summary_large_image","twitter_site":"@rasteinwachs","twitter_misc":{"Tiempo de lectura":"4 minutos"},"schema":{"@context":"https:\/\/schema.org","@graph":[{"@type":"WebPage","@id":"https:\/\/www.kanzlei-steinwachs.de\/es\/ley-de-ejecucion-hipotecaria\/","url":"https:\/\/www.kanzlei-steinwachs.de\/es\/ley-de-ejecucion-hipotecaria\/","name":"Rechtsanwaltskanzlei in Hamburg Berlin Bremen Hannover L\u00fcbeck","isPartOf":{"@id":"https:\/\/www.kanzlei-steinwachs.de\/es\/#website"},"datePublished":"2023-11-15T08:28:28+00:00","dateModified":"2023-11-21T06:18:17+00:00","description":"Rechtsanwaltskanzlei f\u00fcr Arbeitsrecht, Arzthaftung, Mietrecht, Gewerbemietrecht ,Gastronomierecht, Immobilienrecht, Schadensersatz Yachtrecht","inLanguage":"es","potentialAction":[{"@type":"ReadAction","target":["https:\/\/www.kanzlei-steinwachs.de\/es\/ley-de-ejecucion-hipotecaria\/"]}]},{"@type":"WebSite","@id":"https:\/\/www.kanzlei-steinwachs.de\/es\/#website","url":"https:\/\/www.kanzlei-steinwachs.de\/es\/","name":"Rechtsanwaltskanzlei Anwalt Hamburg Berlin Bremen Hannover L\u00fcbeck","description":"Wir leisten mehr als Recht bietet","publisher":{"@id":"https:\/\/www.kanzlei-steinwachs.de\/es\/#organization"},"potentialAction":[{"@type":"SearchAction","target":{"@type":"EntryPoint","urlTemplate":"https:\/\/www.kanzlei-steinwachs.de\/es\/?s={search_term_string}"},"query-input":{"@type":"PropertyValueSpecification","valueRequired":true,"valueName":"search_term_string"}}],"inLanguage":"es"},{"@type":["Organization","Place"],"@id":"https:\/\/www.kanzlei-steinwachs.de\/es\/#organization","name":"Rechtsanwaltskanzlei Anwalt Hamburg Berlin Bremen Hannover L\u00fcbeck","url":"https:\/\/www.kanzlei-steinwachs.de\/","logo":{"@type":"ImageObject","inLanguage":"es","@id":"https:\/\/www.kanzlei-steinwachs.de\/es\/#\/schema\/logo\/image\/","url":"https:\/\/i0.wp.com\/www.kanzlei-steinwachs.de\/wp-content\/uploads\/2023\/12\/logo.webp?fit=174%2C76&quality=80&ssl=1","contentUrl":"https:\/\/i0.wp.com\/www.kanzlei-steinwachs.de\/wp-content\/uploads\/2023\/12\/logo.webp?fit=174%2C76&quality=80&ssl=1","width":174,"height":76,"caption":"Rechtsanwaltskanzlei Anwalt Hamburg Berlin Bremen Hannover L\u00fcbeck"},"image":{"@id":"https:\/\/www.kanzlei-steinwachs.de\/es\/#\/schema\/logo\/image\/"},"sameAs":["https:\/\/www.facebook.com\/STEINWACHSRechtsanwaltskanzlei\/","https:\/\/x.com\/rasteinwachs","https:\/\/www.instagram.com\/steinwachs_rechtsanwaelte\/","https:\/\/www.linkedin.com\/in\/stephan-steinwachs-7a270197\/","https:\/\/www.youtube.com\/channel\/UCffmodDlQx81remXm395RWA"],"telephone":[]}]}},"jetpack_sharing_enabled":true,"_links":{"self":[{"href":"https:\/\/www.kanzlei-steinwachs.de\/es\/wp-json\/wp\/v2\/pages\/11571","targetHints":{"allow":["GET"]}}],"collection":[{"href":"https:\/\/www.kanzlei-steinwachs.de\/es\/wp-json\/wp\/v2\/pages"}],"about":[{"href":"https:\/\/www.kanzlei-steinwachs.de\/es\/wp-json\/wp\/v2\/types\/page"}],"author":[{"embeddable":true,"href":"https:\/\/www.kanzlei-steinwachs.de\/es\/wp-json\/wp\/v2\/users\/1"}],"replies":[{"embeddable":true,"href":"https:\/\/www.kanzlei-steinwachs.de\/es\/wp-json\/wp\/v2\/comments?post=11571"}],"version-history":[{"count":0,"href":"https:\/\/www.kanzlei-steinwachs.de\/es\/wp-json\/wp\/v2\/pages\/11571\/revisions"}],"wp:attachment":[{"href":"https:\/\/www.kanzlei-steinwachs.de\/es\/wp-json\/wp\/v2\/media?parent=11571"}],"curies":[{"name":"wp","href":"https:\/\/api.w.org\/{rel}","templated":true}]}}